{"id":53202,"date":"2020-12-02T11:34:16","date_gmt":"2020-12-02T10:34:16","guid":{"rendered":"http:\/\/www.libraria-occitana.org\/product\/nadalons-chants-de-noel-chant-et-accompagnements-instrumentaux\/"},"modified":"2026-04-29T02:06:34","modified_gmt":"2026-04-29T00:06:34","slug":"nadalons-chants-de-noel-chant-et-accompagnements-instrumentaux","status":"publish","type":"product","link":"https:\/\/www.libraria-occitana.org\/en\/product\/nadalons-chants-de-noel-chant-et-accompagnements-instrumentaux\/","title":{"rendered":"Nadalons : Chants de No\u00ebl \u2013 Chant et accompagnements instrumentaux"},"content":{"rendered":"<p>Cet enregistrement est associ\u00e9 au livret <a href=\"http:\/\/www.libraria-occitana.org\/produit\/nadalons-chants-de-noel-en-langue-doc-doil\/\"><em>Nadalons<\/em><\/a>, dans lequel sont not\u00e9s les textes, leurs traductions et les partitions.<\/p>\n<p><strong>Titres :<\/strong><br \/>\n1. J&#8217;ai un p&#8217;tit voyage \u00e0 faire 2&#8217;46 Vielle baroque<br \/>\n2. Escotatz los angels 1&#8217;30 Instrumental &#8211; Vielle baroque<br \/>\n3. La velhada de l&#8217;Avent 2&#8217;34 Vielle baroque<br \/>\n4. Joseph mon cher fid\u00e8le 1&#8217;49 Vielle baroque<br \/>\n5. N&#8217;i a gaire qu&#8217;ai auvit 2&#8217;28 Vielle baroque<br \/>\n6. Dieu n&#8217;es davalat 2&#8217;08 Vielle baroque<br \/>\n7. Revelhatz-vos pastoreus 2&#8217;41 Vielle alto<br \/>\n8. Pastoreus levam-nos c\u00f2p-sec ! 1&#8217;55 Vielle alto<br \/>\n9. La terra es freja 1&#8217;39 Vielle alto<br \/>\n10. Un j\u00f2une pastre somelhava 2&#8217;28 Vielle alto<br \/>\n11. Ieu me sei levat 2&#8217;47 Vielle baroque<br \/>\n12. Qu&#8217;un qu&#8217;es que tusta aici-bas ? 3&#8217;04 Vielle baroque<br \/>\n13. L&#8217;autre jorn au Pueg d&#8217;Eschalas 4&#8217;27 Harmonium Alexandre P &amp; F<br \/>\n14. Oh ! Levez-vous beaux pastoureaux 1&#8217;29 Vielle alto<br \/>\n15. L&#8217;aubada 3&#8217;33 Vielle baroque<br \/>\n16. Venetz pastors, venetz auvir 2&#8217;20 Vielle alto<br \/>\n17. D&#8217;o\u00f9 viens-tu Berg\u00e8re ? 1&#8217;36 Vielle baroque<br \/>\n18. Cette nuit, J\u00e9sus est n\u00e9 1&#8217;44 Vielle baroque<br \/>\n19. Quau bruch fai dins lo ciau ? 1&#8217;47 Harmonium Baudet<br \/>\n20. Du ciel, \u00e2me fid\u00e8le 1&#8217;44 Vielle baroque<br \/>\n21. Anam auvir las aubadas 2&#8217;27 Vielle alto<br \/>\n22. Oh ! La bonne nouvelle 0&#8217;52 Vielle alto<br \/>\n23. Enfants de la campanha 1&#8217;49 Instrumental &#8211; Vielle baroque<\/p>\n<p>&#8211; <a href=\"http:\/\/www.libraria-occitana.org\/produit\/ensemble-nadalons-chants-de-noel-livret-cd\/\">Ensemble <em>Nadalons : Chants de No\u00ebl<\/em> (livret + CD)<\/a><br \/>\n&#8211; <a href=\"http:\/\/www.libraria-occitana.org\/produit\/nadalons-chants-de-noel-en-langue-doc-doil\/\">Le livret seul<\/a><\/p>\n","protected":false},"excerpt":{"rendered":"<p>Cet enregistrement est associ\u00e9 au livret Nadalons, dans lequel sont not\u00e9s les textes, leurs traductions et les partitions. Titres : 1. J&#8217;ai un p&#8217;tit voyage \u00e0 faire 2&#8217;46 Vielle baroque 2. Escotatz los angels 1&#8217;30 Instrumental &#8211; Vielle baroque 3. La velhada de l&#8217;Avent 2&#8217;34 Vielle baroque 4. Joseph mon cher fid\u00e8le 1&#8217;49 Vielle baroque [&hellip;]<\/p>\n","protected":false},"featured_media":53199,"template":"","meta":{"_acf_changed":false,"_genesis_hide_title":false,"_genesis_hide_breadcrumbs":false,"_genesis_hide_singular_image":false,"_genesis_hide_footer_widgets":false,"_genesis_custom_body_class":"","_genesis_custom_post_class":"","_genesis_layout":""},"product_brand":[],"product_cat":[7228,7216],"product_tag":[],"class_list":{"0":"post-53202","1":"product","2":"type-product","3":"status-publish","4":"has-post-thumbnail","6":"product_cat-modern-folk-en","7":"product_cat-music-en","8":"pa_auteur-peirat-olivier-en","9":"pa_editeur-coneissenca-en","10":"pa_langue-francais-en","11":"pa_langue-occitan-en","12":"pa_langue-occitan-lemosin-en","13":"entry","15":"first","16":"instock","17":"shipping-taxable","18":"purchasable","19":"product-type-simple"},"acf":[],"_links":{"self":[{"href":"https:\/\/www.libraria-occitana.org\/en\/wp-json\/wp\/v2\/product\/53202","targetHints":{"allow":["GET"]}}],"collection":[{"href":"https:\/\/www.libraria-occitana.org\/en\/wp-json\/wp\/v2\/product"}],"about":[{"href":"https:\/\/www.libraria-occitana.org\/en\/wp-json\/wp\/v2\/types\/product"}],"wp:featuredmedia":[{"embeddable":true,"href":"https:\/\/www.libraria-occitana.org\/en\/wp-json\/wp\/v2\/media\/53199"}],"wp:attachment":[{"href":"https:\/\/www.libraria-occitana.org\/en\/wp-json\/wp\/v2\/media?parent=53202"}],"wp:term":[{"taxonomy":"product_brand","embeddable":true,"href":"https:\/\/www.libraria-occitana.org\/en\/wp-json\/wp\/v2\/product_brand?post=53202"},{"taxonomy":"product_cat","embeddable":true,"href":"https:\/\/www.libraria-occitana.org\/en\/wp-json\/wp\/v2\/product_cat?post=53202"},{"taxonomy":"product_tag","embeddable":true,"href":"https:\/\/www.libraria-occitana.org\/en\/wp-json\/wp\/v2\/product_tag?post=53202"}],"curies":[{"name":"wp","href":"https:\/\/api.w.org\/{rel}","templated":true}]}}