{"id":53217,"date":"2020-12-04T14:57:13","date_gmt":"2020-12-04T13:57:13","guid":{"rendered":"http:\/\/www.libraria-occitana.org\/product\/lennemi-de-la-mort-lenemic-de-la-mort\/"},"modified":"2026-04-07T12:23:57","modified_gmt":"2026-04-07T10:23:57","slug":"lennemi-de-la-mort-lenemic-de-la-mort","status":"publish","type":"product","link":"https:\/\/www.libraria-occitana.org\/en\/product\/lennemi-de-la-mort-lenemic-de-la-mort\/","title":{"rendered":"L&#8217;Ennemi de la Mort &#8211; L&#8217;Enemic de la M\u00f2rt"},"content":{"rendered":"<p>\u00c0 la mort de son p\u00e8re, Daniel Charbonni\u00e8re quitte Montpellier, o\u00f9 il vient de terminer ses \u00e9tudes de m\u00e9decine, et regagne sa Double natale, en P\u00e9rigord. Le constat de la mis\u00e8re et de l&#8217;insalubrit\u00e9 de ce \u00ab Royaume des fi\u00e8vres \u00bb, pays d&#8217;\u00e9tangs et de for\u00eats, le bouleverse. Il entreprend alors de convaincre hobereaux et paysans de la n\u00e9cessit\u00e9 d&#8217;assainir la r\u00e9gion : sa grandeur d&#8217;\u00e2me et son int\u00e9grit\u00e9 sans failles ne lui apporteront, pourtant, que la d\u00e9testation de tous&#8230;<\/p>\n<p>\u00ab Ce livre majestueux, aussi noir soit-il, n&#8217;en reste pas moins une ode \u00e0 la force et \u00e0 la beaut\u00e9 de cette for\u00eat et de ses habitants. Par la justesse de sa plume, Eug\u00e8ne Le Roy les a mis \u00e0 l&#8217;honneur au cr\u00e9puscule de sa vie.<br \/>\nJean-Claude Dugros nous livre ici une magnifique traduction, dans une langue peut-\u00eatre plus livresque que celle que parlaient au quotidien les Doublauds du XIX\u00e8me si\u00e8cle, mais qui leur rend un hommage aussi m\u00e9rit\u00e9 qu&#8217;\u00e9mouvant. \u00bb<\/p>\n<p style=\"text-align: right;\">Extraits de la pr\u00e9face de Corinne Marache<\/p>\n<p>Version bilingue fran\u00e7ais et occitan illustr\u00e9e de dix planches par Francis Pralong.<\/p>\n","protected":false},"excerpt":{"rendered":"<p>\u00c0 la mort de son p\u00e8re, Daniel Charbonni\u00e8re quitte Montpellier, o\u00f9 il vient de terminer ses \u00e9tudes de m\u00e9decine, et regagne sa Double natale, en P\u00e9rigord. Le constat de la mis\u00e8re et de l&#8217;insalubrit\u00e9 de ce \u00ab Royaume des fi\u00e8vres \u00bb, pays d&#8217;\u00e9tangs et de for\u00eats, le bouleverse. Il entreprend alors de convaincre hobereaux et [&hellip;]<\/p>\n","protected":false},"featured_media":53215,"template":"","meta":{"_acf_changed":false,"_genesis_hide_title":false,"_genesis_hide_breadcrumbs":false,"_genesis_hide_singular_image":false,"_genesis_hide_footer_widgets":false,"_genesis_custom_body_class":"","_genesis_custom_post_class":"","_genesis_layout":""},"product_brand":[],"product_cat":[7132,7174,7182],"product_tag":[],"class_list":{"0":"post-53217","1":"product","2":"type-product","3":"status-publish","4":"has-post-thumbnail","6":"product_cat-books","7":"product_cat-literature-en","8":"product_cat-novels-short-stories-en","9":"pa_auteur-le-roy-eugene-en","10":"pa_editeur-les-editions-du-perce-oreille-en","11":"pa_illustrateur-dugros-joan-claudi-dugros-jean-claude-en","12":"pa_illustrateur-pralong-frances-en","13":"pa_langue-occitan-lengadocian-en","14":"pa_langue-occitan-francais-en","15":"entry","17":"first","18":"instock","19":"shipping-taxable","20":"purchasable","21":"product-type-simple"},"acf":[],"_links":{"self":[{"href":"https:\/\/www.libraria-occitana.org\/en\/wp-json\/wp\/v2\/product\/53217","targetHints":{"allow":["GET"]}}],"collection":[{"href":"https:\/\/www.libraria-occitana.org\/en\/wp-json\/wp\/v2\/product"}],"about":[{"href":"https:\/\/www.libraria-occitana.org\/en\/wp-json\/wp\/v2\/types\/product"}],"wp:featuredmedia":[{"embeddable":true,"href":"https:\/\/www.libraria-occitana.org\/en\/wp-json\/wp\/v2\/media\/53215"}],"wp:attachment":[{"href":"https:\/\/www.libraria-occitana.org\/en\/wp-json\/wp\/v2\/media?parent=53217"}],"wp:term":[{"taxonomy":"product_brand","embeddable":true,"href":"https:\/\/www.libraria-occitana.org\/en\/wp-json\/wp\/v2\/product_brand?post=53217"},{"taxonomy":"product_cat","embeddable":true,"href":"https:\/\/www.libraria-occitana.org\/en\/wp-json\/wp\/v2\/product_cat?post=53217"},{"taxonomy":"product_tag","embeddable":true,"href":"https:\/\/www.libraria-occitana.org\/en\/wp-json\/wp\/v2\/product_tag?post=53217"}],"curies":[{"name":"wp","href":"https:\/\/api.w.org\/{rel}","templated":true}]}}