{"id":53231,"date":"2020-12-05T11:50:17","date_gmt":"2020-12-05T10:50:17","guid":{"rendered":"http:\/\/www.libraria-occitana.org\/?post_type=product&#038;p=53231"},"modified":"2026-04-03T01:01:13","modified_gmt":"2026-04-02T23:01:13","slug":"baissatz-vos-montanhas","status":"publish","type":"product","link":"https:\/\/www.libraria-occitana.org\/en\/product\/baissatz-vos-montanhas\/","title":{"rendered":"Baissatz-vos montanhas"},"content":{"rendered":"<p><strong>Antonin Duval :<\/strong> Violon, chant, pieds<br \/>\n<strong>Arnaud Bibonne :<\/strong> Cabrette, chant<br \/>\n<strong>Lucien Pillot :<\/strong> Vielle \u00e0 roue, chant<br \/>\n<strong>Florent Paulet :<\/strong> Accord\u00e9on diatonique, chant<br \/>\nInvite\u0301s : Jean-Louis Deygas (chant) et Michel Paulet (chant), plage 9<\/p>\n<p>De la musique du Velay, encore et encore ! C\u2019est chose faite avec le retour des Cinc jaus, dans un deuxi\u00e8me opus qui, pour notre plus grand bonheur, continue d\u2019explorer le r\u00e9pertoire recueilli par la g\u00e9n\u00e9ration d\u2019avant, celle de l\u2019association Ratapenada, dans les ann\u00e9es 1980 et jusqu\u2019au d\u00e9but des ann\u00e9es 2000. De l\u2019enthousiasme, une cadence impeccable, et toujours cette recherche polyphonique si heureuse, qui fait la marque de ce groupe haut en couleur. Le livret, tr\u00e8s bien document\u00e9, offre paroles et partitions. Et, pour ceux qui se demandent pourquoi les \u00ab Cinc \u00bb jaus alors qu\u2019ils ne sont que quatre (Florent Paulet, Arnaud Bibonne, Antonin Duval et Luvien Pillot), rendez-vous \u00e0 la derni\u00e8re page de ce livret\u2026<\/p>\n<p>Indication des sources. Paroles des chansons (parler vellave et traduction), et partitions des m\u00e9lodies.<br \/>\nTraditionnel : Velay (21 titres).<br \/>\nCompositions : Arnaud Bibonne (1 titre) ; Los cinc jaus (1 titre) ; Pierre Dupont (1 titre, m\u00e9lodie et paroles).<\/p>\n<p><strong>Titres :<\/strong><br \/>\n1. Baissatz-vos montanhas (bourre\u0301e a\u0300 3 temps) 2&#8217;58<br \/>\n2. Le mois d&#8217;avril s&#8217;en va finir 2&#8217;57<br \/>\n3. Scottish joue\u0301e par Urbain Trincal (scottish) 4&#8217;02<br \/>\n4. En allant a\u0300 la chasse (valse) 4&#8217;28<br \/>\n5. Margarita Croston \/ La Madelon ne pleurait plus (marche) 2&#8217;50<br \/>\n6. Papillon volage \/ Elle n\u2019a pas encore vingt ans (mazurkas) 3&#8217;33<br \/>\n7. Bourre\u0301e joue\u0301e par Urbain Trincal \/ Ieu sabe una chanc\u0327on (bourre\u0301es a\u0300 3 temps) 2&#8217;50<br \/>\n8. Polka de Montresat \/ Polka a\u0300 Riou \/ Polka a\u0300 Le\u0301on Mazie\u0300re (suite de polkas) 2&#8217;51<br \/>\n9. Je me suis engage\u0301 pour l\u2019amour d\u2019une brune (chant) 3&#8217;58<br \/>\n10. J\u2019emmerde la moitie\u0301 du monde (valse) 3&#8217;44<br \/>\n11. Regret d\u2019Yssingeaux \/ La badoise (regret \/ scottish) 3&#8217;53<br \/>\n12. J&#8217;ai deux grands b\u0153ufs dans mon e\u0301table \/ Mazurka joue\u0301e par Antonin Ribeyre (mazurkas) 3&#8217;53<br \/>\n13. Ma maire me crida \/ La bodolhosa (bourre\u0301es a\u0300 3 temps) 2&#8217;28<br \/>\n14. Mos bons amics se\u0300i tot en plors (chant) 3&#8217;53<br \/>\n15. La prene per la man (bourre\u0301e a\u0300 2 temps) 3&#8217;45<br \/>\n16. Pas du loup de Le\u0301on Mazie\u0300re (scottish) 2&#8217;38<\/p>\n","protected":false},"excerpt":{"rendered":"<p>Antonin Duval : Violon, chant, pieds Arnaud Bibonne : Cabrette, chant Lucien Pillot : Vielle \u00e0 roue, chant Florent Paulet : Accord\u00e9on diatonique, chant Invite\u0301s : Jean-Louis Deygas (chant) et Michel Paulet (chant), plage 9 De la musique du Velay, encore et encore ! C\u2019est chose faite avec le retour des Cinc jaus, dans un [&hellip;]<\/p>\n","protected":false},"featured_media":53234,"template":"","meta":{"_acf_changed":false,"_genesis_hide_title":false,"_genesis_hide_breadcrumbs":false,"_genesis_hide_singular_image":false,"_genesis_hide_footer_widgets":false,"_genesis_custom_body_class":"","_genesis_custom_post_class":"","_genesis_layout":""},"product_brand":[],"product_cat":[7228,7216],"product_tag":[],"class_list":{"0":"post-53231","1":"product","2":"type-product","3":"status-publish","4":"has-post-thumbnail","6":"product_cat-modern-folk-en","7":"product_cat-music-en","8":"pa_auteur-los-cinc-jaus-en","9":"pa_editeur-aepem-en","10":"pa_editeur-association-ratapenada-en","11":"pa_langue-francais-en","12":"pa_langue-occitan-en","13":"pa_langue-occitan-auvernhat-en","14":"entry","16":"first","17":"instock","18":"shipping-taxable","19":"purchasable","20":"product-type-simple"},"acf":[],"_links":{"self":[{"href":"https:\/\/www.libraria-occitana.org\/en\/wp-json\/wp\/v2\/product\/53231","targetHints":{"allow":["GET"]}}],"collection":[{"href":"https:\/\/www.libraria-occitana.org\/en\/wp-json\/wp\/v2\/product"}],"about":[{"href":"https:\/\/www.libraria-occitana.org\/en\/wp-json\/wp\/v2\/types\/product"}],"wp:featuredmedia":[{"embeddable":true,"href":"https:\/\/www.libraria-occitana.org\/en\/wp-json\/wp\/v2\/media\/53234"}],"wp:attachment":[{"href":"https:\/\/www.libraria-occitana.org\/en\/wp-json\/wp\/v2\/media?parent=53231"}],"wp:term":[{"taxonomy":"product_brand","embeddable":true,"href":"https:\/\/www.libraria-occitana.org\/en\/wp-json\/wp\/v2\/product_brand?post=53231"},{"taxonomy":"product_cat","embeddable":true,"href":"https:\/\/www.libraria-occitana.org\/en\/wp-json\/wp\/v2\/product_cat?post=53231"},{"taxonomy":"product_tag","embeddable":true,"href":"https:\/\/www.libraria-occitana.org\/en\/wp-json\/wp\/v2\/product_tag?post=53231"}],"curies":[{"name":"wp","href":"https:\/\/api.w.org\/{rel}","templated":true}]}}