{"id":53248,"date":"2020-12-05T14:47:15","date_gmt":"2020-12-05T13:47:15","guid":{"rendered":"http:\/\/www.libraria-occitana.org\/product\/piments-zoizos-les-enfants-oublies-de-la-reunion\/"},"modified":"2026-04-29T10:17:38","modified_gmt":"2026-04-29T08:17:38","slug":"piments-zoizos-les-enfants-oublies-de-la-reunion","status":"publish","type":"product","link":"https:\/\/www.libraria-occitana.org\/en\/product\/piments-zoizos-les-enfants-oublies-de-la-reunion\/","title":{"rendered":"Piments zoizos : Les enfants oubli\u00e9s de la R\u00e9union"},"content":{"rendered":"<p>Ann\u00e9es 1960. Dans un quartier populaire d\u2019une ville de La R\u00e9union, Jean et Madeleine sont arrach\u00e9s \u00e0 leur m\u00e8re par les services sociaux qui leur promettent une vie meilleure en m\u00e9tropole, une bonne \u00e9ducation et des retours r\u00e9guliers sur leur \u00eele. Lucien, jeune fonctionnaire fra\u00eechement affect\u00e9 \u00e0 La R\u00e9union, arrive \u00e0 la pr\u00e9fecture et d\u00e9couvre ses fonctions \u00e0 la Section 4 : il devra notamment superviser le transfert de \u00ab pupilles de l\u2019\u00c9tat \u00bb dans l\u2019Hexagone\u2026<br \/>\nTransplant\u00e9s en Creuse, Jean et Madeleine sont s\u00e9par\u00e9s. De foyers en familles d\u2019accueil, Jean rencontre d\u2019autres enfants r\u00e9unionnais dans la m\u00eame situation que lui. Une vie durant, entre errances et recherches, il tentera de comprendre pourquoi\u2026<\/p>\n<p>Entre 1962 et 1984, quelques 2000 mineurs de La R\u00e9union sont s\u00e9par\u00e9s de leur famille et envoy\u00e9s en France o\u00f9 leur est promise une vie meilleure.<br \/>\nRichement document\u00e9 gr\u00e2ce au concours de l&#8217;historien Gilles Gauvin, le roman graphique <em>Piments zoizos<\/em> raconte un chapitre m\u00e9connu de l&#8217;histoire de la Ve R\u00e9publique, celui des \u00ab enfants de la Creuse \u00bb.<\/p>\n","protected":false},"excerpt":{"rendered":"<p>Ann\u00e9es 1960. Dans un quartier populaire d\u2019une ville de La R\u00e9union, Jean et Madeleine sont arrach\u00e9s \u00e0 leur m\u00e8re par les services sociaux qui leur promettent une vie meilleure en m\u00e9tropole, une bonne \u00e9ducation et des retours r\u00e9guliers sur leur \u00eele. Lucien, jeune fonctionnaire fra\u00eechement affect\u00e9 \u00e0 La R\u00e9union, arrive \u00e0 la pr\u00e9fecture et d\u00e9couvre [&hellip;]<\/p>\n","protected":false},"featured_media":53246,"template":"","meta":{"_acf_changed":false,"_genesis_hide_title":false,"_genesis_hide_breadcrumbs":false,"_genesis_hide_singular_image":false,"_genesis_hide_footer_widgets":false,"_genesis_custom_body_class":"","_genesis_custom_post_class":"","_genesis_layout":""},"product_brand":[],"product_cat":[7132,7148,7158],"product_tag":[],"class_list":{"0":"post-53248","1":"product","2":"type-product","3":"status-publish","4":"has-post-thumbnail","6":"product_cat-books","7":"product_cat-history-geography-en","8":"product_cat-modern-and-contemporary-history-en","9":"pa_auteur-tehem-en","10":"pa_editeur-steinkis-en","11":"pa_langue-autras-lingas-en","12":"pa_langue-francais-en","13":"entry","15":"first","16":"outofstock","17":"shipping-taxable","18":"purchasable","19":"product-type-simple"},"acf":[],"_links":{"self":[{"href":"https:\/\/www.libraria-occitana.org\/en\/wp-json\/wp\/v2\/product\/53248","targetHints":{"allow":["GET"]}}],"collection":[{"href":"https:\/\/www.libraria-occitana.org\/en\/wp-json\/wp\/v2\/product"}],"about":[{"href":"https:\/\/www.libraria-occitana.org\/en\/wp-json\/wp\/v2\/types\/product"}],"wp:featuredmedia":[{"embeddable":true,"href":"https:\/\/www.libraria-occitana.org\/en\/wp-json\/wp\/v2\/media\/53246"}],"wp:attachment":[{"href":"https:\/\/www.libraria-occitana.org\/en\/wp-json\/wp\/v2\/media?parent=53248"}],"wp:term":[{"taxonomy":"product_brand","embeddable":true,"href":"https:\/\/www.libraria-occitana.org\/en\/wp-json\/wp\/v2\/product_brand?post=53248"},{"taxonomy":"product_cat","embeddable":true,"href":"https:\/\/www.libraria-occitana.org\/en\/wp-json\/wp\/v2\/product_cat?post=53248"},{"taxonomy":"product_tag","embeddable":true,"href":"https:\/\/www.libraria-occitana.org\/en\/wp-json\/wp\/v2\/product_tag?post=53248"}],"curies":[{"name":"wp","href":"https:\/\/api.w.org\/{rel}","templated":true}]}}