{"id":53303,"date":"2020-12-09T13:05:05","date_gmt":"2020-12-09T12:05:05","guid":{"rendered":"http:\/\/www.libraria-occitana.org\/product\/bon-present-bon-cadeau\/"},"modified":"2020-12-18T11:48:19","modified_gmt":"2020-12-18T10:48:19","slug":"bon-present-bon-cadeau","status":"publish","type":"product","link":"https:\/\/www.libraria-occitana.org\/en\/product\/bon-present-bon-cadeau\/","title":{"rendered":"BON PER UN PRESENT &#8211; BON CADEAU"},"content":{"rendered":"<p><strong>Offrez un bon cadeau \u00e0 la Librari\u00e1 occitana \u00e0 la personne de votre choix !<\/strong><\/p>\n<p>Utilisable en boutique uniquement (42 Rue Haute-Vienne &#8211; 87000 Limoges).<\/p>\n","protected":false},"excerpt":{"rendered":"<p>Offrez un bon cadeau \u00e0 la Librari\u00e1 occitana \u00e0 la personne de votre choix ! Utilisable en boutique uniquement (42 Rue Haute-Vienne &#8211; 87000 Limoges).<\/p>\n","protected":false},"featured_media":53310,"template":"","meta":{"_acf_changed":false,"_genesis_hide_title":false,"_genesis_hide_breadcrumbs":false,"_genesis_hide_singular_image":false,"_genesis_hide_footer_widgets":false,"_genesis_custom_body_class":"","_genesis_custom_post_class":"","_genesis_layout":""},"product_brand":[],"product_cat":[7154,7134,7188,7132,7214,7226,7168,7210,7142,7208,7138,7136,7241,7184,7144,7194,7243,7236,7150,7156,7152,7198,7220,7148,7172,13694,7170,7245,7222,7164,7140,7174,7224,7160,7158,7228,7216,7190,7247,7200,7196,7182,7178,7130,7186,7162,7180,7202,7230,7238,7204,7232,7192,7234,7176,7166,7212,7206,7249,7146,7218],"product_tag":[],"class_list":{"0":"post-53303","1":"product","2":"type-product","3":"status-publish","4":"has-post-thumbnail","6":"product_cat-ancient-history-en","7":"product_cat-arts-en","8":"product_cat-arts-studies-en","9":"product_cat-books","10":"product_cat-built-heritage-en","11":"product_cat-classical-troubadours-en","12":"product_cat-comics-en","13":"product_cat-cooking-cuisine-en","14":"product_cat-course-books-en","15":"product_cat-customs-rites-and-beliefs-en","16":"product_cat-dictionaries-grammars-en","17":"product_cat-dictionaries-language-educational-en","18":"product_cat-documentary-en","19":"product_cat-drama-en","20":"product_cat-educational-pedagogy-en","21":"product_cat-studies-en","22":"product_cat-fiction-en","23":"product_cat-folk-en","24":"product_cat-genealogy-heraldry-en","25":"product_cat-general-history-en","26":"product_cat-geography-en","27":"product_cat-guides-tourism-en","28":"product_cat-hip-hop-electronic-music-en","29":"product_cat-history-geography-en","30":"product_cat-humor-en","31":"product_cat-jazz","32":"product_cat-juvenile-en","33":"product_cat-juvenile-and-teen-videos-2-en","34":"product_cat-juvenile-and-teen-en","35":"product_cat-juvenile-and-teen-comics-humour-en","36":"product_cat-linguistics-en","37":"product_cat-literature-en","38":"product_cat-litterature-musique-en","39":"product_cat-medieval-history-en","40":"product_cat-modern-and-contemporary-history-en","41":"product_cat-modern-folk-en","42":"product_cat-music-en","43":"product_cat-music-dances-en","44":"product_cat-music-literature-en","45":"product_cat-nature-gardening-en","46":"product_cat-nature-tourism-en","47":"product_cat-novels-short-stories-en","48":"product_cat-occitan-literature-in-french-en","49":"product_cat-other-en","50":"product_cat-personal-narratives-memoirs-en","51":"product_cat-place-names-peoples-names-en","52":"product_cat-poetry-en","53":"product_cat-politics-sociology-current-affairs-en","54":"product_cat-polyphonies-en","55":"product_cat-promotions-en","56":"product_cat-religion-spirituality-en","57":"product_cat-rock-pop-en","58":"product_cat-scores-lyrics-en","59":"product_cat-ska-reggae-dub-en","60":"product_cat-tales-fables-en","61":"product_cat-teen-en","62":"product_cat-traditional-skills-savoirs-faire-en","63":"product_cat-traditions-heritage-en","64":"product_cat-videos-3-en","65":"product_cat-vocabulary-idioms-en","66":"product_cat-voice-en","67":"entry","69":"first","70":"instock","71":"featured","72":"shipping-taxable","73":"purchasable","74":"product-type-simple"},"acf":[],"_links":{"self":[{"href":"https:\/\/www.libraria-occitana.org\/en\/wp-json\/wp\/v2\/product\/53303","targetHints":{"allow":["GET"]}}],"collection":[{"href":"https:\/\/www.libraria-occitana.org\/en\/wp-json\/wp\/v2\/product"}],"about":[{"href":"https:\/\/www.libraria-occitana.org\/en\/wp-json\/wp\/v2\/types\/product"}],"wp:featuredmedia":[{"embeddable":true,"href":"https:\/\/www.libraria-occitana.org\/en\/wp-json\/wp\/v2\/media\/53310"}],"wp:attachment":[{"href":"https:\/\/www.libraria-occitana.org\/en\/wp-json\/wp\/v2\/media?parent=53303"}],"wp:term":[{"taxonomy":"product_brand","embeddable":true,"href":"https:\/\/www.libraria-occitana.org\/en\/wp-json\/wp\/v2\/product_brand?post=53303"},{"taxonomy":"product_cat","embeddable":true,"href":"https:\/\/www.libraria-occitana.org\/en\/wp-json\/wp\/v2\/product_cat?post=53303"},{"taxonomy":"product_tag","embeddable":true,"href":"https:\/\/www.libraria-occitana.org\/en\/wp-json\/wp\/v2\/product_tag?post=53303"}],"curies":[{"name":"wp","href":"https:\/\/api.w.org\/{rel}","templated":true}]}}