{"id":53339,"date":"2020-12-10T18:09:43","date_gmt":"2020-12-10T17:09:43","guid":{"rendered":"http:\/\/www.libraria-occitana.org\/product\/pierres-a-legendes-du-limousin\/"},"modified":"2026-04-13T21:11:48","modified_gmt":"2026-04-13T19:11:48","slug":"pierres-a-legendes-du-limousin","status":"publish","type":"product","link":"https:\/\/www.libraria-occitana.org\/en\/product\/pierres-a-legendes-du-limousin\/","title":{"rendered":"Pierres \u00e0 l\u00e9gendes du Limousin"},"content":{"rendered":"<p>Le Limousin, pays de l\u2019arbre et de l\u2019eau, territoire d\u2019espaces naturels encore pr\u00e9serv\u00e9s, conserve de fa\u00e7on plus discr\u00e8te un ensemble remarquable de pierres dites \u00ab \u00e0 l\u00e9gendes \u00bb. Ces pierres, isol\u00e9es ou regroup\u00e9es en chaos de rochers, n\u00e9es de l\u2019\u00e9rosion ou fa\u00e7onn\u00e9es par l\u2019homme, ont suscit\u00e9 in\u00e9vitablement, de par leur aspect ou leur implantation, nombre de croyances et de pratiques rituelles relev\u00e9es par l\u2019ethnologue.<\/p>\n<p>Occupant une grande place dans les traditions locales du Limousin, les l\u00e9gendes li\u00e9es aux pierres sont peupl\u00e9es de druides, fades ou f\u00e9es, martes, berg\u00e8res, animaux fabuleux, chercheurs de tr\u00e9sors ou relatent le passage de g\u00e9ants, de saints, voire du Diable. Ces l\u00e9gendes constituent pour chaque g\u00e9n\u00e9ration un h\u00e9ritage multis\u00e9culaire.<\/p>\n<p>Au-del\u00e0 du t\u00e9moignage ethnologique, le pr\u00e9sent ouvrage se veut aussi un appel \u00e0 la sauvegarde de ce patrimoine du sensible qui nous indique les regards qu\u2019ont port\u00e9s nos anc\u00eatres sur leur environnement. Nombre de ces pierres, inscrites dans des paysages ou des cheminements d\u2019approche d\u2019une pure beaut\u00e9, conservent pour les visiteurs une v\u00e9ritable charge \u00e9motionnelle.<\/p>\n<p>La premi\u00e8re partie de l&#8217;ouvrage explore les croyances et les pratiques li\u00e9es aux pierres.<br \/>\nSuit un corpus de plus de 380 pierres recens\u00e9es en Corr\u00e8ze, Creuse et Haute-Vienne avec, pour chacune d&#8217;entre elles, son nom, sa situation g\u00e9ographique, son accessibilit\u00e9, et, dans la mesure du possible, une des plus anciennes sources \u00e9crites d&#8217;une l\u00e9gende s&#8217;y rapportant. Un r\u00e9pertoire th\u00e9matique est propos\u00e9 \u00e0 la fin du livre.<\/p>\n<p>Cet ouvrage, richement illustr\u00e9, est ainsi l&#8217;occasion de red\u00e9couvrir ce patrimoine exceptionnel et se veut une invitation \u00e0 suivre son propre chemin au c\u0153ur de sites naturels remarquables du Limousin.<\/p>\n","protected":false},"excerpt":{"rendered":"<p>Le Limousin, pays de l\u2019arbre et de l\u2019eau, territoire d\u2019espaces naturels encore pr\u00e9serv\u00e9s, conserve de fa\u00e7on plus discr\u00e8te un ensemble remarquable de pierres dites \u00ab \u00e0 l\u00e9gendes \u00bb. Ces pierres, isol\u00e9es ou regroup\u00e9es en chaos de rochers, n\u00e9es de l\u2019\u00e9rosion ou fa\u00e7onn\u00e9es par l\u2019homme, ont suscit\u00e9 in\u00e9vitablement, de par leur aspect ou leur implantation, nombre [&hellip;]<\/p>\n","protected":false},"featured_media":53337,"template":"","meta":{"_acf_changed":false,"_genesis_hide_title":false,"_genesis_hide_breadcrumbs":false,"_genesis_hide_singular_image":false,"_genesis_hide_footer_widgets":false,"_genesis_custom_body_class":"","_genesis_custom_post_class":"","_genesis_layout":""},"product_brand":[],"product_cat":[7132,7198,7196],"product_tag":[],"class_list":{"0":"post-53339","1":"product","2":"type-product","3":"status-publish","4":"has-post-thumbnail","6":"product_cat-books","7":"product_cat-guides-tourism-en","8":"product_cat-nature-tourism-en","9":"pa_auteur-guyot-francois-en","10":"pa_editeur-les-ardents-editeurs-en","11":"pa_langue-francais-en","12":"entry","14":"first","15":"outofstock","16":"shipping-taxable","17":"purchasable","18":"product-type-simple"},"acf":[],"_links":{"self":[{"href":"https:\/\/www.libraria-occitana.org\/en\/wp-json\/wp\/v2\/product\/53339","targetHints":{"allow":["GET"]}}],"collection":[{"href":"https:\/\/www.libraria-occitana.org\/en\/wp-json\/wp\/v2\/product"}],"about":[{"href":"https:\/\/www.libraria-occitana.org\/en\/wp-json\/wp\/v2\/types\/product"}],"wp:featuredmedia":[{"embeddable":true,"href":"https:\/\/www.libraria-occitana.org\/en\/wp-json\/wp\/v2\/media\/53337"}],"wp:attachment":[{"href":"https:\/\/www.libraria-occitana.org\/en\/wp-json\/wp\/v2\/media?parent=53339"}],"wp:term":[{"taxonomy":"product_brand","embeddable":true,"href":"https:\/\/www.libraria-occitana.org\/en\/wp-json\/wp\/v2\/product_brand?post=53339"},{"taxonomy":"product_cat","embeddable":true,"href":"https:\/\/www.libraria-occitana.org\/en\/wp-json\/wp\/v2\/product_cat?post=53339"},{"taxonomy":"product_tag","embeddable":true,"href":"https:\/\/www.libraria-occitana.org\/en\/wp-json\/wp\/v2\/product_tag?post=53339"}],"curies":[{"name":"wp","href":"https:\/\/api.w.org\/{rel}","templated":true}]}}