{"id":53381,"date":"2020-12-16T14:51:39","date_gmt":"2020-12-16T13:51:39","guid":{"rendered":"http:\/\/www.libraria-occitana.org\/product\/a-tu-vai\/"},"modified":"2026-04-14T01:51:19","modified_gmt":"2026-04-13T23:51:19","slug":"a-tu-vai","status":"publish","type":"product","link":"https:\/\/www.libraria-occitana.org\/en\/product\/a-tu-vai\/","title":{"rendered":"A tu vai"},"content":{"rendered":"<p>Avec <strong>Daniel Loddo<\/strong>, <strong>Aelis Loddo<\/strong>, <strong>C\u00e9line Ricard<\/strong>, <strong>Fabrice Rougier<\/strong>, <strong>Jean-Pierre Vivent<\/strong> et plusieurs invit\u00e9s.<\/p>\n<p>Des chansons sur la libert\u00e9, sur les papiers qu\u2019on nous demande \u00e0 tous les coins de rue, sur la R\u00e9publique qui marche \u00e0 reculons, sur le r\u00e9chauffement de la plan\u00e8te\u2026<br \/>\nLe nouveau disque de la Talvera \u00ab A tu vai \u00bb souffle un vent de r\u00e9volte tout en r\u00e9pandant \u00e0 la vol\u00e9e des graines de po\u00e9sie dans la p\u00e9riode aride et morose que nous traversons\u2026<br \/>\n14 titres en occitan dont 13 de cr\u00e9ation et une chanson du chansonnier Armand Landes : de quoi passer plus d\u2019une heure de bonheur musical.<br \/>\nLa plupart des textes et musiques sont de Daniel Loddo. Le livret \u00e0 l\u2019int\u00e9rieur du digipack renferme les paroles en occitan ainsi que leur traduction en fran\u00e7ais.<\/p>\n<p><strong>Titres :<\/strong><br \/>\n1. Los papi\u00e8rs 3&#8217;52<br \/>\n2. Un jorn en passejada 5&#8217;16<br \/>\n3. N&#8217;i a pro gadan 4&#8217;38<br \/>\n4. Libertat libertade 4&#8217;19<br \/>\n5. Carnaval 3&#8217;04<br \/>\n6. A nu\u00e8it a la talvera 4&#8217;26<br \/>\n7. Buta but\u00e8rna 4&#8217;37<br \/>\n8. Triste lo c\u00e8l 4&#8217;02<br \/>\n9. Sus la rota de las chicanas 3&#8217;54<br \/>\n10. Tot \u00e7\u00f2 qu&#8217;ai vist 3&#8217;40<br \/>\n11. M&#8217;es contrari 3&#8217;36<br \/>\n12. Lo rossinh\u00f2l salvatge 3&#8217;01<br \/>\n13. A tu vai 3&#8217;46<br \/>\n14. Lo reiet dels cons 4&#8217;45<\/p>\n","protected":false},"excerpt":{"rendered":"<p>Avec Daniel Loddo, Aelis Loddo, C\u00e9line Ricard, Fabrice Rougier, Jean-Pierre Vivent et plusieurs invit\u00e9s. Des chansons sur la libert\u00e9, sur les papiers qu\u2019on nous demande \u00e0 tous les coins de rue, sur la R\u00e9publique qui marche \u00e0 reculons, sur le r\u00e9chauffement de la plan\u00e8te\u2026 Le nouveau disque de la Talvera \u00ab A tu vai \u00bb [&hellip;]<\/p>\n","protected":false},"featured_media":53379,"template":"","meta":{"_acf_changed":false,"_genesis_hide_title":false,"_genesis_hide_breadcrumbs":false,"_genesis_hide_singular_image":false,"_genesis_hide_footer_widgets":false,"_genesis_custom_body_class":"","_genesis_custom_post_class":"","_genesis_layout":""},"product_brand":[],"product_cat":[7228,7216],"product_tag":[],"class_list":{"0":"post-53381","1":"product","2":"type-product","3":"status-publish","4":"has-post-thumbnail","6":"product_cat-modern-folk-en","7":"product_cat-music-en","8":"pa_auteur-la-talvera-en","9":"pa_editeur-cordae-la-talvera-en","10":"pa_langue-occitan-en","11":"pa_langue-occitan-lengadocian-en","12":"entry","14":"first","15":"instock","16":"shipping-taxable","17":"purchasable","18":"product-type-simple"},"acf":[],"_links":{"self":[{"href":"https:\/\/www.libraria-occitana.org\/en\/wp-json\/wp\/v2\/product\/53381","targetHints":{"allow":["GET"]}}],"collection":[{"href":"https:\/\/www.libraria-occitana.org\/en\/wp-json\/wp\/v2\/product"}],"about":[{"href":"https:\/\/www.libraria-occitana.org\/en\/wp-json\/wp\/v2\/types\/product"}],"wp:featuredmedia":[{"embeddable":true,"href":"https:\/\/www.libraria-occitana.org\/en\/wp-json\/wp\/v2\/media\/53379"}],"wp:attachment":[{"href":"https:\/\/www.libraria-occitana.org\/en\/wp-json\/wp\/v2\/media?parent=53381"}],"wp:term":[{"taxonomy":"product_brand","embeddable":true,"href":"https:\/\/www.libraria-occitana.org\/en\/wp-json\/wp\/v2\/product_brand?post=53381"},{"taxonomy":"product_cat","embeddable":true,"href":"https:\/\/www.libraria-occitana.org\/en\/wp-json\/wp\/v2\/product_cat?post=53381"},{"taxonomy":"product_tag","embeddable":true,"href":"https:\/\/www.libraria-occitana.org\/en\/wp-json\/wp\/v2\/product_tag?post=53381"}],"curies":[{"name":"wp","href":"https:\/\/api.w.org\/{rel}","templated":true}]}}