{"id":53393,"date":"2020-12-16T17:31:41","date_gmt":"2020-12-16T16:31:41","guid":{"rendered":"http:\/\/www.libraria-occitana.org\/product\/chansons-dauvergne-cancons-de-la-vida-libre-cd\/"},"modified":"2026-04-12T23:26:06","modified_gmt":"2026-04-12T21:26:06","slug":"chansons-dauvergne-cancons-de-la-vida-libre-cd","status":"publish","type":"product","link":"https:\/\/www.libraria-occitana.org\/en\/product\/chansons-dauvergne-cancons-de-la-vida-libre-cd\/","title":{"rendered":"Chansons d&#8217;Auvergne : Can\u00e7ons de la vida (libre + CD)"},"content":{"rendered":"<p><strong>Nouvelle \u00e9dition, revue et augment\u00e9e avec CD.<\/strong><\/p>\n<p>Cent-vingt-cinq chansons, recueillies au cours de vingt ans de collectes r\u00e9alis\u00e9es essentiellement par l\u2019Institut d\u2019\u00c9tudes occitanes du Cantal, et aussi en collaboration avec l\u2019Agence des Musiques traditionnelles d\u2019Auvergne (AMTA), ainsi que par d\u2019autres passionn\u00e9s de la culture occitane.<br \/>\nCette seconde \u00e9dition est destin\u00e9e \u00e0 un large public qui souhaite retrouver ou d\u00e9couvrir un r\u00e9pertoire de chansons occitanes, en grande majorit\u00e9 de tradition orale, pour les chanter \u00e0 son tour.<br \/>\nAvec les partitions, les textes int\u00e9graux des chansons sont donn\u00e9s dans les diff\u00e9rentes versions collect\u00e9es, et accompagn\u00e9s de traductions fran\u00e7aises pour les textes en langue d\u2019oc, ce qui satisfera les lecteurs non occitanophones, mais aussi les d\u00e9butants en occitan.<br \/>\nEt comme ce recueil souhaite donner une vue d\u2019ensemble de la chanson populaire occitane en Auvergne, on y trouvera aussi quelques classiques d\u2019auteurs qu&#8217;on aime toujours, par exemple Raymond Four et Louis Debrons.<\/p>\n<p>Le livre est accompagn\u00e9 d&#8217;enregistrements sur CD : les amateurs de chanson traditionnelle pourront y entendre le premier couplet de chacune des 125 chansons, regroup\u00e9es sur le CD en 99 titres pour des raisons techniques. Une aide pour les apprendre (en particulier si l\u2019on a du mal \u00e0 lire la musique \u00e9crite) ou pour se rafra\u00eechir la m\u00e9moire. Une aide aussi pour la lecture et la prononciation des paroles. Elles sont interpr\u00e9t\u00e9es par Jean-Louis Deygas, chanteur et musicien, du groupe Somia f\u00e8stas et de Cantal\u00e0s (CMdT 15), animateur de stages de chant occitan, de balades chant\u00e9es et de veill\u00e9es.<\/p>\n","protected":false},"excerpt":{"rendered":"<p>Nouvelle \u00e9dition, revue et augment\u00e9e avec CD. Cent-vingt-cinq chansons, recueillies au cours de vingt ans de collectes r\u00e9alis\u00e9es essentiellement par l\u2019Institut d\u2019\u00c9tudes occitanes du Cantal, et aussi en collaboration avec l\u2019Agence des Musiques traditionnelles d\u2019Auvergne (AMTA), ainsi que par d\u2019autres passionn\u00e9s de la culture occitane. Cette seconde \u00e9dition est destin\u00e9e \u00e0 un large public qui [&hellip;]<\/p>\n","protected":false},"featured_media":53385,"template":"","meta":{"_acf_changed":false,"_genesis_hide_title":false,"_genesis_hide_breadcrumbs":false,"_genesis_hide_singular_image":false,"_genesis_hide_footer_widgets":false,"_genesis_custom_body_class":"","_genesis_custom_post_class":"","_genesis_layout":""},"product_brand":[],"product_cat":[7132,7190,7192],"product_tag":[],"class_list":{"0":"post-53393","1":"product","2":"type-product","3":"status-publish","4":"has-post-thumbnail","6":"product_cat-books","7":"product_cat-music-dances-en","8":"product_cat-scores-lyrics-en","9":"pa_auteur-bruel-alain-en","10":"pa_auteur-huguet-didier-en","11":"pa_auteur-rocher-jean-claude-en","12":"pa_editeur-lostal-del-libre-en","13":"pa_langue-francais-en","14":"pa_langue-occitan-auvernhat-en","15":"pa_langue-occitan-lengadocian-en","16":"pa_langue-occitan-francais-en","17":"entry","19":"first","20":"outofstock","21":"shipping-taxable","22":"purchasable","23":"product-type-simple"},"acf":[],"_links":{"self":[{"href":"https:\/\/www.libraria-occitana.org\/en\/wp-json\/wp\/v2\/product\/53393","targetHints":{"allow":["GET"]}}],"collection":[{"href":"https:\/\/www.libraria-occitana.org\/en\/wp-json\/wp\/v2\/product"}],"about":[{"href":"https:\/\/www.libraria-occitana.org\/en\/wp-json\/wp\/v2\/types\/product"}],"wp:featuredmedia":[{"embeddable":true,"href":"https:\/\/www.libraria-occitana.org\/en\/wp-json\/wp\/v2\/media\/53385"}],"wp:attachment":[{"href":"https:\/\/www.libraria-occitana.org\/en\/wp-json\/wp\/v2\/media?parent=53393"}],"wp:term":[{"taxonomy":"product_brand","embeddable":true,"href":"https:\/\/www.libraria-occitana.org\/en\/wp-json\/wp\/v2\/product_brand?post=53393"},{"taxonomy":"product_cat","embeddable":true,"href":"https:\/\/www.libraria-occitana.org\/en\/wp-json\/wp\/v2\/product_cat?post=53393"},{"taxonomy":"product_tag","embeddable":true,"href":"https:\/\/www.libraria-occitana.org\/en\/wp-json\/wp\/v2\/product_tag?post=53393"}],"curies":[{"name":"wp","href":"https:\/\/api.w.org\/{rel}","templated":true}]}}