{"id":53400,"date":"1987-05-16T18:07:14","date_gmt":"1987-05-16T16:07:14","guid":{"rendered":"http:\/\/www.libraria-occitana.org\/product\/les-omes-de-lecir\/"},"modified":"2026-04-29T10:39:24","modified_gmt":"2026-04-29T08:39:24","slug":"les-omes-de-lecir","status":"publish","type":"product","link":"https:\/\/www.libraria-occitana.org\/en\/product\/les-omes-de-lecir\/","title":{"rendered":"Les \u00f2mes de l&#8217;ecir"},"content":{"rendered":"<p>Quinze nouvelles contemporaines en occitan languedocien.<br \/>\nF\u00e9lix Daval porte t\u00e9moignage de la r\u00e9alit\u00e9 de cette soci\u00e9t\u00e9, la sienne, \u00e9cartel\u00e9e entre authenticit\u00e9 et modernit\u00e9. Sa parole est celle d\u2019un homme questionnant son espace et le Cantal comme un miroir o\u00f9 se refl\u00e8tent les probl\u00e8mes universels : l\u2019identit\u00e9, le racisme, la d\u00e9sertification du monde rural&#8230;<br \/>\nLe second volume romanesque de l&#8217;auteur, apr\u00e8s le grand succ\u00e8s de son premier ouvrage, <a href=\"http:\/\/www.libraria-occitana.org\/produit\/les-fraisses-eran-tombats\/\"><em>Les Fraisses \u00e8ran tombats<\/em><\/a>.<br \/>\nEn occitan (languedocien), avec notes en fran\u00e7ais pour le vocabulaire sp\u00e9cifique.<\/p>\n<p>Une des nouvelles des <em>\u00d2mes de l&#8217;ecir<\/em> a \u00e9t\u00e9 adapt\u00e9e au cin\u00e9ma : voir <em><a href=\"https:\/\/www.libraria-occitana.org\/en\/?attachment_id=52299\">Paure Baptista<\/a><\/em>.<\/p>\n","protected":false},"excerpt":{"rendered":"<p>Quinze nouvelles contemporaines en occitan languedocien. F\u00e9lix Daval porte t\u00e9moignage de la r\u00e9alit\u00e9 de cette soci\u00e9t\u00e9, la sienne, \u00e9cartel\u00e9e entre authenticit\u00e9 et modernit\u00e9. Sa parole est celle d\u2019un homme questionnant son espace et le Cantal comme un miroir o\u00f9 se refl\u00e8tent les probl\u00e8mes universels : l\u2019identit\u00e9, le racisme, la d\u00e9sertification du monde rural&#8230; Le second [&hellip;]<\/p>\n","protected":false},"featured_media":53398,"template":"","meta":{"_acf_changed":false,"_genesis_hide_title":false,"_genesis_hide_breadcrumbs":false,"_genesis_hide_singular_image":false,"_genesis_hide_footer_widgets":false,"_genesis_custom_body_class":"","_genesis_custom_post_class":"","_genesis_layout":""},"product_brand":[],"product_cat":[7132,7174,7182],"product_tag":[],"class_list":{"0":"post-53400","1":"product","2":"type-product","3":"status-publish","4":"has-post-thumbnail","6":"product_cat-books","7":"product_cat-literature-en","8":"product_cat-novels-short-stories-en","9":"pa_auteur-daval-felic-en","10":"pa_editeur-lostal-del-libre-en","11":"pa_langue-occitan-en","12":"pa_langue-occitan-lengadocian-en","13":"entry","15":"first","16":"instock","17":"shipping-taxable","18":"purchasable","19":"product-type-simple"},"acf":[],"_links":{"self":[{"href":"https:\/\/www.libraria-occitana.org\/en\/wp-json\/wp\/v2\/product\/53400","targetHints":{"allow":["GET"]}}],"collection":[{"href":"https:\/\/www.libraria-occitana.org\/en\/wp-json\/wp\/v2\/product"}],"about":[{"href":"https:\/\/www.libraria-occitana.org\/en\/wp-json\/wp\/v2\/types\/product"}],"wp:featuredmedia":[{"embeddable":true,"href":"https:\/\/www.libraria-occitana.org\/en\/wp-json\/wp\/v2\/media\/53398"}],"wp:attachment":[{"href":"https:\/\/www.libraria-occitana.org\/en\/wp-json\/wp\/v2\/media?parent=53400"}],"wp:term":[{"taxonomy":"product_brand","embeddable":true,"href":"https:\/\/www.libraria-occitana.org\/en\/wp-json\/wp\/v2\/product_brand?post=53400"},{"taxonomy":"product_cat","embeddable":true,"href":"https:\/\/www.libraria-occitana.org\/en\/wp-json\/wp\/v2\/product_cat?post=53400"},{"taxonomy":"product_tag","embeddable":true,"href":"https:\/\/www.libraria-occitana.org\/en\/wp-json\/wp\/v2\/product_tag?post=53400"}],"curies":[{"name":"wp","href":"https:\/\/api.w.org\/{rel}","templated":true}]}}