{"id":53418,"date":"2020-12-17T18:27:43","date_gmt":"2020-12-17T17:27:43","guid":{"rendered":"http:\/\/www.libraria-occitana.org\/product\/avancun-pauc-lo-pas\/"},"modified":"2026-04-13T00:56:23","modified_gmt":"2026-04-12T22:56:23","slug":"avancun-pauc-lo-pas","status":"publish","type":"product","link":"https:\/\/www.libraria-occitana.org\/en\/product\/avancun-pauc-lo-pas\/","title":{"rendered":"Avan\u00e7&#8217;un pauc lo pas"},"content":{"rendered":"<p><strong>Marianne Evezard :<\/strong> Chant<br \/>\n<strong>Basile Br\u00e9maud :<\/strong> Violons, cabrette, pieds<br \/>\n<strong>Herv\u00e9 Capel :<\/strong> Accord\u00e9on chromatique<br \/>\n<strong>J\u00e9r\u00f2me Liogier :<\/strong> Vielle \u00e0 roue<\/p>\n<p>Les revoil\u00e0 ! Enfin ! Il faut bien l\u2019avouer, l\u2019impatience, chez beaucoup, s\u2019\u00e9tait mu\u00e9e en r\u00e9signation : 8 ans depuis le 1er opus, c\u2019est long. Mais cessons de r\u00e9criminer, et place \u00e0 la r\u00e9jouissance : Tres est de retour, semblable \u00e0 lui-m\u00eame mais sans redites, avec la m\u00eame chaleur, la m\u00eame puissance, la m\u00eame finesse m\u00e9lodique et rythmique, la m\u00eame ma\u00eetrise, virtuose et sobre \u00e0 la fois, tant vocale qu\u2019instrumentale, le m\u00eame amour du r\u00e9pertoire traditionnel des contreforts du Massif Central. Les revoil\u00e0 !<\/p>\n<p>Livret 20 pages. Indications des paroles et des sources.<br \/>\nTraditionnel : Auvergne (7 titres), Languedoc (12 titres dont : C\u00e9vennes, 4 ; Velay, 5 ; Rouergue, 1).<br \/>\nComposition : Claude Alranq et Patrice Conte (1 titre, musique et paroles).<\/p>\n<p><strong>Titres :<\/strong><br \/>\n1. Dans Paris y a une barbie\u0300re (Ce\u0301vennes) 3\u201940<br \/>\n2. Bourre\u0301e coule\u0301e \/ Al bo\u0300rd de la rivie\u0300ra (Auvergne) 4\u201929<br \/>\n3. Mi vo\u0300le maridar \/ Madama portatz pinta (Ce\u0301vennes \/ Velay) 2\u201933<br \/>\n4. Una filheta dau Vigan (Ce\u0301vennes) 4\u201933<br \/>\n5. Aportatz pinta \/ Bourre\u0301e des familles \/ Pren tos solhe\u0300rs (Velay \/ Auvergne \/ Velay) 3\u201918<br \/>\n6. Valsa de mai (Claude Alranq \/ Patrice Conte) 5\u201958<br \/>\n7. Mazurka d\u2019Antonin Chabrier (Auvergne) 2\u201920<br \/>\n8. No\u0300u so\u0300rres se\u0300m (Rouergue) 2\u201957<br \/>\n9. Aquo\u0300\u2019s la Matinie\u0300ira \/ Pas du Loup (Languedoc \/ Velay) 3\u201936<br \/>\n10. Fial de lana \/ Bourre\u0301e a\u0300 Soulie\u0301 \/ Bourre\u0301e a\u0300 Ranvier (Auvergne a\u0300 Paris) 5\u201945<br \/>\n11. Aval al bo\u0300rd de la ribie\u0300ira (Languedoc) 5\u201907<br \/>\n12. Saltave la planqueta (Ce\u0301vennes) 1\u201945<br \/>\n13. Suite Guillaume (Velay) 8\u201939<\/p>\n","protected":false},"excerpt":{"rendered":"<p>Marianne Evezard : Chant Basile Br\u00e9maud : Violons, cabrette, pieds Herv\u00e9 Capel : Accord\u00e9on chromatique J\u00e9r\u00f2me Liogier : Vielle \u00e0 roue Les revoil\u00e0 ! Enfin ! Il faut bien l\u2019avouer, l\u2019impatience, chez beaucoup, s\u2019\u00e9tait mu\u00e9e en r\u00e9signation : 8 ans depuis le 1er opus, c\u2019est long. Mais cessons de r\u00e9criminer, et place \u00e0 la r\u00e9jouissance [&hellip;]<\/p>\n","protected":false},"featured_media":53416,"template":"","meta":{"_acf_changed":false,"_genesis_hide_title":false,"_genesis_hide_breadcrumbs":false,"_genesis_hide_singular_image":false,"_genesis_hide_footer_widgets":false,"_genesis_custom_body_class":"","_genesis_custom_post_class":"","_genesis_layout":""},"product_brand":[],"product_cat":[7228,7216],"product_tag":[],"class_list":{"0":"post-53418","1":"product","2":"type-product","3":"status-publish","4":"has-post-thumbnail","6":"product_cat-modern-folk-en","7":"product_cat-music-en","8":"pa_auteur-tres-en","9":"pa_editeur-aepem-en","10":"pa_langue-francais-en","11":"pa_langue-occitan-en","12":"pa_langue-occitan-auvernhat-en","13":"pa_langue-occitan-lengadocian-en","14":"pa_langue-occitan-francais-en","15":"entry","17":"first","18":"instock","19":"shipping-taxable","20":"purchasable","21":"product-type-simple"},"acf":[],"_links":{"self":[{"href":"https:\/\/www.libraria-occitana.org\/en\/wp-json\/wp\/v2\/product\/53418","targetHints":{"allow":["GET"]}}],"collection":[{"href":"https:\/\/www.libraria-occitana.org\/en\/wp-json\/wp\/v2\/product"}],"about":[{"href":"https:\/\/www.libraria-occitana.org\/en\/wp-json\/wp\/v2\/types\/product"}],"wp:featuredmedia":[{"embeddable":true,"href":"https:\/\/www.libraria-occitana.org\/en\/wp-json\/wp\/v2\/media\/53416"}],"wp:attachment":[{"href":"https:\/\/www.libraria-occitana.org\/en\/wp-json\/wp\/v2\/media?parent=53418"}],"wp:term":[{"taxonomy":"product_brand","embeddable":true,"href":"https:\/\/www.libraria-occitana.org\/en\/wp-json\/wp\/v2\/product_brand?post=53418"},{"taxonomy":"product_cat","embeddable":true,"href":"https:\/\/www.libraria-occitana.org\/en\/wp-json\/wp\/v2\/product_cat?post=53418"},{"taxonomy":"product_tag","embeddable":true,"href":"https:\/\/www.libraria-occitana.org\/en\/wp-json\/wp\/v2\/product_tag?post=53418"}],"curies":[{"name":"wp","href":"https:\/\/api.w.org\/{rel}","templated":true}]}}