{"id":53482,"date":"2020-12-24T18:04:24","date_gmt":"2020-12-24T17:04:24","guid":{"rendered":"http:\/\/www.libraria-occitana.org\/product\/obra-poetica\/"},"modified":"2026-04-09T06:06:13","modified_gmt":"2026-04-09T04:06:13","slug":"obra-poetica","status":"publish","type":"product","link":"https:\/\/www.libraria-occitana.org\/en\/product\/obra-poetica\/","title":{"rendered":"\u00d2bra po\u00ebtica"},"content":{"rendered":"<blockquote>\n<p><strong>S\u00e8gas<\/strong><\/p>\n<p>\u00d2u ! los \u00f2mes, los \u00f2mes<br \/>\nlos camps se fan enl\u00e0,<br \/>\nlas vinhas son banudas<br \/>\nque Junh fa banejar,<br \/>\n\u00f2u ! los \u00f2mes, los \u00f2mes<br \/>\nl\u2019aire sent\u00eds a gran.<\/p>\n<p>Lo cant\u00e8l sus la taula<br \/>\nlas femnas l\u2019an signat<br \/>\nmas de mala farina<br \/>\nlos \u00f2mes l\u2019an pastat.<br \/>\nDins la palha ross\u00e8la<br \/>\nlas dalhas van cantar,<br \/>\nl\u2019aire sent\u00eds a s\u00e8gas,<br \/>\nl\u2019aire sentis a gran.<\/p>\n<p>Sus las airas polsosas<br \/>\nlos abes van volar,<br \/>\nlo vent cocha las garbas<br \/>\ne las fa redolar,<br \/>\nlo temps sent\u00eds a batre,<br \/>\nl\u2019aire sent\u00eds a gran. [&#8230;]<\/p>\n<p><strong>Moissons<\/strong><\/p>\n<p>Oh ! les hommes, les hommes<br \/>\nles champs sont m\u00fbrs d\u00e9j\u00e0,<br \/>\nles vignes sont cornues<br \/>\njuin fait pousser leurs cornes,<br \/>\noh ! les hommes, les hommes<br \/>\nl\u2019air entier sent le grain.<\/p>\n<p>La miche sur la table<br \/>\nles femmes l\u2019ont sign\u00e9e<br \/>\nmais de male farine<br \/>\nles hommes l\u2019ont p\u00e9trie.<br \/>\nDans la paille roussie<br \/>\nles faux s\u2019en vont chanter,<br \/>\nle vent sent les moissons,<br \/>\nl\u2019air entier sent le grain.<\/p>\n<p>Sur les aires poudreuses<br \/>\nles bales vont voler,<br \/>\nle vent guette les gerbes<br \/>\net les envoie rouler,<br \/>\nle temps sent les battages,<br \/>\nl\u2019air entier sent le grain. [&#8230;]<\/p>\n<\/blockquote>\n<p>N\u00e9 en Minervois en 1913, L\u00e9on Cordes consacra sa vie \u00e0 la diffusion de sa langue maternelle, l\u2019occitan, qui, depuis les troubadours r\u00e9sonnait haut et fort en Languedoc.<br \/>\nPlus que dans ses romans ou ses pi\u00e8ces de th\u00e9\u00e2tre, c\u2019est dans ses po\u00e8mes qu\u2019il tend \u00e0 l\u2019universalit\u00e9 : en effet, \u00e0 travers les rimes harmoniques de la langue, la geste quotidienne est sublim\u00e9e pour atteindre le tr\u00e9fonds de l\u2019\u00eatre.<br \/>\nJean-Marie Petit, professeur d&#8217;occitan \u00e0 l&#8217;Universit\u00e9 Paul Val\u00e9ry de Montpellier avait initi\u00e9 la premi\u00e8re \u00e9dition de l&#8217;\u0152uvre Po\u00e9tique de L\u00e9on Cordes, d\u00e9c\u00e9d\u00e9 en 1987.<br \/>\nQue l&#8217;Institut d&#8217;\u00c9tudes Occitanes soit ici remerci\u00e9 de r\u00e9aliser cette deuxi\u00e8me \u00e9dition qui permettra aux lecteurs d&#8217;aujourd&#8217;hui d&#8217;\u00e9tablir un lien authentique avec leurs ascendants.<\/p>\n<p style=\"text-align: right;\">Les enfants de L\u00e9on Cordes<\/p>\n","protected":false},"excerpt":{"rendered":"<p>S\u00e8gas \u00d2u ! los \u00f2mes, los \u00f2mes los camps se fan enl\u00e0, las vinhas son banudas que Junh fa banejar, \u00f2u ! los \u00f2mes, los \u00f2mes l\u2019aire sent\u00eds a gran. Lo cant\u00e8l sus la taula las femnas l\u2019an signat mas de mala farina los \u00f2mes l\u2019an pastat. Dins la palha ross\u00e8la las dalhas van cantar, [&hellip;]<\/p>\n","protected":false},"featured_media":53470,"template":"","meta":{"_acf_changed":false,"_genesis_hide_title":false,"_genesis_hide_breadcrumbs":false,"_genesis_hide_singular_image":false,"_genesis_hide_footer_widgets":false,"_genesis_custom_body_class":"","_genesis_custom_post_class":"","_genesis_layout":""},"product_brand":[],"product_cat":[7132,7174,7180],"product_tag":[],"class_list":{"0":"post-53482","1":"product","2":"type-product","3":"status-publish","4":"has-post-thumbnail","6":"product_cat-books","7":"product_cat-literature-en","8":"product_cat-poetry-en","9":"pa_auteur-cordas-leon-en","10":"pa_editeur-ieo-fr-en","11":"pa_langue-occitan-lengadocian-en","12":"pa_langue-occitan-francais-en","13":"entry","15":"first","16":"outofstock","17":"shipping-taxable","18":"purchasable","19":"product-type-simple"},"acf":[],"_links":{"self":[{"href":"https:\/\/www.libraria-occitana.org\/en\/wp-json\/wp\/v2\/product\/53482","targetHints":{"allow":["GET"]}}],"collection":[{"href":"https:\/\/www.libraria-occitana.org\/en\/wp-json\/wp\/v2\/product"}],"about":[{"href":"https:\/\/www.libraria-occitana.org\/en\/wp-json\/wp\/v2\/types\/product"}],"wp:featuredmedia":[{"embeddable":true,"href":"https:\/\/www.libraria-occitana.org\/en\/wp-json\/wp\/v2\/media\/53470"}],"wp:attachment":[{"href":"https:\/\/www.libraria-occitana.org\/en\/wp-json\/wp\/v2\/media?parent=53482"}],"wp:term":[{"taxonomy":"product_brand","embeddable":true,"href":"https:\/\/www.libraria-occitana.org\/en\/wp-json\/wp\/v2\/product_brand?post=53482"},{"taxonomy":"product_cat","embeddable":true,"href":"https:\/\/www.libraria-occitana.org\/en\/wp-json\/wp\/v2\/product_cat?post=53482"},{"taxonomy":"product_tag","embeddable":true,"href":"https:\/\/www.libraria-occitana.org\/en\/wp-json\/wp\/v2\/product_tag?post=53482"}],"curies":[{"name":"wp","href":"https:\/\/api.w.org\/{rel}","templated":true}]}}