{"id":53660,"date":"2021-02-11T16:15:37","date_gmt":"2021-02-11T15:15:37","guid":{"rendered":"http:\/\/www.libraria-occitana.org\/product\/metafriccions-a-collisioncity\/"},"modified":"2026-04-15T22:21:45","modified_gmt":"2026-04-15T20:21:45","slug":"metafriccions-a-collisioncity","status":"publish","type":"product","link":"https:\/\/www.libraria-occitana.org\/en\/product\/metafriccions-a-collisioncity\/","title":{"rendered":"Metaf(r)iccions a Collisioncity"},"content":{"rendered":"<p>Et bien m\u00eame si vous ne vouliez pas y croire, dans une ville comme Collisioncity et \u00e0 l\u2019heure actuelle, vous risquez d\u2019y rencontrer de tout : un biologiste (d\u00e9moniaque) ; un d\u00e9tective (facultatif) ; des Ninjas (ces guerriers implacables d\u00e9guis\u00e9s en chaussettes) ; des pensionnaires d\u2019une maison de retraite (sur le chemin de l\u2019\u00e9vasion).<\/p>\n<p>Et il se peut \u00e9galement que vous croisiez une bombinette antillaise (inspectrice de police) ; un perroquet sous acide qui se prend pour un t\u00e9l\u00e9\u00e9vang\u00e9liste ; un capitaliste ancien l\u00e9gionnaire affect\u00e9 d\u2019un complexe d\u2019\u0152dipe de premi\u00e8re. Un Yacht quasi clandestin dans le port de Badagobi ; une sex-tape originale et le Turbo Brain pour mettre le feu aux poudres.<\/p>\n<p>Sans compter sur ce que vous aurez \u00e9vit\u00e9.<\/p>\n","protected":false},"excerpt":{"rendered":"<p>Et bien m\u00eame si vous ne vouliez pas y croire, dans une ville comme Collisioncity et \u00e0 l\u2019heure actuelle, vous risquez d\u2019y rencontrer de tout : un biologiste (d\u00e9moniaque) ; un d\u00e9tective (facultatif) ; des Ninjas (ces guerriers implacables d\u00e9guis\u00e9s en chaussettes) ; des pensionnaires d\u2019une maison de retraite (sur le chemin de l\u2019\u00e9vasion). Et [&hellip;]<\/p>\n","protected":false},"featured_media":53658,"template":"","meta":{"_acf_changed":false,"_genesis_hide_title":false,"_genesis_hide_breadcrumbs":false,"_genesis_hide_singular_image":false,"_genesis_hide_footer_widgets":false,"_genesis_custom_body_class":"","_genesis_custom_post_class":"","_genesis_layout":""},"product_brand":[],"product_cat":[7132,7174,7182],"product_tag":[],"class_list":{"0":"post-53660","1":"product","2":"type-product","3":"status-publish","4":"has-post-thumbnail","6":"product_cat-books","7":"product_cat-literature-en","8":"product_cat-novels-short-stories-en","9":"pa_auteur-vernet-florian-en","10":"pa_editeur-ieo-fr-en","11":"pa_langue-occitan-en","12":"pa_langue-occitan-lengadocian-en","13":"entry","15":"first","16":"outofstock","17":"shipping-taxable","18":"purchasable","19":"product-type-simple"},"acf":[],"_links":{"self":[{"href":"https:\/\/www.libraria-occitana.org\/en\/wp-json\/wp\/v2\/product\/53660","targetHints":{"allow":["GET"]}}],"collection":[{"href":"https:\/\/www.libraria-occitana.org\/en\/wp-json\/wp\/v2\/product"}],"about":[{"href":"https:\/\/www.libraria-occitana.org\/en\/wp-json\/wp\/v2\/types\/product"}],"wp:featuredmedia":[{"embeddable":true,"href":"https:\/\/www.libraria-occitana.org\/en\/wp-json\/wp\/v2\/media\/53658"}],"wp:attachment":[{"href":"https:\/\/www.libraria-occitana.org\/en\/wp-json\/wp\/v2\/media?parent=53660"}],"wp:term":[{"taxonomy":"product_brand","embeddable":true,"href":"https:\/\/www.libraria-occitana.org\/en\/wp-json\/wp\/v2\/product_brand?post=53660"},{"taxonomy":"product_cat","embeddable":true,"href":"https:\/\/www.libraria-occitana.org\/en\/wp-json\/wp\/v2\/product_cat?post=53660"},{"taxonomy":"product_tag","embeddable":true,"href":"https:\/\/www.libraria-occitana.org\/en\/wp-json\/wp\/v2\/product_tag?post=53660"}],"curies":[{"name":"wp","href":"https:\/\/api.w.org\/{rel}","templated":true}]}}