{"id":53666,"date":"2021-02-11T16:33:38","date_gmt":"2021-02-11T15:33:38","guid":{"rendered":"http:\/\/www.libraria-occitana.org\/product\/le-bateau-de-pierre\/"},"modified":"2026-04-02T22:11:19","modified_gmt":"2026-04-02T20:11:19","slug":"le-bateau-de-pierre","status":"publish","type":"product","link":"https:\/\/www.libraria-occitana.org\/en\/product\/le-bateau-de-pierre\/","title":{"rendered":"Le bateau de pierre"},"content":{"rendered":"<p>Traduction fran\u00e7aise de <a href=\"http:\/\/www.libraria-occitana.org\/produit\/lo-bateu-de-peira\/\"><em>Lo Bat\u00e8u de p\u00e8ira<\/em><\/a>, \u00e9dit\u00e9 en 1984 dans la colleccion Atots (n\u00b084), par Lise Gros.<\/p>\n<p>Les eaux terreuses du fleuve Gabon et les eaux vertes du Gardon font voguer Simon au fil des souvenirs qui ont fait de lui un homme.<br \/>\nCulture africaine et culture occitane vivaces sous la domination fran\u00e7aise, entrent ici en r\u00e9sonance.<\/p>\n<p>\u00ab Il \u00e9tait indispensable de traduire ce livre en fran\u00e7ais, en r\u00e9ponse aux demandes pressantes d\u2019amis occitans qui souhaitaient en faire d\u00e9couvrir les richesses aux lecteurs francophones. Nous permettrons ainsi aux lecteurs de d\u00e9couvrir ce bateau de pierre, p\u00e2t\u00e9 de maisons amarr\u00e9 au croisement de deux grandes art\u00e8res n\u00eemoises. Ce roman n\u2019est pas une biographie car l\u2019auteur brouille les pistes entre lui et son p\u00e8re. Il pose un regard lucide sur la soci\u00e9t\u00e9, tant fran\u00e7aise qu\u2019africaine en \u00e9voquant beaut\u00e9s et travers.<br \/>\n\u201cJe sais que ma mythologie je me la suis faite sans grands-p\u00e8res conteurs ou grand-m\u00e8res berceuses. Avec un quartier, une ville, quelques collines aux alentours. Et tant de visages d\u00e9livr\u00e9s des grottes et labyrinthes de la m\u00e9moire. Ils sont maintenant pr\u00eats \u00e0 briller ou \u00e0 se recroqueviller dans l\u2019ombre, aux aubes africaines h\u00e9sitantes ou aux cr\u00e9puscules incendi\u00e9s.\u201d<br \/>\nLa grande culture de Georges Gros est juste \u00e9voqu\u00e9e par touches au fil des lignes pour r\u00e9v\u00e9ler ce qui fit de lui un homme.<br \/>\n\u201cC\u2019est d\u2019Afrique que je suis revenu avec la connaissance des choses et des gens d\u2019ici. Il est petit, le monde, finalement. Et elles sont puissantes les sorci\u00e8res de mort blanches de la piste d\u2019Ouendo.\u201d<br \/>\nNous souhaitons que la traduction du roman am\u00e8ne \u00e9galement le lecteur \u00e0 d\u00e9couvrir la version originale et la langue occitane, si belle et si riche. \u00bb<\/p>\n<p style=\"text-align: right;\">Lise Gros<br \/>\n\u00e9crivaine, conteuse,<br \/>\nvid\u00e9aste \u00e0 T\u00e8 V\u00e9 \u00d2c<\/p>\n","protected":false},"excerpt":{"rendered":"<p>Traduction fran\u00e7aise de Lo Bat\u00e8u de p\u00e8ira, \u00e9dit\u00e9 en 1984 dans la colleccion Atots (n\u00b084), par Lise Gros. Les eaux terreuses du fleuve Gabon et les eaux vertes du Gardon font voguer Simon au fil des souvenirs qui ont fait de lui un homme. Culture africaine et culture occitane vivaces sous la domination fran\u00e7aise, entrent [&hellip;]<\/p>\n","protected":false},"featured_media":53664,"template":"","meta":{"_acf_changed":false,"_genesis_hide_title":false,"_genesis_hide_breadcrumbs":false,"_genesis_hide_singular_image":false,"_genesis_hide_footer_widgets":false,"_genesis_custom_body_class":"","_genesis_custom_post_class":"","_genesis_layout":""},"product_brand":[],"product_cat":[7132,7174,7178,7182],"product_tag":[],"class_list":{"0":"post-53666","1":"product","2":"type-product","3":"status-publish","4":"has-post-thumbnail","6":"product_cat-books","7":"product_cat-literature-en","8":"product_cat-occitan-literature-in-french-en","9":"product_cat-novels-short-stories-en","10":"pa_auteur-gros-jorgi-en","11":"pa_editeur-ieo-fr-en","12":"pa_illustrateur-gros-lise-en","13":"pa_langue-francais-en","14":"entry","16":"first","17":"instock","18":"shipping-taxable","19":"purchasable","20":"product-type-simple"},"acf":[],"_links":{"self":[{"href":"https:\/\/www.libraria-occitana.org\/en\/wp-json\/wp\/v2\/product\/53666","targetHints":{"allow":["GET"]}}],"collection":[{"href":"https:\/\/www.libraria-occitana.org\/en\/wp-json\/wp\/v2\/product"}],"about":[{"href":"https:\/\/www.libraria-occitana.org\/en\/wp-json\/wp\/v2\/types\/product"}],"wp:featuredmedia":[{"embeddable":true,"href":"https:\/\/www.libraria-occitana.org\/en\/wp-json\/wp\/v2\/media\/53664"}],"wp:attachment":[{"href":"https:\/\/www.libraria-occitana.org\/en\/wp-json\/wp\/v2\/media?parent=53666"}],"wp:term":[{"taxonomy":"product_brand","embeddable":true,"href":"https:\/\/www.libraria-occitana.org\/en\/wp-json\/wp\/v2\/product_brand?post=53666"},{"taxonomy":"product_cat","embeddable":true,"href":"https:\/\/www.libraria-occitana.org\/en\/wp-json\/wp\/v2\/product_cat?post=53666"},{"taxonomy":"product_tag","embeddable":true,"href":"https:\/\/www.libraria-occitana.org\/en\/wp-json\/wp\/v2\/product_tag?post=53666"}],"curies":[{"name":"wp","href":"https:\/\/api.w.org\/{rel}","templated":true}]}}