{"id":53673,"date":"2021-02-11T18:36:56","date_gmt":"2021-02-11T17:36:56","guid":{"rendered":"http:\/\/www.libraria-occitana.org\/product\/danca-amb-los-voltres\/"},"modified":"2026-04-29T06:16:44","modified_gmt":"2026-04-29T04:16:44","slug":"danca-amb-los-voltres","status":"publish","type":"product","link":"https:\/\/www.libraria-occitana.org\/en\/product\/danca-amb-los-voltres\/","title":{"rendered":"Dan\u00e7a amb los voltres"},"content":{"rendered":"<p>La nouvelle est un genre litt\u00e9raire qui convient bien \u00e0 la langue occitane et S\u00e8rgi Viaule s\u2019y adonne avec gourmandise. Nous avons tous en m\u00e9moire son premier recueil <em>Fotuda planeta !<\/em> (Foutue plan\u00e8te !). Avec ce <em>Dan\u00e7a amb los voltres<\/em> (Dance avec les vautours), il nous en propose un floril\u00e8ge suppl\u00e9mentaire.<\/p>\n<p>Les vingt-quatre textes ici rassembl\u00e9s sont tous diff\u00e9rents, chacun avec une ambiance sp\u00e9cifique, mais ils sont tous marqu\u00e9s par l\u2019empreinte ind\u00e9l\u00e9bile de l\u2019auteur : celle de proposer une chute qu\u2019il esp\u00e8re inattendue pour les terminer.<\/p>\n<p>La prose de S\u00e8rgi Viaule peut \u00eatre \u00e0 la fois po\u00e9tique et humoristique. Certains textes ont un sens th\u00e9\u00e2tral marqu\u00e9. D\u2019un texte \u00e0 l\u2019autre, on peut passer du symbolisme au fantastique, avec quelques fois, une pinc\u00e9e de \u00ab naturo-romantisme \u00bb.<\/p>\n<p>L\u2019auteur \u00e9crit dans la langue riche et naturelle qui lui est reconnue. Une langue qu\u2019il \u00ab s\u2019obstine \u00e0 tordre dans les tous les sens afin d\u2019en extraire tout le jus \u00bb.<\/p>\n","protected":false},"excerpt":{"rendered":"<p>La nouvelle est un genre litt\u00e9raire qui convient bien \u00e0 la langue occitane et S\u00e8rgi Viaule s\u2019y adonne avec gourmandise. Nous avons tous en m\u00e9moire son premier recueil Fotuda planeta ! (Foutue plan\u00e8te !). Avec ce Dan\u00e7a amb los voltres (Dance avec les vautours), il nous en propose un floril\u00e8ge suppl\u00e9mentaire. Les vingt-quatre textes ici [&hellip;]<\/p>\n","protected":false},"featured_media":53671,"template":"","meta":{"_acf_changed":false,"_genesis_hide_title":false,"_genesis_hide_breadcrumbs":false,"_genesis_hide_singular_image":false,"_genesis_hide_footer_widgets":false,"_genesis_custom_body_class":"","_genesis_custom_post_class":"","_genesis_layout":""},"product_brand":[],"product_cat":[7132,7174,7182],"product_tag":[],"class_list":{"0":"post-53673","1":"product","2":"type-product","3":"status-publish","4":"has-post-thumbnail","6":"product_cat-books","7":"product_cat-literature-en","8":"product_cat-novels-short-stories-en","9":"pa_auteur-viaule-sergi-en","10":"pa_editeur-ieo-fr-en","11":"pa_langue-occitan-en","12":"pa_langue-occitan-lengadocian-en","13":"entry","15":"first","16":"outofstock","17":"shipping-taxable","18":"purchasable","19":"product-type-simple"},"acf":[],"_links":{"self":[{"href":"https:\/\/www.libraria-occitana.org\/en\/wp-json\/wp\/v2\/product\/53673","targetHints":{"allow":["GET"]}}],"collection":[{"href":"https:\/\/www.libraria-occitana.org\/en\/wp-json\/wp\/v2\/product"}],"about":[{"href":"https:\/\/www.libraria-occitana.org\/en\/wp-json\/wp\/v2\/types\/product"}],"wp:featuredmedia":[{"embeddable":true,"href":"https:\/\/www.libraria-occitana.org\/en\/wp-json\/wp\/v2\/media\/53671"}],"wp:attachment":[{"href":"https:\/\/www.libraria-occitana.org\/en\/wp-json\/wp\/v2\/media?parent=53673"}],"wp:term":[{"taxonomy":"product_brand","embeddable":true,"href":"https:\/\/www.libraria-occitana.org\/en\/wp-json\/wp\/v2\/product_brand?post=53673"},{"taxonomy":"product_cat","embeddable":true,"href":"https:\/\/www.libraria-occitana.org\/en\/wp-json\/wp\/v2\/product_cat?post=53673"},{"taxonomy":"product_tag","embeddable":true,"href":"https:\/\/www.libraria-occitana.org\/en\/wp-json\/wp\/v2\/product_tag?post=53673"}],"curies":[{"name":"wp","href":"https:\/\/api.w.org\/{rel}","templated":true}]}}