{"id":53680,"date":"2021-02-11T19:18:24","date_gmt":"2021-02-11T18:18:24","guid":{"rendered":"http:\/\/www.libraria-occitana.org\/product\/la-granda-timonaria\/"},"modified":"2026-04-16T22:26:57","modified_gmt":"2026-04-16T20:26:57","slug":"la-granda-timonaria","status":"publish","type":"product","link":"https:\/\/www.libraria-occitana.org\/en\/product\/la-granda-timonaria\/","title":{"rendered":"La Granda Timonari\u00e1"},"content":{"rendered":"<blockquote>\n<p>La b\u00e8la jovenc\u00e8la ataqu\u00e8t sensa patetejar. Queta filha estr\u00e0nia ! Que fasi\u00e1 au servici dau vi\u00e8lh pirata ? T\u2019avoi qu\u2019a partir d\u2019aqueste jorn la question decess\u00e8t plus de me trevar ; si\u00e1u segur que n\u2019\u00e8ra conscienta e qu\u2019\u00e8ra decidida de ne\u2019n jogar abilament. Lo retrach que me podi\u00e1u faire d\u2019ela semblava d\u2019aver una gr\u00f2ssa importan\u00e7a ; senti\u00e1u aqu\u00f2 dins lo j\u00f2c dei regards.<\/p>\n<\/blockquote>\n<p>&nbsp;<\/p>\n","protected":false},"excerpt":{"rendered":"<p>La b\u00e8la jovenc\u00e8la ataqu\u00e8t sensa patetejar. Queta filha estr\u00e0nia ! Que fasi\u00e1 au servici dau vi\u00e8lh pirata ? T\u2019avoi qu\u2019a partir d\u2019aqueste jorn la question decess\u00e8t plus de me trevar ; si\u00e1u segur que n\u2019\u00e8ra conscienta e qu\u2019\u00e8ra decidida de ne\u2019n jogar abilament. Lo retrach que me podi\u00e1u faire d\u2019ela semblava d\u2019aver una gr\u00f2ssa importan\u00e7a [&hellip;]<\/p>\n","protected":false},"featured_media":53677,"template":"","meta":{"_acf_changed":false,"_genesis_hide_title":false,"_genesis_hide_breadcrumbs":false,"_genesis_hide_singular_image":false,"_genesis_hide_footer_widgets":false,"_genesis_custom_body_class":"","_genesis_custom_post_class":"","_genesis_layout":""},"product_brand":[],"product_cat":[7132,7174,7182],"product_tag":[],"class_list":{"0":"post-53680","1":"product","2":"type-product","3":"status-publish","4":"has-post-thumbnail","6":"product_cat-books","7":"product_cat-literature-en","8":"product_cat-novels-short-stories-en","9":"pa_auteur-jumeu-romieg-en","10":"pa_editeur-ieo-fr-en","11":"pa_langue-occitan-en","12":"pa_langue-occitan-provencau-en","13":"entry","15":"first","16":"instock","17":"shipping-taxable","18":"purchasable","19":"product-type-simple"},"acf":[],"_links":{"self":[{"href":"https:\/\/www.libraria-occitana.org\/en\/wp-json\/wp\/v2\/product\/53680","targetHints":{"allow":["GET"]}}],"collection":[{"href":"https:\/\/www.libraria-occitana.org\/en\/wp-json\/wp\/v2\/product"}],"about":[{"href":"https:\/\/www.libraria-occitana.org\/en\/wp-json\/wp\/v2\/types\/product"}],"wp:featuredmedia":[{"embeddable":true,"href":"https:\/\/www.libraria-occitana.org\/en\/wp-json\/wp\/v2\/media\/53677"}],"wp:attachment":[{"href":"https:\/\/www.libraria-occitana.org\/en\/wp-json\/wp\/v2\/media?parent=53680"}],"wp:term":[{"taxonomy":"product_brand","embeddable":true,"href":"https:\/\/www.libraria-occitana.org\/en\/wp-json\/wp\/v2\/product_brand?post=53680"},{"taxonomy":"product_cat","embeddable":true,"href":"https:\/\/www.libraria-occitana.org\/en\/wp-json\/wp\/v2\/product_cat?post=53680"},{"taxonomy":"product_tag","embeddable":true,"href":"https:\/\/www.libraria-occitana.org\/en\/wp-json\/wp\/v2\/product_tag?post=53680"}],"curies":[{"name":"wp","href":"https:\/\/api.w.org\/{rel}","templated":true}]}}