{"id":53740,"date":"2021-02-17T13:26:18","date_gmt":"2021-02-17T12:26:18","guid":{"rendered":"http:\/\/www.libraria-occitana.org\/?post_type=product&#038;p=53740"},"modified":"2026-04-02T22:47:05","modified_gmt":"2026-04-02T20:47:05","slug":"vita-vitanta-jour-apres-jour-volume-i","status":"publish","type":"product","link":"https:\/\/www.libraria-occitana.org\/en\/product\/vita-vitanta-jour-apres-jour-volume-i\/","title":{"rendered":"Vita vitanta &#8211; Jour apr\u00e8s jour Volume I"},"content":{"rendered":"<p>Livre bilingue occitan-fran\u00e7ais.<\/p>\n<p>Le tome 1 comprend les 25 premi\u00e8res nouvelles de Miqu\u00e8u de Camelat \u00e9crites entre 1929 et 1954 (le tome 2 pr\u00e9sentera les 25 derni\u00e8res). V\u00e9ritables t\u00e9moignages de la vie dans la haute vall\u00e9e d&#8217;Azun. \u00ab Toutes ces histoires sont vraies et tous les personnages ont v\u00e9cu \u00bb explique l&#8217;auteur. Outre le r\u00e9alisme narratif, on retrouvera la qualit\u00e9 exceptionnelle de la langue de Cam\u00e9lat. Les textes sont pr\u00e9sent\u00e9s en graphie classique et traduits en fran\u00e7ais par Jean Salles-Loustau.<\/p>\n","protected":false},"excerpt":{"rendered":"<p>Livre bilingue occitan-fran\u00e7ais. Le tome 1 comprend les 25 premi\u00e8res nouvelles de Miqu\u00e8u de Camelat \u00e9crites entre 1929 et 1954 (le tome 2 pr\u00e9sentera les 25 derni\u00e8res). V\u00e9ritables t\u00e9moignages de la vie dans la haute vall\u00e9e d&#8217;Azun. \u00ab Toutes ces histoires sont vraies et tous les personnages ont v\u00e9cu \u00bb explique l&#8217;auteur. Outre le r\u00e9alisme [&hellip;]<\/p>\n","protected":false},"featured_media":53743,"template":"","meta":{"_acf_changed":false,"_genesis_hide_title":false,"_genesis_hide_breadcrumbs":false,"_genesis_hide_singular_image":false,"_genesis_hide_footer_widgets":false,"_genesis_custom_body_class":"","_genesis_custom_post_class":"","_genesis_layout":""},"product_brand":[],"product_cat":[7132,7174,7182],"product_tag":[],"class_list":{"0":"post-53740","1":"product","2":"type-product","3":"status-publish","4":"has-post-thumbnail","6":"product_cat-books","7":"product_cat-literature-en","8":"product_cat-novels-short-stories-en","9":"pa_auteur-camelat-miqueu-de-en","10":"pa_editeur-reclams-en","11":"pa_illustrateur-salles-loustau-joan-salles-loustau-jean-en","12":"pa_langue-occitan-gascon-en","13":"pa_langue-occitan-francais-en","14":"entry","16":"first","17":"instock","18":"shipping-taxable","19":"purchasable","20":"product-type-simple"},"acf":[],"_links":{"self":[{"href":"https:\/\/www.libraria-occitana.org\/en\/wp-json\/wp\/v2\/product\/53740","targetHints":{"allow":["GET"]}}],"collection":[{"href":"https:\/\/www.libraria-occitana.org\/en\/wp-json\/wp\/v2\/product"}],"about":[{"href":"https:\/\/www.libraria-occitana.org\/en\/wp-json\/wp\/v2\/types\/product"}],"wp:featuredmedia":[{"embeddable":true,"href":"https:\/\/www.libraria-occitana.org\/en\/wp-json\/wp\/v2\/media\/53743"}],"wp:attachment":[{"href":"https:\/\/www.libraria-occitana.org\/en\/wp-json\/wp\/v2\/media?parent=53740"}],"wp:term":[{"taxonomy":"product_brand","embeddable":true,"href":"https:\/\/www.libraria-occitana.org\/en\/wp-json\/wp\/v2\/product_brand?post=53740"},{"taxonomy":"product_cat","embeddable":true,"href":"https:\/\/www.libraria-occitana.org\/en\/wp-json\/wp\/v2\/product_cat?post=53740"},{"taxonomy":"product_tag","embeddable":true,"href":"https:\/\/www.libraria-occitana.org\/en\/wp-json\/wp\/v2\/product_tag?post=53740"}],"curies":[{"name":"wp","href":"https:\/\/api.w.org\/{rel}","templated":true}]}}