{"id":53749,"date":"2014-09-17T13:47:11","date_gmt":"2014-09-17T11:47:11","guid":{"rendered":"http:\/\/www.libraria-occitana.org\/product\/arantxa\/"},"modified":"2026-04-29T10:54:45","modified_gmt":"2026-04-29T08:54:45","slug":"arantxa","status":"publish","type":"product","link":"https:\/\/www.libraria-occitana.org\/en\/product\/arantxa\/","title":{"rendered":"Arantxa"},"content":{"rendered":"<p><em>Arantxa<\/em> est le troisi\u00e8me roman d&#8217;Eric Gonzal\u00e8s, apr\u00e8s <em>L&#8217;\u00f2rra istu\u00e8ra d&#8217;un hilh de Gel\u00f2s<\/em>\u00a0et <em>Lo melic de Silvia Chasaus<\/em>. Un roman d&#8217;amour et de sang qui nous fait revivre quelques-unes des heures les plus difficiles de l&#8217;histoire basque r\u00e9cente. Et ce, dans un gascon soign\u00e9 qui t\u00e9moigne de l&#8217;attrait de l&#8217;auteur d&#8217;<em>Arantxa<\/em> pour les langues occitanes, basque, espagnole.<\/p>\n<p>L&#8217;histoire : 1986. Un \u00e9tudiant occitan part \u00e0 Vitoria faire un m\u00e9moire de ma\u00eetrise sur de rares textes m\u00e9di\u00e9vaux. Une fois sur place, son attention est attir\u00e9e par le particularisme du pays et la situation de conflit dans laquelle il se trouve. Une situation v\u00e9cue tr\u00e8s diff\u00e9remment par les diff\u00e9rents \u00e9tudiants rencontr\u00e9s&#8230;<\/p>\n","protected":false},"excerpt":{"rendered":"<p>Arantxa est le troisi\u00e8me roman d&#8217;Eric Gonzal\u00e8s, apr\u00e8s L&#8217;\u00f2rra istu\u00e8ra d&#8217;un hilh de Gel\u00f2s\u00a0et Lo melic de Silvia Chasaus. Un roman d&#8217;amour et de sang qui nous fait revivre quelques-unes des heures les plus difficiles de l&#8217;histoire basque r\u00e9cente. Et ce, dans un gascon soign\u00e9 qui t\u00e9moigne de l&#8217;attrait de l&#8217;auteur d&#8217;Arantxa pour les langues [&hellip;]<\/p>\n","protected":false},"featured_media":53747,"template":"","meta":{"_acf_changed":false,"_genesis_hide_title":false,"_genesis_hide_breadcrumbs":false,"_genesis_hide_singular_image":false,"_genesis_hide_footer_widgets":false,"_genesis_custom_body_class":"","_genesis_custom_post_class":"","_genesis_layout":""},"product_brand":[],"product_cat":[7132,7174,7182],"product_tag":[],"class_list":{"0":"post-53749","1":"product","2":"type-product","3":"status-publish","4":"has-post-thumbnail","6":"product_cat-books","7":"product_cat-literature-en","8":"product_cat-novels-short-stories-en","9":"pa_auteur-gonzales-eric-en","10":"pa_editeur-reclams-en","11":"pa_langue-occitan-en","12":"pa_langue-occitan-gascon-en","13":"entry","15":"first","16":"instock","17":"shipping-taxable","18":"purchasable","19":"product-type-simple"},"acf":[],"_links":{"self":[{"href":"https:\/\/www.libraria-occitana.org\/en\/wp-json\/wp\/v2\/product\/53749","targetHints":{"allow":["GET"]}}],"collection":[{"href":"https:\/\/www.libraria-occitana.org\/en\/wp-json\/wp\/v2\/product"}],"about":[{"href":"https:\/\/www.libraria-occitana.org\/en\/wp-json\/wp\/v2\/types\/product"}],"wp:featuredmedia":[{"embeddable":true,"href":"https:\/\/www.libraria-occitana.org\/en\/wp-json\/wp\/v2\/media\/53747"}],"wp:attachment":[{"href":"https:\/\/www.libraria-occitana.org\/en\/wp-json\/wp\/v2\/media?parent=53749"}],"wp:term":[{"taxonomy":"product_brand","embeddable":true,"href":"https:\/\/www.libraria-occitana.org\/en\/wp-json\/wp\/v2\/product_brand?post=53749"},{"taxonomy":"product_cat","embeddable":true,"href":"https:\/\/www.libraria-occitana.org\/en\/wp-json\/wp\/v2\/product_cat?post=53749"},{"taxonomy":"product_tag","embeddable":true,"href":"https:\/\/www.libraria-occitana.org\/en\/wp-json\/wp\/v2\/product_tag?post=53749"}],"curies":[{"name":"wp","href":"https:\/\/api.w.org\/{rel}","templated":true}]}}