{"id":53759,"date":"2019-05-17T18:51:10","date_gmt":"2019-05-17T16:51:10","guid":{"rendered":"http:\/\/www.libraria-occitana.org\/product\/le-parler-occitan-de-chaumont-chiomonte-et-des-ramats\/"},"modified":"2026-04-25T08:02:03","modified_gmt":"2026-04-25T06:02:03","slug":"le-parler-occitan-de-chaumont-chiomonte-et-des-ramats","status":"publish","type":"product","link":"https:\/\/www.libraria-occitana.org\/en\/product\/le-parler-occitan-de-chaumont-chiomonte-et-des-ramats\/","title":{"rendered":"Le parler occitan de Chaumont (Chiomonte) et des Ramats"},"content":{"rendered":"<p>La commune de Chiomonte (anciennement <em>Chaumont<\/em>) est situ\u00e9e dans la Haute-Vall\u00e9e de Suse ou <em>Vall\u00e9e d&#8217;Oulx<\/em>, en Italie. Elle est la derni\u00e8re commune occitanophone en direction de Turin. Le village de Gravere, \u00e0 3 km, est de langue francoproven\u00e7ale et Suse, \u00e0 7 km, constitue depuis le XVIIIe si\u00e8cle, une enclave pi\u00e9montaise en zone francoproven\u00e7ale. La commune est compos\u00e9e du bourg de Chaumont, situ\u00e9 sur une voie de communication avec la route nationale et le chemin de fer, et d&#8217;un groupe de hameaux : Les Ramats, plus isol\u00e9 dans la montagne.<\/p>\n<p>L&#8217;objet de cet ouvrage est de d\u00e9crire le parler occitan de Chaumont et des Ramats d&#8217;un point de vue phonologique, morphologique, syntaxique et lexical, \u00e0 partir d&#8217;un corpus de donn\u00e9es authentiques.<\/p>\n<p>Apr\u00e8s une introduction historique et sociolinguistique, le chapitre 2 est consacr\u00e9 \u00e0 la phon\u00e9tique et \u00e0 la phonologie. Les chapitres suivants abordent la morphologie et la syntaxe. Le chapitre 20 consiste en un lexique alphab\u00e9tique compos\u00e9 d\u2019environ 1900 mots. Le chapitre 21 d\u00e9crit la situation du parler de Chaumont et des Ramats au sein de l\u2019ensemble occitan. Enfin, le chapitre 22 pr\u00e9sente quelques extraits du corpus ayant servi de base \u00e0 ce travail.<\/p>\n","protected":false},"excerpt":{"rendered":"<p>La commune de Chiomonte (anciennement Chaumont) est situ\u00e9e dans la Haute-Vall\u00e9e de Suse ou Vall\u00e9e d&#8217;Oulx, en Italie. Elle est la derni\u00e8re commune occitanophone en direction de Turin. Le village de Gravere, \u00e0 3 km, est de langue francoproven\u00e7ale et Suse, \u00e0 7 km, constitue depuis le XVIIIe si\u00e8cle, une enclave pi\u00e9montaise en zone francoproven\u00e7ale. [&hellip;]<\/p>\n","protected":false},"featured_media":53757,"template":"","meta":{"_acf_changed":false,"_genesis_hide_title":false,"_genesis_hide_breadcrumbs":false,"_genesis_hide_singular_image":false,"_genesis_hide_footer_widgets":false,"_genesis_custom_body_class":"","_genesis_custom_post_class":"","_genesis_layout":""},"product_brand":[],"product_cat":[7132,7136,7140],"product_tag":[],"class_list":{"0":"post-53759","1":"product","2":"type-product","3":"status-publish","4":"has-post-thumbnail","6":"product_cat-books","7":"product_cat-dictionaries-language-educational-en","8":"product_cat-linguistics-en","9":"pa_auteur-sibille-jean-en","10":"pa_editeur-edizioni-dell-orso-en","11":"pa_langue-francais-en","12":"entry","14":"first","15":"outofstock","16":"shipping-taxable","17":"purchasable","18":"product-type-simple"},"acf":[],"_links":{"self":[{"href":"https:\/\/www.libraria-occitana.org\/en\/wp-json\/wp\/v2\/product\/53759","targetHints":{"allow":["GET"]}}],"collection":[{"href":"https:\/\/www.libraria-occitana.org\/en\/wp-json\/wp\/v2\/product"}],"about":[{"href":"https:\/\/www.libraria-occitana.org\/en\/wp-json\/wp\/v2\/types\/product"}],"wp:featuredmedia":[{"embeddable":true,"href":"https:\/\/www.libraria-occitana.org\/en\/wp-json\/wp\/v2\/media\/53757"}],"wp:attachment":[{"href":"https:\/\/www.libraria-occitana.org\/en\/wp-json\/wp\/v2\/media?parent=53759"}],"wp:term":[{"taxonomy":"product_brand","embeddable":true,"href":"https:\/\/www.libraria-occitana.org\/en\/wp-json\/wp\/v2\/product_brand?post=53759"},{"taxonomy":"product_cat","embeddable":true,"href":"https:\/\/www.libraria-occitana.org\/en\/wp-json\/wp\/v2\/product_cat?post=53759"},{"taxonomy":"product_tag","embeddable":true,"href":"https:\/\/www.libraria-occitana.org\/en\/wp-json\/wp\/v2\/product_tag?post=53759"}],"curies":[{"name":"wp","href":"https:\/\/api.w.org\/{rel}","templated":true}]}}