{"id":53803,"date":"1978-11-19T11:51:29","date_gmt":"1978-11-19T10:51:29","guid":{"rendered":"http:\/\/www.libraria-occitana.org\/product\/vida-de-joan-larsinhac\/"},"modified":"2026-04-29T03:51:59","modified_gmt":"2026-04-29T01:51:59","slug":"vida-de-joan-larsinhac","status":"publish","type":"product","link":"https:\/\/www.libraria-occitana.org\/en\/product\/vida-de-joan-larsinhac\/","title":{"rendered":"Vida de Joan Larsinhac"},"content":{"rendered":"<blockquote>\n<p>Acabada la montada, un bofe d\u2019aura nos tengu\u00e8t espelofits. Lo c\u00e8u \u00e8ra larg e lisc, furnat de v\u00e8nt e d\u2019automne. Rogier digu\u00e8t : Aic\u00ed si\u00e1m. \u00bb<\/p>\n<p>Tocant lo camin, virada vers la comba jauna e roja, i avi\u00e1 una lausa simpla. Sus la p\u00e8ira una man s\u00e8ns biais avi\u00e1 pintat : \u00ab Aic\u00ed morigu\u00e8t afuselhat p\u00e8r l\u2019enemic, Joan Larsinhac, que li disi\u00e1n Joanet. \u00bb Quauqui margaridas s\u2019\u00e8ran passidas dins una caisseta de f\u00e8r rovilhada&#8230;<\/p>\n<\/blockquote>\n<p><strong>Robert Lafont<\/strong> (N\u00eemes, 1923 &#8211; Florence, Italie, 2009) \u00e9tait un intellectuel occitan et plus particuli\u00e8rement un linguiste, un \u00e9crivain, un historien, un sp\u00e9cialiste de la litt\u00e9rature et un th\u00e9oricien politique. Il est une des plus grandes figures historiques de l&#8217;occitanisme.<\/p>\n<p><a href=\"http:\/\/www.libraria-occitana.org\/produit\/vie-de-jean-larsinhac\/\"><em>Vie de Jean Larsinhac<\/em><\/a>, traduction fran\u00e7aise<\/p>\n","protected":false},"excerpt":{"rendered":"<p>Acabada la montada, un bofe d\u2019aura nos tengu\u00e8t espelofits. Lo c\u00e8u \u00e8ra larg e lisc, furnat de v\u00e8nt e d\u2019automne. Rogier digu\u00e8t : Aic\u00ed si\u00e1m. \u00bb Tocant lo camin, virada vers la comba jauna e roja, i avi\u00e1 una lausa simpla. Sus la p\u00e8ira una man s\u00e8ns biais avi\u00e1 pintat : \u00ab Aic\u00ed morigu\u00e8t afuselhat [&hellip;]<\/p>\n","protected":false},"featured_media":53786,"template":"","meta":{"_acf_changed":false,"_genesis_hide_title":false,"_genesis_hide_breadcrumbs":false,"_genesis_hide_singular_image":false,"_genesis_hide_footer_widgets":false,"_genesis_custom_body_class":"","_genesis_custom_post_class":"","_genesis_layout":""},"product_brand":[],"product_cat":[7132,7174,7182],"product_tag":[],"class_list":{"0":"post-53803","1":"product","2":"type-product","3":"status-publish","4":"has-post-thumbnail","6":"product_cat-books","7":"product_cat-literature-en","8":"product_cat-novels-short-stories-en","9":"pa_editeur-ieo-fr-en","10":"pa_illustrateur-lafont-robert-en","11":"pa_langue-occitan-en","12":"pa_langue-occitan-provencau-en","13":"entry","15":"first","16":"instock","17":"shipping-taxable","18":"purchasable","19":"product-type-simple"},"acf":[],"_links":{"self":[{"href":"https:\/\/www.libraria-occitana.org\/en\/wp-json\/wp\/v2\/product\/53803","targetHints":{"allow":["GET"]}}],"collection":[{"href":"https:\/\/www.libraria-occitana.org\/en\/wp-json\/wp\/v2\/product"}],"about":[{"href":"https:\/\/www.libraria-occitana.org\/en\/wp-json\/wp\/v2\/types\/product"}],"wp:featuredmedia":[{"embeddable":true,"href":"https:\/\/www.libraria-occitana.org\/en\/wp-json\/wp\/v2\/media\/53786"}],"wp:attachment":[{"href":"https:\/\/www.libraria-occitana.org\/en\/wp-json\/wp\/v2\/media?parent=53803"}],"wp:term":[{"taxonomy":"product_brand","embeddable":true,"href":"https:\/\/www.libraria-occitana.org\/en\/wp-json\/wp\/v2\/product_brand?post=53803"},{"taxonomy":"product_cat","embeddable":true,"href":"https:\/\/www.libraria-occitana.org\/en\/wp-json\/wp\/v2\/product_cat?post=53803"},{"taxonomy":"product_tag","embeddable":true,"href":"https:\/\/www.libraria-occitana.org\/en\/wp-json\/wp\/v2\/product_tag?post=53803"}],"curies":[{"name":"wp","href":"https:\/\/api.w.org\/{rel}","templated":true}]}}