{"id":53877,"date":"2021-02-26T16:22:33","date_gmt":"2021-02-26T15:22:33","guid":{"rendered":"http:\/\/www.libraria-occitana.org\/product\/53873\/"},"modified":"2026-04-29T10:19:49","modified_gmt":"2026-04-29T08:19:49","slug":"lo-suau-daus-buous-memoria-de-la-nevia","status":"publish","type":"product","link":"https:\/\/www.libraria-occitana.org\/en\/product\/lo-suau-daus-buous-memoria-de-la-nevia\/","title":{"rendered":"Lo Suau daus bu\u00f2us, Mem\u00f2ria de la nevia"},"content":{"rendered":"<p>Dans sa version limousine, Jan dau Melhau a su rendre magnifiquement la force de ces po\u00e8mes de Julio Llamazares, \u00e9crivain espagnol reconnu.<\/p>\n<p>Dans ces deux recueils r\u00e9unis en un seul livre, c\u2019est tout une nature habit\u00e9e qui se r\u00e9v\u00e8le. Une \u00e9criture empreinte de la nostalgie d\u2019un pays hors du temps.<\/p>\n","protected":false},"excerpt":{"rendered":"<p>Dans sa version limousine, Jan dau Melhau a su rendre magnifiquement la force de ces po\u00e8mes de Julio Llamazares, \u00e9crivain espagnol reconnu. Dans ces deux recueils r\u00e9unis en un seul livre, c\u2019est tout une nature habit\u00e9e qui se r\u00e9v\u00e8le. Une \u00e9criture empreinte de la nostalgie d\u2019un pays hors du temps.<\/p>\n","protected":false},"featured_media":53875,"template":"","meta":{"_acf_changed":false,"_genesis_hide_title":false,"_genesis_hide_breadcrumbs":false,"_genesis_hide_singular_image":false,"_genesis_hide_footer_widgets":false,"_genesis_custom_body_class":"","_genesis_custom_post_class":"","_genesis_layout":""},"product_brand":[],"product_cat":[7132,7174,7180],"product_tag":[],"class_list":{"0":"post-53877","1":"product","2":"type-product","3":"status-publish","4":"has-post-thumbnail","6":"product_cat-books","7":"product_cat-literature-en","8":"product_cat-poetry-en","9":"pa_auteur-llamazares-julio-en","10":"pa_editeur-letras-doc-en","11":"pa_illustrateur-melhau-jan-dau-en-2","12":"pa_langue-occitan-en","13":"pa_langue-occitan-lemosin-en","14":"entry","16":"first","17":"instock","18":"shipping-taxable","19":"purchasable","20":"product-type-simple"},"acf":[],"_links":{"self":[{"href":"https:\/\/www.libraria-occitana.org\/en\/wp-json\/wp\/v2\/product\/53877","targetHints":{"allow":["GET"]}}],"collection":[{"href":"https:\/\/www.libraria-occitana.org\/en\/wp-json\/wp\/v2\/product"}],"about":[{"href":"https:\/\/www.libraria-occitana.org\/en\/wp-json\/wp\/v2\/types\/product"}],"wp:featuredmedia":[{"embeddable":true,"href":"https:\/\/www.libraria-occitana.org\/en\/wp-json\/wp\/v2\/media\/53875"}],"wp:attachment":[{"href":"https:\/\/www.libraria-occitana.org\/en\/wp-json\/wp\/v2\/media?parent=53877"}],"wp:term":[{"taxonomy":"product_brand","embeddable":true,"href":"https:\/\/www.libraria-occitana.org\/en\/wp-json\/wp\/v2\/product_brand?post=53877"},{"taxonomy":"product_cat","embeddable":true,"href":"https:\/\/www.libraria-occitana.org\/en\/wp-json\/wp\/v2\/product_cat?post=53877"},{"taxonomy":"product_tag","embeddable":true,"href":"https:\/\/www.libraria-occitana.org\/en\/wp-json\/wp\/v2\/product_tag?post=53877"}],"curies":[{"name":"wp","href":"https:\/\/api.w.org\/{rel}","templated":true}]}}