{"id":53925,"date":"2021-03-11T17:55:04","date_gmt":"2021-03-11T16:55:04","guid":{"rendered":"http:\/\/www.libraria-occitana.org\/product\/parc-naturel-regional-perigord-limousin-patrimoine-industriel-et-artisanal\/"},"modified":"2026-04-14T20:41:46","modified_gmt":"2026-04-14T18:41:46","slug":"parc-naturel-regional-perigord-limousin-patrimoine-industriel-et-artisanal","status":"publish","type":"product","link":"https:\/\/www.libraria-occitana.org\/en\/product\/parc-naturel-regional-perigord-limousin-patrimoine-industriel-et-artisanal\/","title":{"rendered":"Parc naturel r\u00e9gional P\u00e9rigord-Limousin : Patrimoine industriel et artisanal"},"content":{"rendered":"<p>Aujourd&#8217;hui reconnu pour son patrimoine naturel, le Parc naturel r\u00e9gional P\u00e9rigord-Limousin est aussi un t\u00e9moin de la longue histoire \u00e9conomique des campagnes fran\u00e7aises, marqu\u00e9e par l\u2019artisanat et l\u2019industrie dont le d\u00e9veloppement sur ce territoire s\u2019explique par la pr\u00e9sence en abondance de l\u2019eau et de ressources naturelles (bois, pierre, minerai, etc.).<\/p>\n<p>Cette histoire d\u00e9bute \u00e0 la fin du Moyen \u00c2ge, quand apparaissent les innovations de la Renaissance technique, et s\u2019ach\u00e8ve lors de la d\u00e9sindustrialisation des ann\u00e9es 1980. Entre ces deux p\u00e9riodes, la double r\u00e9volution industrielle et agricole du XIXe si\u00e8cle, marqu\u00e9e par l\u2019arriv\u00e9e d\u00e9cisive du chemin de fer, donne un nouvel \u00e9lan \u00e0 cette industrie rurale. Le paysage \u00e9conomique du territoire est compos\u00e9 de forges, moulins, tuileries, carri\u00e8res, mines, scieries ou usines textiles qui naissent, se d\u00e9veloppent, se transforment, disparaissent, se renouvellent au fil du temps, au gr\u00e9 des innovations et de la conjoncture.<\/p>\n<p>Aujourd\u2019hui encore, les scieries concentr\u00e9es autour de Ch\u00e2lus, les tuileries de Puycheny, la coutellerie nontronnaise, la tannerie \u00e0 Saint-Pardoux et les ganteries saint-juniaudes, ainsi que les nombreux artisans d\u2019art qui ont investi le territoire participent au maintien et \u00e0 la mise en valeur des savoir-faire issus des ressources naturelles du Parc.<\/p>\n<p>\u00c0 travers trois itin\u00e9raires et une trentaine de sites \u2013 en majorit\u00e9 ouverts au public \u2013, ce livre r\u00e9v\u00e8le toute la richesse et la diversit\u00e9 d\u2019un patrimoine souvent m\u00e9connu, de sites industriels et de savoir-faire, de traditions ouvri\u00e8res oubli\u00e9s et raconte ainsi l\u2019histoire de ce territoire.<\/p>\n","protected":false},"excerpt":{"rendered":"<p>Aujourd&#8217;hui reconnu pour son patrimoine naturel, le Parc naturel r\u00e9gional P\u00e9rigord-Limousin est aussi un t\u00e9moin de la longue histoire \u00e9conomique des campagnes fran\u00e7aises, marqu\u00e9e par l\u2019artisanat et l\u2019industrie dont le d\u00e9veloppement sur ce territoire s\u2019explique par la pr\u00e9sence en abondance de l\u2019eau et de ressources naturelles (bois, pierre, minerai, etc.). Cette histoire d\u00e9bute \u00e0 la [&hellip;]<\/p>\n","protected":false},"featured_media":53923,"template":"","meta":{"_acf_changed":false,"_genesis_hide_title":false,"_genesis_hide_breadcrumbs":false,"_genesis_hide_singular_image":false,"_genesis_hide_footer_widgets":false,"_genesis_custom_body_class":"","_genesis_custom_post_class":"","_genesis_layout":""},"product_brand":[],"product_cat":[7132,7214,7198,7196,7206],"product_tag":[],"class_list":{"0":"post-53925","1":"product","2":"type-product","3":"status-publish","4":"has-post-thumbnail","6":"product_cat-books","7":"product_cat-built-heritage-en","8":"product_cat-guides-tourism-en","9":"product_cat-nature-tourism-en","10":"product_cat-traditions-heritage-en","11":"pa_auteur-decoux-jerome-en","12":"pa_auteur-grollimund-florian-en","13":"pa_auteur-vignaud-j-f-en","14":"pa_editeur-editions-le-festin-en","15":"pa_illustrateur-riviere-philippe-en","16":"pa_langue-francais-en","17":"entry","19":"first","20":"instock","21":"shipping-taxable","22":"purchasable","23":"product-type-simple"},"acf":[],"_links":{"self":[{"href":"https:\/\/www.libraria-occitana.org\/en\/wp-json\/wp\/v2\/product\/53925","targetHints":{"allow":["GET"]}}],"collection":[{"href":"https:\/\/www.libraria-occitana.org\/en\/wp-json\/wp\/v2\/product"}],"about":[{"href":"https:\/\/www.libraria-occitana.org\/en\/wp-json\/wp\/v2\/types\/product"}],"wp:featuredmedia":[{"embeddable":true,"href":"https:\/\/www.libraria-occitana.org\/en\/wp-json\/wp\/v2\/media\/53923"}],"wp:attachment":[{"href":"https:\/\/www.libraria-occitana.org\/en\/wp-json\/wp\/v2\/media?parent=53925"}],"wp:term":[{"taxonomy":"product_brand","embeddable":true,"href":"https:\/\/www.libraria-occitana.org\/en\/wp-json\/wp\/v2\/product_brand?post=53925"},{"taxonomy":"product_cat","embeddable":true,"href":"https:\/\/www.libraria-occitana.org\/en\/wp-json\/wp\/v2\/product_cat?post=53925"},{"taxonomy":"product_tag","embeddable":true,"href":"https:\/\/www.libraria-occitana.org\/en\/wp-json\/wp\/v2\/product_tag?post=53925"}],"curies":[{"name":"wp","href":"https:\/\/api.w.org\/{rel}","templated":true}]}}