{"id":54018,"date":"2020-12-31T17:48:48","date_gmt":"2020-12-31T16:48:48","guid":{"rendered":"http:\/\/www.libraria-occitana.org\/?post_type=product&#038;p=54018"},"modified":"2026-04-29T07:12:06","modified_gmt":"2026-04-29T05:12:06","slug":"le-pti-prinss","status":"publish","type":"product","link":"https:\/\/www.libraria-occitana.org\/en\/product\/le-pti-prinss\/","title":{"rendered":"L\u00eb P&#8217;ti Prinss&#8217; : Patou\u00e8 d\u00eb Gjuson \/ \u00c9guzonnais (\u00c9guzon-Chant\u00f4me, Indre)"},"content":{"rendered":"<p>Une version en occitan d&#8217;\u00c9guzon-Chant\u00f4me (36) du <em>Petit Prince<\/em> de Saint-Exup\u00e9ry. Graphie phon\u00e9tique de l&#8217;auteur.<\/p>\n<p>\u00ab Adje\u00fb, dissi l\u00eb r&#8217;n\u00e2.<br \/>\nT\u00e8, v&#8217; \u00e9 qu\u00f4 mon s\u00ebcr\u00e8. O z&#8217; \u00e9 bin simpye :<br \/>\nN&#8217;vou\u00e9yin byin qu&#8217;av\u00e8c l\u00eb qcheur.<br \/>\nL&#8217;pu impohrtan n&#8217;s\u00eb vou\u00e8y p\u00e2 av\u00e8c l\u00f4s euy&#8217;. \u00bb<\/p>\n<p>Traduction : Roselyne Chomette-Newhouse. \u00c9dition : Nicolas Quint.<\/p>\n","protected":false},"excerpt":{"rendered":"<p>Une version en occitan d&#8217;\u00c9guzon-Chant\u00f4me (36) du Petit Prince de Saint-Exup\u00e9ry. Graphie phon\u00e9tique de l&#8217;auteur. \u00ab Adje\u00fb, dissi l\u00eb r&#8217;n\u00e2. T\u00e8, v&#8217; \u00e9 qu\u00f4 mon s\u00ebcr\u00e8. O z&#8217; \u00e9 bin simpye : N&#8217;vou\u00e9yin byin qu&#8217;av\u00e8c l\u00eb qcheur. L&#8217;pu impohrtan n&#8217;s\u00eb vou\u00e8y p\u00e2 av\u00e8c l\u00f4s euy&#8217;. \u00bb Traduction : Roselyne Chomette-Newhouse. \u00c9dition : Nicolas Quint.<\/p>\n","protected":false},"featured_media":54027,"template":"","meta":{"_acf_changed":false,"_genesis_hide_title":false,"_genesis_hide_breadcrumbs":false,"_genesis_hide_singular_image":false,"_genesis_hide_footer_widgets":false,"_genesis_custom_body_class":"","_genesis_custom_post_class":"","_genesis_layout":""},"product_brand":[],"product_cat":[7132,7136,7140],"product_tag":[],"class_list":{"0":"post-54018","1":"product","2":"type-product","3":"status-publish","4":"has-post-thumbnail","6":"product_cat-books","7":"product_cat-dictionaries-language-educational-en","8":"product_cat-linguistics-en","9":"pa_auteur-saint-exupery-antoine-de-fr-en","10":"pa_editeur-tintenfass-en","11":"pa_illustrateur-chomette-newhouse-roselyne-en","12":"pa_illustrateur-quint-nicolas-en-1","13":"pa_langue-occitan-en","14":"pa_langue-occitan-lemosin-en","15":"entry","17":"first","18":"instock","19":"shipping-taxable","20":"purchasable","21":"product-type-simple"},"acf":[],"_links":{"self":[{"href":"https:\/\/www.libraria-occitana.org\/en\/wp-json\/wp\/v2\/product\/54018","targetHints":{"allow":["GET"]}}],"collection":[{"href":"https:\/\/www.libraria-occitana.org\/en\/wp-json\/wp\/v2\/product"}],"about":[{"href":"https:\/\/www.libraria-occitana.org\/en\/wp-json\/wp\/v2\/types\/product"}],"wp:featuredmedia":[{"embeddable":true,"href":"https:\/\/www.libraria-occitana.org\/en\/wp-json\/wp\/v2\/media\/54027"}],"wp:attachment":[{"href":"https:\/\/www.libraria-occitana.org\/en\/wp-json\/wp\/v2\/media?parent=54018"}],"wp:term":[{"taxonomy":"product_brand","embeddable":true,"href":"https:\/\/www.libraria-occitana.org\/en\/wp-json\/wp\/v2\/product_brand?post=54018"},{"taxonomy":"product_cat","embeddable":true,"href":"https:\/\/www.libraria-occitana.org\/en\/wp-json\/wp\/v2\/product_cat?post=54018"},{"taxonomy":"product_tag","embeddable":true,"href":"https:\/\/www.libraria-occitana.org\/en\/wp-json\/wp\/v2\/product_tag?post=54018"}],"curies":[{"name":"wp","href":"https:\/\/api.w.org\/{rel}","templated":true}]}}