{"id":54030,"date":"2020-12-31T18:08:32","date_gmt":"2020-12-31T17:08:32","guid":{"rendered":"http:\/\/www.libraria-occitana.org\/?post_type=product&#038;p=54030"},"modified":"2026-04-03T05:56:25","modified_gmt":"2026-04-03T03:56:25","slug":"le-ptit-prince-2","status":"publish","type":"product","link":"https:\/\/www.libraria-occitana.org\/en\/product\/le-ptit-prince-2\/","title":{"rendered":"Le P&#8217;tit Prince"},"content":{"rendered":"<p>Une version en occitan de Crozant (Creuse) du <em>Petit Prince<\/em> de Saint-Exup\u00e9ry. Graphie phon\u00e9tique de l&#8217;auteur.<\/p>\n<p>\u00ab Ar&#8217;vaye, dissi le r&#8217;n\u00e2d.<br \/>\nV\u00f4ci mon secr\u00e9t. Ou z&#8217; \u00e9 byin simpye :<br \/>\nen vaye byin qu&#8217;av\u00e8que le tcheur.<br \/>\nNout\u00e9s euils vayzint p\u00e2s le pu important. \u00bb<\/p>\n<p>Traduction : Rolande Moreau. \u00c9dition : Am\u00e9lie Deparis, Nicolas Quint.<\/p>\n","protected":false},"excerpt":{"rendered":"<p>Une version en occitan de Crozant (Creuse) du Petit Prince de Saint-Exup\u00e9ry. Graphie phon\u00e9tique de l&#8217;auteur. \u00ab Ar&#8217;vaye, dissi le r&#8217;n\u00e2d. V\u00f4ci mon secr\u00e9t. Ou z&#8217; \u00e9 byin simpye : en vaye byin qu&#8217;av\u00e8que le tcheur. Nout\u00e9s euils vayzint p\u00e2s le pu important. \u00bb Traduction : Rolande Moreau. \u00c9dition : Am\u00e9lie Deparis, Nicolas Quint.<\/p>\n","protected":false},"featured_media":54024,"template":"","meta":{"_acf_changed":false,"_genesis_hide_title":false,"_genesis_hide_breadcrumbs":false,"_genesis_hide_singular_image":false,"_genesis_hide_footer_widgets":false,"_genesis_custom_body_class":"","_genesis_custom_post_class":"","_genesis_layout":""},"product_brand":[],"product_cat":[7132,7136,7140],"product_tag":[],"class_list":{"0":"post-54030","1":"product","2":"type-product","3":"status-publish","4":"has-post-thumbnail","6":"product_cat-books","7":"product_cat-dictionaries-language-educational-en","8":"product_cat-linguistics-en","9":"pa_auteur-saint-exupery-antoine-de-fr-en","10":"pa_editeur-tintenfass-en","11":"pa_illustrateur-deparis-amelie-en","12":"pa_illustrateur-moreau-rolande-en","13":"pa_illustrateur-quint-nicolas-en-1","14":"pa_langue-occitan-en","15":"pa_langue-occitan-lemosin-en","16":"entry","18":"first","19":"instock","20":"shipping-taxable","21":"purchasable","22":"product-type-simple"},"acf":[],"_links":{"self":[{"href":"https:\/\/www.libraria-occitana.org\/en\/wp-json\/wp\/v2\/product\/54030","targetHints":{"allow":["GET"]}}],"collection":[{"href":"https:\/\/www.libraria-occitana.org\/en\/wp-json\/wp\/v2\/product"}],"about":[{"href":"https:\/\/www.libraria-occitana.org\/en\/wp-json\/wp\/v2\/types\/product"}],"wp:featuredmedia":[{"embeddable":true,"href":"https:\/\/www.libraria-occitana.org\/en\/wp-json\/wp\/v2\/media\/54024"}],"wp:attachment":[{"href":"https:\/\/www.libraria-occitana.org\/en\/wp-json\/wp\/v2\/media?parent=54030"}],"wp:term":[{"taxonomy":"product_brand","embeddable":true,"href":"https:\/\/www.libraria-occitana.org\/en\/wp-json\/wp\/v2\/product_brand?post=54030"},{"taxonomy":"product_cat","embeddable":true,"href":"https:\/\/www.libraria-occitana.org\/en\/wp-json\/wp\/v2\/product_cat?post=54030"},{"taxonomy":"product_tag","embeddable":true,"href":"https:\/\/www.libraria-occitana.org\/en\/wp-json\/wp\/v2\/product_tag?post=54030"}],"curies":[{"name":"wp","href":"https:\/\/api.w.org\/{rel}","templated":true}]}}