{"id":54037,"date":"2020-03-31T18:41:40","date_gmt":"2020-03-31T16:41:40","guid":{"rendered":"http:\/\/www.libraria-occitana.org\/?post_type=product&#038;p=54037"},"modified":"2026-04-29T01:01:50","modified_gmt":"2026-04-28T23:01:50","slug":"terra-terre","status":"publish","type":"product","link":"https:\/\/www.libraria-occitana.org\/en\/product\/terra-terre\/","title":{"rendered":"T\u00e8rra &#8211; Terre"},"content":{"rendered":"<p>En occitan languedocien avec la traduction fran\u00e7aise de l&#8217;auteur en regard.<\/p>\n<p>Les po\u00e8mes engag\u00e9s d\u2019une po\u00e8te militante.<\/p>\n<blockquote>\n<p>Dins aquela comuna es nascuda la femna<br \/>\nQue sonan Ol\u00edmpia disi\u00e1 que tot\u00f2m era egal<br \/>\nEs montada sul cadafalc, \u00e8ra femna.<br \/>\nDins aquela comuna pass\u00e8t de temps e de temps<\/p>\n<p>Dans cette commune est n\u00e9e la femme<br \/>\nqu\u2019on appelait Olympe elle disait<br \/>\nqu\u2019on \u00e9tait tous \u00e9gaux<br \/>\nElle est mont\u00e9e sur l&#8217;\u00e9chafaud, elle \u00e9tait femme.<br \/>\nDans cette commune du temps passa passa<\/p>\n<\/blockquote>\n","protected":false},"excerpt":{"rendered":"<p>En occitan languedocien avec la traduction fran\u00e7aise de l&#8217;auteur en regard. Les po\u00e8mes engag\u00e9s d\u2019une po\u00e8te militante. Dins aquela comuna es nascuda la femna Que sonan Ol\u00edmpia disi\u00e1 que tot\u00f2m era egal Es montada sul cadafalc, \u00e8ra femna. Dins aquela comuna pass\u00e8t de temps e de temps Dans cette commune est n\u00e9e la femme qu\u2019on [&hellip;]<\/p>\n","protected":false},"featured_media":53996,"template":"","meta":{"_acf_changed":false,"_genesis_hide_title":false,"_genesis_hide_breadcrumbs":false,"_genesis_hide_singular_image":false,"_genesis_hide_footer_widgets":false,"_genesis_custom_body_class":"","_genesis_custom_post_class":"","_genesis_layout":""},"product_brand":[],"product_cat":[7132,7174,7180],"product_tag":[],"class_list":{"0":"post-54037","1":"product","2":"type-product","3":"status-publish","4":"has-post-thumbnail","6":"product_cat-books","7":"product_cat-literature-en","8":"product_cat-poetry-en","9":"pa_auteur-blin-mioch-rose-en","10":"pa_editeur-lauceu-libre-en","11":"pa_langue-occitan-lengadocian-en","12":"pa_langue-occitan-francais-en","13":"entry","15":"first","16":"instock","17":"shipping-taxable","18":"purchasable","19":"product-type-simple"},"acf":[],"_links":{"self":[{"href":"https:\/\/www.libraria-occitana.org\/en\/wp-json\/wp\/v2\/product\/54037","targetHints":{"allow":["GET"]}}],"collection":[{"href":"https:\/\/www.libraria-occitana.org\/en\/wp-json\/wp\/v2\/product"}],"about":[{"href":"https:\/\/www.libraria-occitana.org\/en\/wp-json\/wp\/v2\/types\/product"}],"wp:featuredmedia":[{"embeddable":true,"href":"https:\/\/www.libraria-occitana.org\/en\/wp-json\/wp\/v2\/media\/53996"}],"wp:attachment":[{"href":"https:\/\/www.libraria-occitana.org\/en\/wp-json\/wp\/v2\/media?parent=54037"}],"wp:term":[{"taxonomy":"product_brand","embeddable":true,"href":"https:\/\/www.libraria-occitana.org\/en\/wp-json\/wp\/v2\/product_brand?post=54037"},{"taxonomy":"product_cat","embeddable":true,"href":"https:\/\/www.libraria-occitana.org\/en\/wp-json\/wp\/v2\/product_cat?post=54037"},{"taxonomy":"product_tag","embeddable":true,"href":"https:\/\/www.libraria-occitana.org\/en\/wp-json\/wp\/v2\/product_tag?post=54037"}],"curies":[{"name":"wp","href":"https:\/\/api.w.org\/{rel}","templated":true}]}}