{"id":54103,"date":"2021-04-16T17:24:48","date_gmt":"2021-04-16T15:24:48","guid":{"rendered":"http:\/\/www.libraria-occitana.org\/?post_type=product&#038;p=54103"},"modified":"2026-04-29T06:46:45","modified_gmt":"2026-04-29T04:46:45","slug":"dorotea-dorothee","status":"publish","type":"product","link":"https:\/\/www.libraria-occitana.org\/en\/product\/dorotea-dorothee\/","title":{"rendered":"Dorot\u00e8a &#8211; Doroth\u00e9e"},"content":{"rendered":"<p>Fin du XX\u00e8me si\u00e8cle dans le Rouergue. Un vieil homme qui a v\u00e9cu la seconde guerre, combattant d\u00e9sabus\u00e9 et contestataire, puis r\u00e9sistant et enfin maquisard sinc\u00e8re et courageux, conna\u00eet une retraite apais\u00e9e. Survient dans sa vie une jeune professeure, nouvellement nomm\u00e9e dans le lyc\u00e9e d\u2019une petite ville de ce territoire qui recherche la v\u00e9rit\u00e9 sur le pass\u00e9 de son grand-p\u00e8re ex\u00e9cut\u00e9 par le maquis local, car soup\u00e7onn\u00e9 d\u2019\u00eatre un collaborateur. Pour le vieil homme, la rencontre avec cette jeune femme va le replonger dans un pass\u00e9 lointain\u2026<br \/>\nLe r\u00e9cit se d\u00e9roule \u00e0 deux voix, sur des voies diff\u00e9rentes qui finiront par se rejoindre, avec des retours sur les p\u00e9riodes de la guerre, de l\u2019occupation et des ann\u00e9es qui suivront.<\/p>\n<p>Traduction fran\u00e7aise de l&#8217;auteur.<\/p>\n","protected":false},"excerpt":{"rendered":"<p>Fin du XX\u00e8me si\u00e8cle dans le Rouergue. Un vieil homme qui a v\u00e9cu la seconde guerre, combattant d\u00e9sabus\u00e9 et contestataire, puis r\u00e9sistant et enfin maquisard sinc\u00e8re et courageux, conna\u00eet une retraite apais\u00e9e. Survient dans sa vie une jeune professeure, nouvellement nomm\u00e9e dans le lyc\u00e9e d\u2019une petite ville de ce territoire qui recherche la v\u00e9rit\u00e9 sur [&hellip;]<\/p>\n","protected":false},"featured_media":53984,"template":"","meta":{"_acf_changed":false,"_genesis_hide_title":false,"_genesis_hide_breadcrumbs":false,"_genesis_hide_singular_image":false,"_genesis_hide_footer_widgets":false,"_genesis_custom_body_class":"","_genesis_custom_post_class":"","_genesis_layout":""},"product_brand":[],"product_cat":[7132,7174,7182],"product_tag":[],"class_list":{"0":"post-54103","1":"product","2":"type-product","3":"status-publish","4":"has-post-thumbnail","6":"product_cat-books","7":"product_cat-literature-en","8":"product_cat-novels-short-stories-en","9":"pa_auteur-nespoulous-georges-en","10":"pa_editeur-lauceu-libre-en","11":"pa_langue-occitan-lengadocian-en","12":"pa_langue-occitan-francais-en","13":"entry","15":"first","16":"outofstock","17":"shipping-taxable","18":"purchasable","19":"product-type-simple"},"acf":[],"_links":{"self":[{"href":"https:\/\/www.libraria-occitana.org\/en\/wp-json\/wp\/v2\/product\/54103","targetHints":{"allow":["GET"]}}],"collection":[{"href":"https:\/\/www.libraria-occitana.org\/en\/wp-json\/wp\/v2\/product"}],"about":[{"href":"https:\/\/www.libraria-occitana.org\/en\/wp-json\/wp\/v2\/types\/product"}],"wp:featuredmedia":[{"embeddable":true,"href":"https:\/\/www.libraria-occitana.org\/en\/wp-json\/wp\/v2\/media\/53984"}],"wp:attachment":[{"href":"https:\/\/www.libraria-occitana.org\/en\/wp-json\/wp\/v2\/media?parent=54103"}],"wp:term":[{"taxonomy":"product_brand","embeddable":true,"href":"https:\/\/www.libraria-occitana.org\/en\/wp-json\/wp\/v2\/product_brand?post=54103"},{"taxonomy":"product_cat","embeddable":true,"href":"https:\/\/www.libraria-occitana.org\/en\/wp-json\/wp\/v2\/product_cat?post=54103"},{"taxonomy":"product_tag","embeddable":true,"href":"https:\/\/www.libraria-occitana.org\/en\/wp-json\/wp\/v2\/product_tag?post=54103"}],"curies":[{"name":"wp","href":"https:\/\/api.w.org\/{rel}","templated":true}]}}