{"id":54112,"date":"2021-04-16T18:31:46","date_gmt":"2021-04-16T16:31:46","guid":{"rendered":"http:\/\/www.libraria-occitana.org\/product\/chateau-en-limousin\/"},"modified":"2026-04-16T01:01:42","modified_gmt":"2026-04-15T23:01:42","slug":"chateau-en-limousin","status":"publish","type":"product","link":"https:\/\/www.libraria-occitana.org\/en\/product\/chateau-en-limousin\/","title":{"rendered":"Ch\u00e2teau en Limousin"},"content":{"rendered":"<p>Dans ce ch\u00e2teau, coiff\u00e9 d\u2019ardoises bleues, entour\u00e9 de blanches terrasses, et de jardins \u00e0 la fran\u00e7aise, elle vivra en ch\u00e2telaine, recevra les gens de la bonne soci\u00e9t\u00e9 corr\u00e9zienne, donnera des d\u00eeners et des bals de chasse.<br \/>\nLes bans sont publi\u00e9s, le contrat de mariage est sign\u00e9. Marie Cappelle devient Marie Lafarge. Et le voyage de noces emporte les jeunes \u00e9poux vers ce domaine du Limousin.<br \/>\nMais est-ce l\u00e0 vraiment le riant ch\u00e2teau qu\u2019il lui avait d\u00e9crit ?<\/p>\n<p>L\u2019affaire Lafarge a fait grand bruit, a marqu\u00e9 profond\u00e9ment la Corr\u00e8ze, et a boulevers\u00e9 l\u2019opinion publique d\u00e8s 1840. Elle fait partie des grandes \u00e9nigmes du XIXe si\u00e8cle.<\/p>\n","protected":false},"excerpt":{"rendered":"<p>Dans ce ch\u00e2teau, coiff\u00e9 d\u2019ardoises bleues, entour\u00e9 de blanches terrasses, et de jardins \u00e0 la fran\u00e7aise, elle vivra en ch\u00e2telaine, recevra les gens de la bonne soci\u00e9t\u00e9 corr\u00e9zienne, donnera des d\u00eeners et des bals de chasse. Les bans sont publi\u00e9s, le contrat de mariage est sign\u00e9. Marie Cappelle devient Marie Lafarge. Et le voyage de [&hellip;]<\/p>\n","protected":false},"featured_media":54110,"template":"","meta":{"_acf_changed":false,"_genesis_hide_title":false,"_genesis_hide_breadcrumbs":false,"_genesis_hide_singular_image":false,"_genesis_hide_footer_widgets":false,"_genesis_custom_body_class":"","_genesis_custom_post_class":"","_genesis_layout":""},"product_brand":[],"product_cat":[7132,7174,7182],"product_tag":[],"class_list":{"0":"post-54112","1":"product","2":"type-product","3":"status-publish","4":"has-post-thumbnail","6":"product_cat-books","7":"product_cat-literature-en","8":"product_cat-novels-short-stories-en","9":"pa_auteur-tinayre-marcelle-en","10":"pa_editeur-letang-moderne-en","11":"pa_langue-francais-en","12":"entry","14":"first","15":"instock","16":"shipping-taxable","17":"purchasable","18":"product-type-simple"},"acf":[],"_links":{"self":[{"href":"https:\/\/www.libraria-occitana.org\/en\/wp-json\/wp\/v2\/product\/54112","targetHints":{"allow":["GET"]}}],"collection":[{"href":"https:\/\/www.libraria-occitana.org\/en\/wp-json\/wp\/v2\/product"}],"about":[{"href":"https:\/\/www.libraria-occitana.org\/en\/wp-json\/wp\/v2\/types\/product"}],"wp:featuredmedia":[{"embeddable":true,"href":"https:\/\/www.libraria-occitana.org\/en\/wp-json\/wp\/v2\/media\/54110"}],"wp:attachment":[{"href":"https:\/\/www.libraria-occitana.org\/en\/wp-json\/wp\/v2\/media?parent=54112"}],"wp:term":[{"taxonomy":"product_brand","embeddable":true,"href":"https:\/\/www.libraria-occitana.org\/en\/wp-json\/wp\/v2\/product_brand?post=54112"},{"taxonomy":"product_cat","embeddable":true,"href":"https:\/\/www.libraria-occitana.org\/en\/wp-json\/wp\/v2\/product_cat?post=54112"},{"taxonomy":"product_tag","embeddable":true,"href":"https:\/\/www.libraria-occitana.org\/en\/wp-json\/wp\/v2\/product_tag?post=54112"}],"curies":[{"name":"wp","href":"https:\/\/api.w.org\/{rel}","templated":true}]}}