{"id":54184,"date":"2020-12-12T18:56:02","date_gmt":"2020-12-12T17:56:02","guid":{"rendered":"http:\/\/www.libraria-occitana.org\/?post_type=product&#038;p=54184"},"modified":"2026-04-29T07:01:13","modified_gmt":"2026-04-29T05:01:13","slug":"communiquer-en-occitan-provencal-des-idees-aux-mots","status":"publish","type":"product","link":"https:\/\/www.libraria-occitana.org\/en\/product\/communiquer-en-occitan-provencal-des-idees-aux-mots\/","title":{"rendered":"Communiquer en occitan proven\u00e7al &#8211; Comunicar en occitan proven\u00e7au : Des id\u00e9es aux mots"},"content":{"rendered":"<p>Cet outil pratique et simple \u00e0 utiliser permettra \u00e0 tous les amateurs d\u2019occitan proven\u00e7al de passer de ses notions \u00e0 ses formulations.<\/p>\n<p><strong>L\u2019ouvrage : des mots aux id\u00e9es, des id\u00e9es aux mots<\/strong><\/p>\n<p>Apprendre ou r\u00e9viser le vocabulaire occitan de Provence sera un v\u00e9ritable plaisir. Sa pr\u00e9sentation th\u00e9matique en fait un outil pratique et simple \u00e0 utiliser.<br \/>\nPour chaque id\u00e9e, nous proposons un ensemble de phrases, de formulations apparent\u00e9es, synonymes, analogues ou contraires.<br \/>\nIl s \u2019agit de permettre de trouver l\u2019expression qui traduit ce que l\u2019on souhaite faire :<br \/>\nComment, par exemple, exprimer ma sympathie, refuser une offre, l\u2019accepter ou proposer de l\u2019aide ?<br \/>\n&#8211; Un sommaire permet d\u2019embrasser d\u2019un seul coup d\u2019\u0153il l\u2019ensemble des chapitres.<br \/>\n&#8211; Des notes pr\u00e9cisent et \u00e9clairent les expressions et des conseils guident leur emploi.<\/p>\n<p>Tous ceux qui manient mots et id\u00e9es y trouveront un int\u00e9r\u00eat : professionnels de la communication (journalistes, r\u00e9dacteurs&#8230;), transmetteurs de la langue (professeurs, \u00e9tudiants&#8230;), cr\u00e9ateurs (chanteurs, \u00e9crivains&#8230;) et tous les passionn\u00e9s de la langue occitane.<\/p>\n","protected":false},"excerpt":{"rendered":"<p>Cet outil pratique et simple \u00e0 utiliser permettra \u00e0 tous les amateurs d\u2019occitan proven\u00e7al de passer de ses notions \u00e0 ses formulations. L\u2019ouvrage : des mots aux id\u00e9es, des id\u00e9es aux mots Apprendre ou r\u00e9viser le vocabulaire occitan de Provence sera un v\u00e9ritable plaisir. Sa pr\u00e9sentation th\u00e9matique en fait un outil pratique et simple \u00e0 [&hellip;]<\/p>\n","protected":false},"featured_media":54175,"template":"","meta":{"_acf_changed":false,"_genesis_hide_title":false,"_genesis_hide_breadcrumbs":false,"_genesis_hide_singular_image":false,"_genesis_hide_footer_widgets":false,"_genesis_custom_body_class":"","_genesis_custom_post_class":"","_genesis_layout":""},"product_brand":[],"product_cat":[7132,7136,7146],"product_tag":[],"class_list":{"0":"post-54184","1":"product","2":"type-product","3":"status-publish","4":"has-post-thumbnail","6":"product_cat-books","7":"product_cat-dictionaries-language-educational-en","8":"product_cat-vocabulary-idioms-en","9":"pa_auteur-brechet-peire-en","10":"pa_editeur-creo-provenca-en","11":"pa_langue-occitan-provencau-en","12":"pa_langue-occitan-francais-en","13":"entry","15":"first","16":"instock","17":"shipping-taxable","18":"purchasable","19":"product-type-simple"},"acf":[],"_links":{"self":[{"href":"https:\/\/www.libraria-occitana.org\/en\/wp-json\/wp\/v2\/product\/54184","targetHints":{"allow":["GET"]}}],"collection":[{"href":"https:\/\/www.libraria-occitana.org\/en\/wp-json\/wp\/v2\/product"}],"about":[{"href":"https:\/\/www.libraria-occitana.org\/en\/wp-json\/wp\/v2\/types\/product"}],"wp:featuredmedia":[{"embeddable":true,"href":"https:\/\/www.libraria-occitana.org\/en\/wp-json\/wp\/v2\/media\/54175"}],"wp:attachment":[{"href":"https:\/\/www.libraria-occitana.org\/en\/wp-json\/wp\/v2\/media?parent=54184"}],"wp:term":[{"taxonomy":"product_brand","embeddable":true,"href":"https:\/\/www.libraria-occitana.org\/en\/wp-json\/wp\/v2\/product_brand?post=54184"},{"taxonomy":"product_cat","embeddable":true,"href":"https:\/\/www.libraria-occitana.org\/en\/wp-json\/wp\/v2\/product_cat?post=54184"},{"taxonomy":"product_tag","embeddable":true,"href":"https:\/\/www.libraria-occitana.org\/en\/wp-json\/wp\/v2\/product_tag?post=54184"}],"curies":[{"name":"wp","href":"https:\/\/api.w.org\/{rel}","templated":true}]}}