{"id":54199,"date":"2021-05-12T19:42:22","date_gmt":"2021-05-12T17:42:22","guid":{"rendered":"http:\/\/www.libraria-occitana.org\/product\/lessencial-dictionnaire-occitan-francais-francais-occitan\/"},"modified":"2026-04-11T22:22:00","modified_gmt":"2026-04-11T20:22:00","slug":"lessencial-dictionnaire-occitan-francais-francais-occitan","status":"publish","type":"product","link":"https:\/\/www.libraria-occitana.org\/en\/product\/lessencial-dictionnaire-occitan-francais-francais-occitan\/","title":{"rendered":"L&#8217;Essencial : Dictionnaire occitan-fran\u00e7ais \/ fran\u00e7ais-occitan"},"content":{"rendered":"<p><strong>LE dictionnaire de r\u00e9f\u00e9rence du languedocien moderne. 85 000 entr\u00e9es et expressions<\/strong><\/p>\n<p>Il fallait un point d\u2019orgue au travail entam\u00e9 depuis des ann\u00e9es, dans le <a href=\"http:\/\/www.libraria-occitana.org\/produit\/tot-en-oc-diccionari-elementari-illustrat-lengadocian\/\"><em>Tot en Oc<\/em><\/a> dans un premier temps, dictionnaire illustr\u00e9 en collaboration, puis dans le <a href=\"http:\/\/www.libraria-occitana.org\/produit\/tot-en-un-lexic-occitanfrances-francaisoccitan-lengadocian\/\"><em>Tot en Un<\/em><\/a>, seul, \u00e0 Joan-Claudi S\u00e8rras, ancien professeur d\u2019occitan, pour proposer ce dictionnaire complet, <em>L\u2019Essencial<\/em>, qu\u2019il a voulu pour le languedocien. Riche d\u2019expressions, d\u2019une grande coh\u00e9rence lexicale, <em>L\u2019Essencial<\/em> permet toutes les utilisations possibles aux nouveaux apprenants comme aux locuteurs familiaris\u00e9s avec la langue ou aux enseignants. La proximit\u00e9 orthographique, que seule permet la version papier, permet d\u2019enrichir son vocabulaire et de laisser faire sa curiosit\u00e9.<\/p>\n","protected":false},"excerpt":{"rendered":"<p>LE dictionnaire de r\u00e9f\u00e9rence du languedocien moderne. 85 000 entr\u00e9es et expressions Il fallait un point d\u2019orgue au travail entam\u00e9 depuis des ann\u00e9es, dans le Tot en Oc dans un premier temps, dictionnaire illustr\u00e9 en collaboration, puis dans le Tot en Un, seul, \u00e0 Joan-Claudi S\u00e8rras, ancien professeur d\u2019occitan, pour proposer ce dictionnaire complet, L\u2019Essencial, [&hellip;]<\/p>\n","protected":false},"featured_media":54197,"template":"","meta":{"_acf_changed":false,"_genesis_hide_title":false,"_genesis_hide_breadcrumbs":false,"_genesis_hide_singular_image":false,"_genesis_hide_footer_widgets":false,"_genesis_custom_body_class":"","_genesis_custom_post_class":"","_genesis_layout":""},"product_brand":[],"product_cat":[7132,7138,7136],"product_tag":[],"class_list":{"0":"post-54199","1":"product","2":"type-product","3":"status-publish","4":"has-post-thumbnail","6":"product_cat-books","7":"product_cat-dictionaries-grammars-en","8":"product_cat-dictionaries-language-educational-en","9":"pa_auteur-serras-joan-claudi-en","10":"pa_editeur-ieo-fr-en","11":"pa_langue-occitan-lengadocian-en","12":"pa_langue-occitan-francais-en","13":"entry","15":"first","16":"instock","17":"shipping-taxable","18":"purchasable","19":"product-type-simple"},"acf":[],"_links":{"self":[{"href":"https:\/\/www.libraria-occitana.org\/en\/wp-json\/wp\/v2\/product\/54199","targetHints":{"allow":["GET"]}}],"collection":[{"href":"https:\/\/www.libraria-occitana.org\/en\/wp-json\/wp\/v2\/product"}],"about":[{"href":"https:\/\/www.libraria-occitana.org\/en\/wp-json\/wp\/v2\/types\/product"}],"wp:featuredmedia":[{"embeddable":true,"href":"https:\/\/www.libraria-occitana.org\/en\/wp-json\/wp\/v2\/media\/54197"}],"wp:attachment":[{"href":"https:\/\/www.libraria-occitana.org\/en\/wp-json\/wp\/v2\/media?parent=54199"}],"wp:term":[{"taxonomy":"product_brand","embeddable":true,"href":"https:\/\/www.libraria-occitana.org\/en\/wp-json\/wp\/v2\/product_brand?post=54199"},{"taxonomy":"product_cat","embeddable":true,"href":"https:\/\/www.libraria-occitana.org\/en\/wp-json\/wp\/v2\/product_cat?post=54199"},{"taxonomy":"product_tag","embeddable":true,"href":"https:\/\/www.libraria-occitana.org\/en\/wp-json\/wp\/v2\/product_tag?post=54199"}],"curies":[{"name":"wp","href":"https:\/\/api.w.org\/{rel}","templated":true}]}}