{"id":54212,"date":"2021-05-14T18:14:41","date_gmt":"2021-05-14T16:14:41","guid":{"rendered":"http:\/\/www.libraria-occitana.org\/?post_type=product&#038;p=54212"},"modified":"2026-04-18T01:26:13","modified_gmt":"2026-04-17T23:26:13","slug":"de-tiala-boiradissa-de-toile-metisse","status":"publish","type":"product","link":"https:\/\/www.libraria-occitana.org\/en\/product\/de-tiala-boiradissa-de-toile-metisse\/","title":{"rendered":"De tiala boiradissa &#8211; De toile m\u00e9tisse"},"content":{"rendered":"<p>En occitan limousin sur la page de droite, avec la traduction fran\u00e7aise en regard.<\/p>\n<blockquote>\n<p>Chasque matin, ieu m&#8217;esvelhava d&#8217;abora e esperava la clardat per partir dins las venas dau boesc dau plafons ente rescontrava dau monde au nas f\u00f2rt, aus bra\u00e7 solides coma daus marns de chaisne, a la g\u00f2rja badanta, que s&#8217;esbraciavan e credavan e dan\u00e7avan ; qu&#8217;avian una arma. Daus chens que japavan, daus chavaus cavalants, de las lebres finas, daus picataus mocandiers, daus monts, daus fons, daus chamins, de las fonts, daus aubres a la caborna prunda ente demoravan lo chavan e la chi\u00f2ta, \u00ab sa femna \u00bb&#8230; davant de tornar cloncar dins &#8216;queu monde ente los rais dau solelh que colavan entre las br\u00f2chas folhadas &#8216;ribavan pas de trauchar l&#8217;aiga bruna daus estanhs prunds e silencios ente prenia la mendra f\u00f2rma blancha jos la surfacia per una nejada.<\/p>\n<p>Chaque matin, je m&#8217;\u00e9veillais de bonne heure et j&#8217;esp\u00e9rais le jour pour partir dans les veines du bois du plafond o\u00f9 je rencontrais un peuple au nez fort, aux bras solides comme des branches de ch\u00eane, \u00e0 la bouche b\u00e9ante, qui se d\u00e9menait et criait et dansait ; qui avait une \u00e2me&#8230;<\/p>\n<\/blockquote>\n<p>Nous d\u00e9couvr\u00eemes Fran\u00e7oise Dudognon il y a deux ans quand les \u00e9ditions Maiade firent para\u00eetre d\u2019elle <a href=\"http:\/\/www.libraria-occitana.org\/produit\/le-limon-de-lame\/\"><em>Le limon de l\u2019\u00e2me<\/em><\/a>.<br \/>\nUn ton, une fa\u00e7on de mener son r\u00e9cit, un style quoi !<br \/>\nY aurait-il une autre d\u00e9finition de la litt\u00e9rature ?<br \/>\nDepuis elle est revenue \u00e0 la langue des siens, elle a franchi le pas, comme on dit.<br \/>\nEt c\u2019est toujours un bonheur de la lire.<\/p>\n<p>Dans ce livre elle \u00e9voque des souvenirs de son enfance dans le nord de la Dordogne, en mettant l\u2019accent sur les femmes et leur place dans cette soci\u00e9t\u00e9 rurale. Le livre s\u2019ouvre sur une histoire au pr\u00e9sent, qu\u2019on retrouve par \u00e9pisodes apr\u00e8s chaque r\u00e9cit d\u2019un souvenir : celle d\u2019une femme qui vit seule \u00e0 la campagne, confront\u00e9e aux avances pressantes de son voisin agriculteur, rong\u00e9 par la solitude.<\/p>\n<p>\u00ab Vous trouverez ici les \u00eatres et les choses cont\u00e9s tels qu\u2019ils se cachent dans ma chair, encore que dans le lointain du pass\u00e9 de gaze l\u00e9g\u00e8re ; mais il serait plus exact de dire que c\u2019est moi qui me cache derri\u00e8re eux, moi et ce que je porte de mon pr\u00e9sent de toile m\u00e9tisse aux couleurs de notre temps. \u00bb<br \/>\n\u00ab Bien que j\u2019aie tout arrang\u00e9 \u00e0 ma fa\u00e7on, rien de plus vrai que ce que je conte ici ; aussi simple que cela f\u00fbt, c\u2019est l\u2019histoire de tout le monde. Un autre versant de l\u2019Histoire, histoire de pauvres gens, d\u2019une femme&#8230; Je dis, des femmes ; l\u2019histoire profonde, la source. \u00bb<\/p>\n","protected":false},"excerpt":{"rendered":"<p>En occitan limousin sur la page de droite, avec la traduction fran\u00e7aise en regard. Chasque matin, ieu m&#8217;esvelhava d&#8217;abora e esperava la clardat per partir dins las venas dau boesc dau plafons ente rescontrava dau monde au nas f\u00f2rt, aus bra\u00e7 solides coma daus marns de chaisne, a la g\u00f2rja badanta, que s&#8217;esbraciavan e credavan [&hellip;]<\/p>\n","protected":false},"featured_media":54215,"template":"","meta":{"_acf_changed":false,"_genesis_hide_title":false,"_genesis_hide_breadcrumbs":false,"_genesis_hide_singular_image":false,"_genesis_hide_footer_widgets":false,"_genesis_custom_body_class":"","_genesis_custom_post_class":"","_genesis_layout":""},"product_brand":[],"product_cat":[7132,7174,7186],"product_tag":[],"class_list":{"0":"post-54212","1":"product","2":"type-product","3":"status-publish","4":"has-post-thumbnail","6":"product_cat-books","7":"product_cat-literature-en","8":"product_cat-personal-narratives-memoirs-en","9":"pa_auteur-dudognon-francoise-en","10":"pa_editeur-ieo-lemosin-en-2","11":"pa_langue-occitan-lemosin-en","12":"pa_langue-occitan-francais-en","13":"entry","15":"first","16":"instock","17":"shipping-taxable","18":"purchasable","19":"product-type-simple"},"acf":[],"_links":{"self":[{"href":"https:\/\/www.libraria-occitana.org\/en\/wp-json\/wp\/v2\/product\/54212","targetHints":{"allow":["GET"]}}],"collection":[{"href":"https:\/\/www.libraria-occitana.org\/en\/wp-json\/wp\/v2\/product"}],"about":[{"href":"https:\/\/www.libraria-occitana.org\/en\/wp-json\/wp\/v2\/types\/product"}],"wp:featuredmedia":[{"embeddable":true,"href":"https:\/\/www.libraria-occitana.org\/en\/wp-json\/wp\/v2\/media\/54215"}],"wp:attachment":[{"href":"https:\/\/www.libraria-occitana.org\/en\/wp-json\/wp\/v2\/media?parent=54212"}],"wp:term":[{"taxonomy":"product_brand","embeddable":true,"href":"https:\/\/www.libraria-occitana.org\/en\/wp-json\/wp\/v2\/product_brand?post=54212"},{"taxonomy":"product_cat","embeddable":true,"href":"https:\/\/www.libraria-occitana.org\/en\/wp-json\/wp\/v2\/product_cat?post=54212"},{"taxonomy":"product_tag","embeddable":true,"href":"https:\/\/www.libraria-occitana.org\/en\/wp-json\/wp\/v2\/product_tag?post=54212"}],"curies":[{"name":"wp","href":"https:\/\/api.w.org\/{rel}","templated":true}]}}