{"id":54230,"date":"2021-05-19T12:28:59","date_gmt":"2021-05-19T10:28:59","guid":{"rendered":"http:\/\/www.libraria-occitana.org\/?post_type=product&#038;p=54230"},"modified":"2026-04-27T23:16:18","modified_gmt":"2026-04-27T21:16:18","slug":"creuse-100-lieux-pour-les-curieux","status":"publish","type":"product","link":"https:\/\/www.libraria-occitana.org\/en\/product\/creuse-100-lieux-pour-les-curieux\/","title":{"rendered":"Creuse : 100 lieux pour les curieux"},"content":{"rendered":"<p>Plus de 100 lieux choisis pour l\u2019\u00e9merveillement qu\u2019ils procurent : sites \u00e0 l\u2019architecture insolite ou extraordinaire, curiosit\u00e9s naturelles, boutiques et ateliers aux cr\u00e9ations originales, activit\u00e9s &amp; h\u00e9bergements atypiques, etc.<\/p>\n<p>\u2022 Guide touristique et pratique (acc\u00e8s, adresses, horaires d\u2019ouverture, etc.) de terrain ou \u00e0 compulser tranquillement chez soi pour pr\u00e9parer son s\u00e9jour.<br \/>\n\u2022 Plus de 300 photos in\u00e9dites.<\/p>\n","protected":false},"excerpt":{"rendered":"<p>Plus de 100 lieux choisis pour l\u2019\u00e9merveillement qu\u2019ils procurent : sites \u00e0 l\u2019architecture insolite ou extraordinaire, curiosit\u00e9s naturelles, boutiques et ateliers aux cr\u00e9ations originales, activit\u00e9s &amp; h\u00e9bergements atypiques, etc. \u2022 Guide touristique et pratique (acc\u00e8s, adresses, horaires d\u2019ouverture, etc.) de terrain ou \u00e0 compulser tranquillement chez soi pour pr\u00e9parer son s\u00e9jour. \u2022 Plus de 300 [&hellip;]<\/p>\n","protected":false},"featured_media":54233,"template":"","meta":{"_acf_changed":false,"_genesis_hide_title":false,"_genesis_hide_breadcrumbs":false,"_genesis_hide_singular_image":false,"_genesis_hide_footer_widgets":false,"_genesis_custom_body_class":"","_genesis_custom_post_class":"","_genesis_layout":""},"product_brand":[],"product_cat":[7132,7198,7196],"product_tag":[],"class_list":{"0":"post-54230","1":"product","2":"type-product","3":"status-publish","4":"has-post-thumbnail","6":"product_cat-books","7":"product_cat-guides-tourism-en","8":"product_cat-nature-tourism-en","9":"pa_auteur-paulian-pavageau-adeline-en","10":"pa_editeur-christine-bonneton-en","11":"pa_langue-francais-en","12":"entry","14":"first","15":"instock","16":"shipping-taxable","17":"purchasable","18":"product-type-simple"},"acf":[],"_links":{"self":[{"href":"https:\/\/www.libraria-occitana.org\/en\/wp-json\/wp\/v2\/product\/54230","targetHints":{"allow":["GET"]}}],"collection":[{"href":"https:\/\/www.libraria-occitana.org\/en\/wp-json\/wp\/v2\/product"}],"about":[{"href":"https:\/\/www.libraria-occitana.org\/en\/wp-json\/wp\/v2\/types\/product"}],"wp:featuredmedia":[{"embeddable":true,"href":"https:\/\/www.libraria-occitana.org\/en\/wp-json\/wp\/v2\/media\/54233"}],"wp:attachment":[{"href":"https:\/\/www.libraria-occitana.org\/en\/wp-json\/wp\/v2\/media?parent=54230"}],"wp:term":[{"taxonomy":"product_brand","embeddable":true,"href":"https:\/\/www.libraria-occitana.org\/en\/wp-json\/wp\/v2\/product_brand?post=54230"},{"taxonomy":"product_cat","embeddable":true,"href":"https:\/\/www.libraria-occitana.org\/en\/wp-json\/wp\/v2\/product_cat?post=54230"},{"taxonomy":"product_tag","embeddable":true,"href":"https:\/\/www.libraria-occitana.org\/en\/wp-json\/wp\/v2\/product_tag?post=54230"}],"curies":[{"name":"wp","href":"https:\/\/api.w.org\/{rel}","templated":true}]}}