{"id":54299,"date":"2021-06-08T12:56:19","date_gmt":"2021-06-08T10:56:19","guid":{"rendered":"http:\/\/www.libraria-occitana.org\/product\/lenfant-qui-aimait-les-vaches-ou-lextraordinaire-aventure-de-la-race-bovine-limousine\/"},"modified":"2026-04-29T11:11:49","modified_gmt":"2026-04-29T09:11:49","slug":"lenfant-qui-aimait-les-vaches-ou-lextraordinaire-aventure-de-la-race-bovine-limousine","status":"publish","type":"product","link":"https:\/\/www.libraria-occitana.org\/en\/product\/lenfant-qui-aimait-les-vaches-ou-lextraordinaire-aventure-de-la-race-bovine-limousine\/","title":{"rendered":"L&#8217;enfant qui aimait les vaches ou l&#8217;extraordinaire aventure de la race bovine limousine"},"content":{"rendered":"<p>R\u00e9gis Coudert, n\u00e9 en 1934 dans la campagne corr\u00e9zienne, est un \u00eatre passionn\u00e9, rebelle, g\u00e9n\u00e9reux, cr\u00e9atif\u2026 hors du commun.<br \/>\nOriginaire de Haute-Corr\u00e8ze, R\u00e9gis h\u00e9rita d\u2019une terre \u00e0 Meilhards, pr\u00e8s de Chamberet, en limite de la Haute-Vienne.<\/p>\n<p>Dans les ann\u00e9es 50-60, l\u2019agriculture traverse une grave crise, en Limousin notamment, o\u00f9 les m\u00e9thodes paysannes sont de tr\u00e8s long h\u00e9ritage.<br \/>\nSoucieux d\u2019y retenir les jeunes, R\u00e9gis Coudert va r\u00e9volutionner la vie des fermes en faisant sortir les vaches de leurs \u00e9tables pour les \u00e9lever dehors en toutes saisons, m\u00eame dans la neige ! C\u2019est un toll\u00e9 ! Il y est pourtant encourag\u00e9 par tout un groupe de propri\u00e9taires \u00e9leveurs dynamiques, dont l\u2019action m\u00e8nera \u00e0 la c\u00e9l\u00e9brit\u00e9 et \u00e0 la diffusion de la race bovine limousine \u00e0 travers le monde.<br \/>\nUne \u201cextraordinaire aventure\u201d.<\/p>\n<p>Sa verve et son humour racontent son enfance en Haute-Corr\u00e8ze, son \u00e9veil \u00e0 la nature et aux animaux, dont il collectionnait les figurines, sa dure participation \u00e0 la Guerre d\u2019Alg\u00e9rie, sa vie pas toujours facile d\u2019\u00e9leveur-s\u00e9lectionneur, et enfin sa passion pour tous les vieux objets qu\u2019il ne se r\u00e9sout pas \u00e0 voir mourir.<\/p>\n<p>Engag\u00e9 et visionnaire, ce pionnier temp\u00eate contre les injustices, s\u2019indigne face aux l\u00e2chet\u00e9s, mais toujours avec la volont\u00e9 d\u2019\u0153uvrer pour son \u201cpays\u201d, la Corr\u00e8ze.<\/p>\n<p>Cette mutation de la tradition \u00e0 la \u00ab modernit\u00e9 \u00bb ne s&#8217;est pas faite sans douleurs. Aujourd&#8217;hui, le souci de pr\u00e9server la plan\u00e8te et tous ses habitant fera-t-il dispara\u00eetre les vaches de nos prairies ? R\u00e9gis Coudert ne peut y croire.<\/p>\n<p>Texte transcrit et \u00e9tabli par Claudine Evrard et M.-F. Houdart.<\/p>\n","protected":false},"excerpt":{"rendered":"<p>R\u00e9gis Coudert, n\u00e9 en 1934 dans la campagne corr\u00e9zienne, est un \u00eatre passionn\u00e9, rebelle, g\u00e9n\u00e9reux, cr\u00e9atif\u2026 hors du commun. Originaire de Haute-Corr\u00e8ze, R\u00e9gis h\u00e9rita d\u2019une terre \u00e0 Meilhards, pr\u00e8s de Chamberet, en limite de la Haute-Vienne. Dans les ann\u00e9es 50-60, l\u2019agriculture traverse une grave crise, en Limousin notamment, o\u00f9 les m\u00e9thodes paysannes sont de tr\u00e8s [&hellip;]<\/p>\n","protected":false},"featured_media":54293,"template":"","meta":{"_acf_changed":false,"_genesis_hide_title":false,"_genesis_hide_breadcrumbs":false,"_genesis_hide_singular_image":false,"_genesis_hide_footer_widgets":false,"_genesis_custom_body_class":"","_genesis_custom_post_class":"","_genesis_layout":""},"product_brand":[],"product_cat":[7132,7148,7158,7212,7206],"product_tag":[],"class_list":{"0":"post-54299","1":"product","2":"type-product","3":"status-publish","4":"has-post-thumbnail","6":"product_cat-books","7":"product_cat-history-geography-en","8":"product_cat-modern-and-contemporary-history-en","9":"product_cat-traditional-skills-savoirs-faire-en","10":"product_cat-traditions-heritage-en","11":"pa_auteur-coudert-regis-en","12":"pa_editeur-maiade-en","13":"pa_langue-francais-en","14":"entry","16":"first","17":"instock","18":"shipping-taxable","19":"purchasable","20":"product-type-simple"},"acf":[],"_links":{"self":[{"href":"https:\/\/www.libraria-occitana.org\/en\/wp-json\/wp\/v2\/product\/54299","targetHints":{"allow":["GET"]}}],"collection":[{"href":"https:\/\/www.libraria-occitana.org\/en\/wp-json\/wp\/v2\/product"}],"about":[{"href":"https:\/\/www.libraria-occitana.org\/en\/wp-json\/wp\/v2\/types\/product"}],"wp:featuredmedia":[{"embeddable":true,"href":"https:\/\/www.libraria-occitana.org\/en\/wp-json\/wp\/v2\/media\/54293"}],"wp:attachment":[{"href":"https:\/\/www.libraria-occitana.org\/en\/wp-json\/wp\/v2\/media?parent=54299"}],"wp:term":[{"taxonomy":"product_brand","embeddable":true,"href":"https:\/\/www.libraria-occitana.org\/en\/wp-json\/wp\/v2\/product_brand?post=54299"},{"taxonomy":"product_cat","embeddable":true,"href":"https:\/\/www.libraria-occitana.org\/en\/wp-json\/wp\/v2\/product_cat?post=54299"},{"taxonomy":"product_tag","embeddable":true,"href":"https:\/\/www.libraria-occitana.org\/en\/wp-json\/wp\/v2\/product_tag?post=54299"}],"curies":[{"name":"wp","href":"https:\/\/api.w.org\/{rel}","templated":true}]}}