{"id":54308,"date":"2021-06-08T19:00:36","date_gmt":"2021-06-08T17:00:36","guid":{"rendered":"http:\/\/www.libraria-occitana.org\/product\/leon-detroy-1859-1955-un-postimpressionniste-des-lumieres-du-midi-a-la-vallee-de-la-creuse\/"},"modified":"2026-04-29T10:23:04","modified_gmt":"2026-04-29T08:23:04","slug":"leon-detroy-1859-1955-un-postimpressionniste-des-lumieres-du-midi-a-la-vallee-de-la-creuse","status":"publish","type":"product","link":"https:\/\/www.libraria-occitana.org\/en\/product\/leon-detroy-1859-1955-un-postimpressionniste-des-lumieres-du-midi-a-la-vallee-de-la-creuse\/","title":{"rendered":"L\u00e9on Detroy 1859-1955 : Un postimpressionniste, des lumi\u00e8res du midi \u00e0 la vall\u00e9e de la Creuse"},"content":{"rendered":"<p>Durant sa longue existence de peintre, L\u00e9on Detroy a toujours privil\u00e9gi\u00e9 ses itin\u00e9rances artistiques de l\u2019Europe du Nord \u00e0 l\u2019Afrique septentrionale en passant par l\u2019Italie, et en France, du Midi \u00e0 la Bretagne et la vall\u00e9e de la Creuse.<\/p>\n<p>D\u00e8s 1881, L\u00e9on Detroy d\u00e9couvre les bords de la Creuse et y peint progressivement le spectaculaire des paysages en exp\u00e9rimentant cadrages et puissance de la lumi\u00e8re et des couleurs. Cet ancrage dans la vall\u00e9e, qui lui sert de refuge r\u00e9gulier entre ses nombreux voyages, participe de son originalit\u00e9. Ses toiles de Gargilesse, Crozant et Fresselines \u2013 les trois grands foyers artistiques de la vall\u00e9e de la Creuse \u2013 constituent un \u00e9tonnant pendant \u00e0 ses paysages du Midi \u2013 et plus largement des bords de la M\u00e9diterran\u00e9e \u2013 baign\u00e9s de couleurs. Ces derniers sont inscrits dans la production picturale du vaste mou\u00advement de convergence des avant-gardes vers le sud de la France qui s\u2019op\u00e8re \u00e0 partir des ann\u00e9es 1880.<\/p>\n<p>Caract\u00e9ris\u00e9e par un divisionnisme temp\u00e9r\u00e9 et des coloris tranch\u00e9s, la peinture de L\u00e9on Detroy, peu connue du grand public, est pourtant de celles qui annoncent le fauvisme, et elle s\u2019inscrit pleinement dans le mou\u00advement postimpressionniste de la fin du XIXe et du d\u00e9but du XXe si\u00e8cle.<\/p>\n","protected":false},"excerpt":{"rendered":"<p>Durant sa longue existence de peintre, L\u00e9on Detroy a toujours privil\u00e9gi\u00e9 ses itin\u00e9rances artistiques de l\u2019Europe du Nord \u00e0 l\u2019Afrique septentrionale en passant par l\u2019Italie, et en France, du Midi \u00e0 la Bretagne et la vall\u00e9e de la Creuse. D\u00e8s 1881, L\u00e9on Detroy d\u00e9couvre les bords de la Creuse et y peint progressivement le spectaculaire [&hellip;]<\/p>\n","protected":false},"featured_media":54306,"template":"","meta":{"_acf_changed":false,"_genesis_hide_title":false,"_genesis_hide_breadcrumbs":false,"_genesis_hide_singular_image":false,"_genesis_hide_footer_widgets":false,"_genesis_custom_body_class":"","_genesis_custom_post_class":"","_genesis_layout":""},"product_brand":[],"product_cat":[7134,7132],"product_tag":[],"class_list":{"0":"post-54308","1":"product","2":"type-product","3":"status-publish","4":"has-post-thumbnail","6":"product_cat-arts-en","7":"product_cat-books","8":"pa_auteur-goes-pascal-en","9":"pa_editeur-les-ardents-editeurs-en","10":"pa_langue-francais-en","11":"entry","13":"first","14":"instock","15":"shipping-taxable","16":"purchasable","17":"product-type-simple"},"acf":[],"_links":{"self":[{"href":"https:\/\/www.libraria-occitana.org\/en\/wp-json\/wp\/v2\/product\/54308","targetHints":{"allow":["GET"]}}],"collection":[{"href":"https:\/\/www.libraria-occitana.org\/en\/wp-json\/wp\/v2\/product"}],"about":[{"href":"https:\/\/www.libraria-occitana.org\/en\/wp-json\/wp\/v2\/types\/product"}],"wp:featuredmedia":[{"embeddable":true,"href":"https:\/\/www.libraria-occitana.org\/en\/wp-json\/wp\/v2\/media\/54306"}],"wp:attachment":[{"href":"https:\/\/www.libraria-occitana.org\/en\/wp-json\/wp\/v2\/media?parent=54308"}],"wp:term":[{"taxonomy":"product_brand","embeddable":true,"href":"https:\/\/www.libraria-occitana.org\/en\/wp-json\/wp\/v2\/product_brand?post=54308"},{"taxonomy":"product_cat","embeddable":true,"href":"https:\/\/www.libraria-occitana.org\/en\/wp-json\/wp\/v2\/product_cat?post=54308"},{"taxonomy":"product_tag","embeddable":true,"href":"https:\/\/www.libraria-occitana.org\/en\/wp-json\/wp\/v2\/product_tag?post=54308"}],"curies":[{"name":"wp","href":"https:\/\/api.w.org\/{rel}","templated":true}]}}