{"id":54347,"date":"2021-01-16T18:16:41","date_gmt":"2021-01-16T17:16:41","guid":{"rendered":"http:\/\/www.libraria-occitana.org\/product\/poemas-occitans-poemes-occitans\/"},"modified":"2026-04-21T07:41:12","modified_gmt":"2026-04-21T05:41:12","slug":"poemas-occitans-poemes-occitans","status":"publish","type":"product","link":"https:\/\/www.libraria-occitana.org\/en\/product\/poemas-occitans-poemes-occitans\/","title":{"rendered":"Po\u00e8mas occitans &#8211; Po\u00e8mes occitans"},"content":{"rendered":"<p>Fernand Barru\u00e9 fut un po\u00e8te discret, peu publi\u00e9 de son vivant et oubli\u00e9 apr\u00e8s sa mort. N\u00e9 \u00e0 L\u00e9vignac en 1891, mort \u00e0 Rieumes en 1956, deux communes gasconnes du bassin de la Save (31), il fut professeur de math\u00e9matiques \u00e0 Castelsarrasin puis \u00e0 Castres, avant de se retirer dans sa r\u00e9gion natale. Pour r\u00e9parer un injuste oubli, nous publions ses trois recueils po\u00e9tiques occitans. Le premier, <em>Morceaux de vie quotidienne<\/em>, est \u00e9crit dans le languedocien du pays castrais. Compos\u00e9 pendant la guerre, il comprend des po\u00e8mes \u00ab d&#8217;actualit\u00e9 \u00bb, d\u00e9non\u00e7ant l&#8217;Occupation, le march\u00e9 noir, la mis\u00e8re des temps. Il comprend aussi des po\u00e8mes de souvenirs \u00e9voquant le village d&#8217;enfance, les saisons et les jeux, les travaux et les jours.<\/p>\n<p>C&#8217;est dans son second recueil, <em>Poussi\u00e9reuses arant\u00e8les d&#8217;un lumignon \u00e9teint<\/em>, que Barru\u00e9 atteint la maturit\u00e9 po\u00e9tique en recourant paradoxalement \u00e0 son gascon d&#8217;enfance. Affranchie des r\u00e8gles de versification, cette suite de po\u00e8mes est \u00e9crite sous le signe de l&#8217;eau : eau morte des canaux et des \u00e9tangs, eau vive de la Save. Le fil de l&#8217;eau se tresse avec le fil du temps et nous emporte dans le gouffre final comme chez Apollinaire. Regrets des amours mortes, noirceur et m\u00e9lancolie, solitude et poussi\u00e8re d&#8217;une vie sur le d\u00e9clin s&#8217;expriment dans une fluide musicalit\u00e9 : \u00ab Et la poussi\u00e8re recouvre le vieux souvenir mort \/ dans les cendres froides du pauvre c\u0153ur. \u00bb Car Barru\u00e9 \u00e9tait aussi un musicien qui jouait de plusieurs instruments, comme en attestent les sept courts po\u00e8mes du dernier recueil, <em>Musique<\/em>.<\/p>\n","protected":false},"excerpt":{"rendered":"<p>Fernand Barru\u00e9 fut un po\u00e8te discret, peu publi\u00e9 de son vivant et oubli\u00e9 apr\u00e8s sa mort. N\u00e9 \u00e0 L\u00e9vignac en 1891, mort \u00e0 Rieumes en 1956, deux communes gasconnes du bassin de la Save (31), il fut professeur de math\u00e9matiques \u00e0 Castelsarrasin puis \u00e0 Castres, avant de se retirer dans sa r\u00e9gion natale. Pour r\u00e9parer [&hellip;]<\/p>\n","protected":false},"featured_media":54345,"template":"","meta":{"_acf_changed":false,"_genesis_hide_title":false,"_genesis_hide_breadcrumbs":false,"_genesis_hide_singular_image":false,"_genesis_hide_footer_widgets":false,"_genesis_custom_body_class":"","_genesis_custom_post_class":"","_genesis_layout":""},"product_brand":[],"product_cat":[7132,7174,7180],"product_tag":[],"class_list":{"0":"post-54347","1":"product","2":"type-product","3":"status-publish","4":"has-post-thumbnail","6":"product_cat-books","7":"product_cat-literature-en","8":"product_cat-poetry-en","9":"pa_auteur-barrue-fernand-en","10":"pa_editeur-jorn-en","11":"pa_langue-occitan-gascon-en","12":"pa_langue-occitan-lengadocian-en","13":"pa_langue-occitan-francais-en","14":"entry","16":"first","17":"instock","18":"shipping-taxable","19":"purchasable","20":"product-type-simple"},"acf":[],"_links":{"self":[{"href":"https:\/\/www.libraria-occitana.org\/en\/wp-json\/wp\/v2\/product\/54347","targetHints":{"allow":["GET"]}}],"collection":[{"href":"https:\/\/www.libraria-occitana.org\/en\/wp-json\/wp\/v2\/product"}],"about":[{"href":"https:\/\/www.libraria-occitana.org\/en\/wp-json\/wp\/v2\/types\/product"}],"wp:featuredmedia":[{"embeddable":true,"href":"https:\/\/www.libraria-occitana.org\/en\/wp-json\/wp\/v2\/media\/54345"}],"wp:attachment":[{"href":"https:\/\/www.libraria-occitana.org\/en\/wp-json\/wp\/v2\/media?parent=54347"}],"wp:term":[{"taxonomy":"product_brand","embeddable":true,"href":"https:\/\/www.libraria-occitana.org\/en\/wp-json\/wp\/v2\/product_brand?post=54347"},{"taxonomy":"product_cat","embeddable":true,"href":"https:\/\/www.libraria-occitana.org\/en\/wp-json\/wp\/v2\/product_cat?post=54347"},{"taxonomy":"product_tag","embeddable":true,"href":"https:\/\/www.libraria-occitana.org\/en\/wp-json\/wp\/v2\/product_tag?post=54347"}],"curies":[{"name":"wp","href":"https:\/\/api.w.org\/{rel}","templated":true}]}}