{"id":54447,"date":"2021-07-13T18:00:47","date_gmt":"2021-07-13T16:00:47","guid":{"rendered":"http:\/\/www.libraria-occitana.org\/?post_type=product&#038;p=54447"},"modified":"2026-04-29T05:16:15","modified_gmt":"2026-04-29T03:16:15","slug":"de-mort-viva","status":"publish","type":"product","link":"https:\/\/www.libraria-occitana.org\/en\/product\/de-mort-viva\/","title":{"rendered":"De m\u00f2rt viva"},"content":{"rendered":"<p><strong>Ernest Bergez :<\/strong> Textes et musique<\/p>\n<p>Invit\u00e9s :<br \/>\n&#8211; Laurent Boithias : Vielle sur Rondal\u00e8ira et Na Festa<br \/>\n&#8211; Elo\u00efse Decazes : Voix sur Clavar Cavar et concertina sur Vespres dau Raibar<br \/>\n&#8211; Josiane Guillet-Gentialon : Voix sur La Creiatura<br \/>\n&#8211; Wassim Halal : Daf sur Tota Perta<br \/>\n&#8211; Maud Herrera : Voix sur Na Festa et Vespres dau Raibar<br \/>\n&#8211; Am\u00e9lie Pialoux : Cornet \u00e0 bouquin sur Trevia, Rondal\u00e8ira, et L&#8217;Ivern daus Astres \/ trompette baroque et trompette \u00e0 piston sur La Rupture, Tota Perta e Vespres dau Raibar<br \/>\n&#8211; Jacques Puech : Cabrette sur L&#8217;Ivern daus Astres et \u00e9chantillons de cabrette sur Rondal\u00e8ira<br \/>\n&#8211; Elisa Trebouville : Voix et banjo sur L&#8217;Ivern daus Astres<\/p>\n<p>Construit comme un jeu de tarot invent\u00e9, \u00ab De M\u00f2rt Viva \u00bb explore l\u2019id\u00e9e d\u2019un paganisme contemporain en dix odes jubilatoires, humoristiques et spirituelles.<\/p>\n<p>L\u2019occitan auvergnat s\u2019impose au crachoir, d\u00e9ployant son maillage m\u00e9taphorique et polys\u00e9mique, empreint de la candeur particuli\u00e8re d\u2019une langue nouvellement acquise.<\/p>\n<p>La m\u00e9lodie na\u00eet du mot, le po\u00e8me enfante la chanson, dans une forme qui pourrait rappeler de loin et sans l\u2019\u00e9rudition, le <em>trobar<\/em>, l&#8217;art des troubadours.<\/p>\n<p>Dans cet album-jeu, chaque morceau d\u00e9crit une situation possible, avec ses \u00e9motions et ses enjeux types, ses syst\u00e8mes de forces souvent r\u00e9versibles et dont le sens \u00e9chappe \u00e0 la pens\u00e9e manich\u00e9enne. Puisant dans les figures sans \u00e2ge du Carnaval, ces dix chansons arcanes apporteront peut-\u00eatre \u00e0 nos consciences de quoi penser autrement les pr\u00e9occupations contemporaines.<\/p>\n<p>Toujours hybride et exploratoire, la musique de Sourdure se d\u00e9couvre ici des facettes inattendues, embrassant l&#8217;art de la chanson, prenant des tournures quasi-op\u00e9ratiques. Exosquelette ou r\u00e9v\u00e9lateur chimique, l\u2019\u00e9lectronique se camoufle dans les asp\u00e9rit\u00e9s de la chanson comme pour en troubler les contours. Emport\u00e9e par une armada de percussions et d\u2019instruments \u00e0 vent, la voix prend naturellement sa place forte, susurrant, savourant la langue d\u2019oc comme un vin mac\u00e9r\u00e9.<\/p>\n<p>Livret 16 pages avec paroles en occitan et traductions en fran\u00e7ais.<\/p>\n<p><iframe loading=\"lazy\" title=\"YouTube video player\" src=\"https:\/\/www.youtube.com\/embed\/e_WKKsul4Wk\" width=\"560\" height=\"315\" frameborder=\"0\" allowfullscreen=\"allowfullscreen\"><\/iframe><\/p>\n<p><strong>Titres :<\/strong><br \/>\n1. Trevia 1&#8217;39<br \/>\n2. Rondal\u00e8ira 4&#8217;38<br \/>\n3. La Rupture 3&#8217;01<br \/>\n4. Na Festa 4&#8217;00<br \/>\n5. Clavar Cavar 2&#8217;21<br \/>\n6. Tota Perta 3&#8217;46<br \/>\n7. L&#8217;Ivern daus Astres 3&#8217;34<br \/>\n8. La Creiatura 0&#8217;58<br \/>\n9. Nostra Foeira 3&#8217;12<br \/>\n10. Vespres dau Raibar 4&#8217;24<\/p>\n","protected":false},"excerpt":{"rendered":"<p>Ernest Bergez : Textes et musique Invit\u00e9s : &#8211; Laurent Boithias : Vielle sur Rondal\u00e8ira et Na Festa &#8211; Elo\u00efse Decazes : Voix sur Clavar Cavar et concertina sur Vespres dau Raibar &#8211; Josiane Guillet-Gentialon : Voix sur La Creiatura &#8211; Wassim Halal : Daf sur Tota Perta &#8211; Maud Herrera : Voix sur Na [&hellip;]<\/p>\n","protected":false},"featured_media":54450,"template":"","meta":{"_acf_changed":false,"_genesis_hide_title":false,"_genesis_hide_breadcrumbs":false,"_genesis_hide_singular_image":false,"_genesis_hide_footer_widgets":false,"_genesis_custom_body_class":"","_genesis_custom_post_class":"","_genesis_layout":""},"product_brand":[],"product_cat":[7220,7216],"product_tag":[],"class_list":{"0":"post-54447","1":"product","2":"type-product","3":"status-publish","4":"has-post-thumbnail","6":"product_cat-hip-hop-electronic-music-en","7":"product_cat-music-en","8":"pa_auteur-sourdure-en","9":"pa_editeur-les-disques-du-festival-permanent-en","10":"pa_editeur-murailles-music-en","11":"pa_editeur-pagans-en","12":"pa_langue-francais-en","13":"pa_langue-occitan-en","14":"pa_langue-occitan-auvernhat-en","15":"entry","17":"first","18":"instock","19":"shipping-taxable","20":"purchasable","21":"product-type-simple"},"acf":[],"_links":{"self":[{"href":"https:\/\/www.libraria-occitana.org\/en\/wp-json\/wp\/v2\/product\/54447","targetHints":{"allow":["GET"]}}],"collection":[{"href":"https:\/\/www.libraria-occitana.org\/en\/wp-json\/wp\/v2\/product"}],"about":[{"href":"https:\/\/www.libraria-occitana.org\/en\/wp-json\/wp\/v2\/types\/product"}],"wp:featuredmedia":[{"embeddable":true,"href":"https:\/\/www.libraria-occitana.org\/en\/wp-json\/wp\/v2\/media\/54450"}],"wp:attachment":[{"href":"https:\/\/www.libraria-occitana.org\/en\/wp-json\/wp\/v2\/media?parent=54447"}],"wp:term":[{"taxonomy":"product_brand","embeddable":true,"href":"https:\/\/www.libraria-occitana.org\/en\/wp-json\/wp\/v2\/product_brand?post=54447"},{"taxonomy":"product_cat","embeddable":true,"href":"https:\/\/www.libraria-occitana.org\/en\/wp-json\/wp\/v2\/product_cat?post=54447"},{"taxonomy":"product_tag","embeddable":true,"href":"https:\/\/www.libraria-occitana.org\/en\/wp-json\/wp\/v2\/product_tag?post=54447"}],"curies":[{"name":"wp","href":"https:\/\/api.w.org\/{rel}","templated":true}]}}