{"id":54467,"date":"2021-04-14T10:57:13","date_gmt":"2021-04-14T08:57:13","guid":{"rendered":"http:\/\/www.libraria-occitana.org\/product\/larriu-deu-denvers-tome-1-tomec\/"},"modified":"2026-04-29T10:50:19","modified_gmt":"2026-04-29T08:50:19","slug":"larriu-deu-denvers-tome-1-tomec","status":"publish","type":"product","link":"https:\/\/www.libraria-occitana.org\/en\/product\/larriu-deu-denvers-tome-1-tomec\/","title":{"rendered":"L&#8217;arriu deu denv\u00e8rs T\u00f2me 1 &#8211; Tom\u00e8c"},"content":{"rendered":"<p>Tom\u00e8c, un orphelin de 13 ans, est l&#8217;\u00e9picier du village. Un soir, une jeune fille entre dans sa boutique et lui demande s\u2019il vend de l\u2019\u00ab eau de la rivi\u00e8re Qjar \u00bb.<\/p>\n<p>\u00ab C\u2019est l\u2019eau qui emp\u00eache de mourir \u00bb, lui dit-elle.<\/p>\n<p>Ainsi commence, pour le jeune gar\u00e7on, un voyage immense qui va le mener dans la For\u00eat de l\u2019Oubli, au village des Parfumeurs, sur l\u2019\u00eele Inexistante\u2026<\/p>\n<p>Arrivera-t-il \u00e0 retrouver Hannah, \u00e0 l\u2019autre bout du monde, l\u00e0 o\u00f9 coule, \u00e0 l\u2019envers, cette rivi\u00e8re fabuleuse ?<\/p>\n<p>Un livre pour les adolescents et pr\u00e9adolescents mais aussi pour les adultes.<\/p>\n<p><a href=\"http:\/\/www.libraria-occitana.org\/produit\/larriu-deu-denvers-tome-2-hannah\/\"><em>L\u2019arriu deu denv\u00e8rs T\u00f2me 2 \u2013 Hannah<\/em><\/a><\/p>\n","protected":false},"excerpt":{"rendered":"<p>Tom\u00e8c, un orphelin de 13 ans, est l&#8217;\u00e9picier du village. Un soir, une jeune fille entre dans sa boutique et lui demande s\u2019il vend de l\u2019\u00ab eau de la rivi\u00e8re Qjar \u00bb. \u00ab C\u2019est l\u2019eau qui emp\u00eache de mourir \u00bb, lui dit-elle. Ainsi commence, pour le jeune gar\u00e7on, un voyage immense qui va le mener [&hellip;]<\/p>\n","protected":false},"featured_media":54462,"template":"","meta":{"_acf_changed":false,"_genesis_hide_title":false,"_genesis_hide_breadcrumbs":false,"_genesis_hide_singular_image":false,"_genesis_hide_footer_widgets":false,"_genesis_custom_body_class":"","_genesis_custom_post_class":"","_genesis_layout":""},"product_brand":[],"product_cat":[7132,7164,7166],"product_tag":[],"class_list":{"0":"post-54467","1":"product","2":"type-product","3":"status-publish","4":"has-post-thumbnail","6":"product_cat-books","7":"product_cat-juvenile-and-teen-comics-humour-en","8":"product_cat-teen-en","9":"pa_auteur-mourlevat-jean-claude-en","10":"pa_editeur-per-noste-en","11":"pa_illustrateur-labandes-claudia-en","12":"pa_langue-occitan-en","13":"pa_langue-occitan-gascon-en","14":"entry","16":"first","17":"outofstock","18":"shipping-taxable","19":"purchasable","20":"product-type-simple"},"acf":[],"_links":{"self":[{"href":"https:\/\/www.libraria-occitana.org\/en\/wp-json\/wp\/v2\/product\/54467","targetHints":{"allow":["GET"]}}],"collection":[{"href":"https:\/\/www.libraria-occitana.org\/en\/wp-json\/wp\/v2\/product"}],"about":[{"href":"https:\/\/www.libraria-occitana.org\/en\/wp-json\/wp\/v2\/types\/product"}],"wp:featuredmedia":[{"embeddable":true,"href":"https:\/\/www.libraria-occitana.org\/en\/wp-json\/wp\/v2\/media\/54462"}],"wp:attachment":[{"href":"https:\/\/www.libraria-occitana.org\/en\/wp-json\/wp\/v2\/media?parent=54467"}],"wp:term":[{"taxonomy":"product_brand","embeddable":true,"href":"https:\/\/www.libraria-occitana.org\/en\/wp-json\/wp\/v2\/product_brand?post=54467"},{"taxonomy":"product_cat","embeddable":true,"href":"https:\/\/www.libraria-occitana.org\/en\/wp-json\/wp\/v2\/product_cat?post=54467"},{"taxonomy":"product_tag","embeddable":true,"href":"https:\/\/www.libraria-occitana.org\/en\/wp-json\/wp\/v2\/product_tag?post=54467"}],"curies":[{"name":"wp","href":"https:\/\/api.w.org\/{rel}","templated":true}]}}