{"id":54594,"date":"2021-07-14T15:19:04","date_gmt":"2021-07-14T13:19:04","guid":{"rendered":"http:\/\/www.libraria-occitana.org\/product\/maralha\/"},"modified":"2026-04-12T04:11:42","modified_gmt":"2026-04-12T02:11:42","slug":"maralha","status":"publish","type":"product","link":"https:\/\/www.libraria-occitana.org\/en\/product\/maralha\/","title":{"rendered":"Maralha"},"content":{"rendered":"<p><strong>C\u00e9cile Delrue-Birot :<\/strong> Violons, chant, pieds<br \/>\n<strong>Marina Kretsch :<\/strong> Violons, chant<br \/>\n<strong>Marthe Tourret :<\/strong> Violons, chant<\/p>\n<p>\u00ab Maralha : l&#8217;exub\u00e9rance des cordes auxquelles se m\u00ealent l&#8217;\u00e9nergie des voix de trois violoneuses pour une musique chaleureuse et rythm\u00e9e. Ce combo nous entra\u00eene dans un espace narratif d&#8217;une modernit\u00e9 radicale, tout en utilisant la d\u00e9marche d&#8217;une esth\u00e9sis complexe, qui d\u00e9passe les ph\u00e9nom\u00e8nes inh\u00e9rents de la musique acoustique. L&#8217;exp\u00e9rience Maralha nous entra\u00eene dans un espace \u00e9voquant des rythmes lumineux, et qui souvent invitent des teintes de chant r\u00e9aliste hallucin\u00e9. Pour mieux proposer une r\u00e9ponse \u00e0 ce qui manque cruellement \u00e0 l&#8217;\u00e9poque : une libert\u00e9 positivement salutaire. Et qui fracasse sa race. \u00bb<\/p>\n<p><strong>Titres :<\/strong><br \/>\n1. Adi<br \/>\n2. Mon p\u00e8re me marie<br \/>\n3. Sauti\u00e8re \u00e0 Cessac<br \/>\n4. La bagatelle<br \/>\n5. Faire la maralha<br \/>\n6. Marguerite<br \/>\n7. Les encore beaucoup plus belles \u00e0 pleurer<br \/>\n8. Polkas du merle<br \/>\n9. Valse de Nard<br \/>\n10. De la prune : chant \u00e0 table<br \/>\n11. Scottish \u00e0 Mouret<br \/>\n12. Tonton les roustons<br \/>\n13. Pot de bourr\u00e9.e.s pourri.e.s<br \/>\n14. Rondes<br \/>\n15. \u00d4de au folklore limousin<\/p>\n","protected":false},"excerpt":{"rendered":"<p>C\u00e9cile Delrue-Birot : Violons, chant, pieds Marina Kretsch : Violons, chant Marthe Tourret : Violons, chant \u00ab Maralha : l&#8217;exub\u00e9rance des cordes auxquelles se m\u00ealent l&#8217;\u00e9nergie des voix de trois violoneuses pour une musique chaleureuse et rythm\u00e9e. Ce combo nous entra\u00eene dans un espace narratif d&#8217;une modernit\u00e9 radicale, tout en utilisant la d\u00e9marche d&#8217;une esth\u00e9sis [&hellip;]<\/p>\n","protected":false},"featured_media":54504,"template":"","meta":{"_acf_changed":false,"_genesis_hide_title":false,"_genesis_hide_breadcrumbs":false,"_genesis_hide_singular_image":false,"_genesis_hide_footer_widgets":false,"_genesis_custom_body_class":"","_genesis_custom_post_class":"","_genesis_layout":""},"product_brand":[],"product_cat":[7228,7216],"product_tag":[],"class_list":{"0":"post-54594","1":"product","2":"type-product","3":"status-publish","4":"has-post-thumbnail","6":"product_cat-modern-folk-en","7":"product_cat-music-en","8":"pa_auteur-maralha-en","9":"pa_langue-francais-en","10":"pa_langue-occitan-en","11":"pa_langue-occitan-provencau-en","12":"entry","14":"first","15":"instock","16":"shipping-taxable","17":"purchasable","18":"product-type-simple"},"acf":[],"_links":{"self":[{"href":"https:\/\/www.libraria-occitana.org\/en\/wp-json\/wp\/v2\/product\/54594","targetHints":{"allow":["GET"]}}],"collection":[{"href":"https:\/\/www.libraria-occitana.org\/en\/wp-json\/wp\/v2\/product"}],"about":[{"href":"https:\/\/www.libraria-occitana.org\/en\/wp-json\/wp\/v2\/types\/product"}],"wp:featuredmedia":[{"embeddable":true,"href":"https:\/\/www.libraria-occitana.org\/en\/wp-json\/wp\/v2\/media\/54504"}],"wp:attachment":[{"href":"https:\/\/www.libraria-occitana.org\/en\/wp-json\/wp\/v2\/media?parent=54594"}],"wp:term":[{"taxonomy":"product_brand","embeddable":true,"href":"https:\/\/www.libraria-occitana.org\/en\/wp-json\/wp\/v2\/product_brand?post=54594"},{"taxonomy":"product_cat","embeddable":true,"href":"https:\/\/www.libraria-occitana.org\/en\/wp-json\/wp\/v2\/product_cat?post=54594"},{"taxonomy":"product_tag","embeddable":true,"href":"https:\/\/www.libraria-occitana.org\/en\/wp-json\/wp\/v2\/product_tag?post=54594"}],"curies":[{"name":"wp","href":"https:\/\/api.w.org\/{rel}","templated":true}]}}