{"id":54596,"date":"2021-05-08T22:53:32","date_gmt":"2021-05-08T20:53:32","guid":{"rendered":"http:\/\/www.libraria-occitana.org\/product\/gramatica-de-loccitan-estandard\/"},"modified":"2026-04-29T06:31:38","modified_gmt":"2026-04-29T04:31:38","slug":"gramatica-de-loccitan-estandard","status":"publish","type":"product","link":"https:\/\/www.libraria-occitana.org\/en\/product\/gramatica-de-loccitan-estandard\/","title":{"rendered":"Gramatica de l&#8217;occitan estandard"},"content":{"rendered":"<p>La presenta gramatica es un obratge de basa destinat a totes los v\u00f2lon con\u00e9isser, apr\u00e9ner e ensenhar la lenga occitana.<br \/>\nEs lo resultat de d\u00e8tz ans d&#8217;un trabalh collectiu menat pels membres de l&#8217;Acadaemia Occitana dins los domenis lexical, morfologic e sintaxic.<br \/>\nSe fonda sus l&#8217;ensems de totas las varietats vivas enrasigadas sus l&#8217;espandi d&#8217;\u00f2c e pari\u00e8rament sus la presa en compte de son ist\u00f2ria, dins la continuitat plan compresa del proj\u00e8cte de Lo\u00eds Alib\u00e8rt.<\/p>\n","protected":false},"excerpt":{"rendered":"<p>La presenta gramatica es un obratge de basa destinat a totes los v\u00f2lon con\u00e9isser, apr\u00e9ner e ensenhar la lenga occitana. Es lo resultat de d\u00e8tz ans d&#8217;un trabalh collectiu menat pels membres de l&#8217;Acadaemia Occitana dins los domenis lexical, morfologic e sintaxic. Se fonda sus l&#8217;ensems de totas las varietats vivas enrasigadas sus l&#8217;espandi d&#8217;\u00f2c [&hellip;]<\/p>\n","protected":false},"featured_media":54274,"template":"","meta":{"_acf_changed":false,"_genesis_hide_title":false,"_genesis_hide_breadcrumbs":false,"_genesis_hide_singular_image":false,"_genesis_hide_footer_widgets":false,"_genesis_custom_body_class":"","_genesis_custom_post_class":"","_genesis_layout":""},"product_brand":[],"product_cat":[7132,7138,7136],"product_tag":[],"class_list":{"0":"post-54596","1":"product","2":"type-product","3":"status-publish","4":"has-post-thumbnail","6":"product_cat-books","7":"product_cat-dictionaries-grammars-en","8":"product_cat-dictionaries-language-educational-en","9":"pa_auteur-collectiu-en-2","10":"pa_auteur-vernet-florian-en","11":"pa_editeur-academia-occitana-en","12":"pa_editeur-collegi-doccitania-en","13":"pa_langue-occitan-en","14":"pa_langue-occitan-lengadocian-en","15":"entry","17":"first","18":"instock","19":"shipping-taxable","20":"purchasable","21":"product-type-simple"},"acf":[],"_links":{"self":[{"href":"https:\/\/www.libraria-occitana.org\/en\/wp-json\/wp\/v2\/product\/54596","targetHints":{"allow":["GET"]}}],"collection":[{"href":"https:\/\/www.libraria-occitana.org\/en\/wp-json\/wp\/v2\/product"}],"about":[{"href":"https:\/\/www.libraria-occitana.org\/en\/wp-json\/wp\/v2\/types\/product"}],"wp:featuredmedia":[{"embeddable":true,"href":"https:\/\/www.libraria-occitana.org\/en\/wp-json\/wp\/v2\/media\/54274"}],"wp:attachment":[{"href":"https:\/\/www.libraria-occitana.org\/en\/wp-json\/wp\/v2\/media?parent=54596"}],"wp:term":[{"taxonomy":"product_brand","embeddable":true,"href":"https:\/\/www.libraria-occitana.org\/en\/wp-json\/wp\/v2\/product_brand?post=54596"},{"taxonomy":"product_cat","embeddable":true,"href":"https:\/\/www.libraria-occitana.org\/en\/wp-json\/wp\/v2\/product_cat?post=54596"},{"taxonomy":"product_tag","embeddable":true,"href":"https:\/\/www.libraria-occitana.org\/en\/wp-json\/wp\/v2\/product_tag?post=54596"}],"curies":[{"name":"wp","href":"https:\/\/api.w.org\/{rel}","templated":true}]}}