{"id":54605,"date":"2021-03-14T16:35:56","date_gmt":"2021-03-14T15:35:56","guid":{"rendered":"http:\/\/www.libraria-occitana.org\/product\/lo-viatge-de-xlo\/"},"modified":"2026-04-02T22:31:42","modified_gmt":"2026-04-02T20:31:42","slug":"lo-viatge-de-xlo","status":"publish","type":"product","link":"https:\/\/www.libraria-occitana.org\/en\/product\/lo-viatge-de-xlo\/","title":{"rendered":"Lo viatge de Xlo"},"content":{"rendered":"<p>Roman de science-fiction.<\/p>\n<blockquote>\n<p>Car Xlo se rapelava, ara, amb agudesa. Lo prumi\u00e8r c\u00f2p qu\u2019avi\u00e1 desvistat Maurizio, aquel jorn de terror e d\u2019ombra. Las gents corrissi\u00e1n per carri\u00e8iras en cridant : la federacion umana es batuda, los Nxf\u00fcrn son m\u00e8stres d\u2019Androm\u00e8da e de Magellan\u2026 Los esquipatges de las naus escapadas a la batalha, vestits de lutz fauba, portavan la maudison dins sos u\u00f2lhs escurs. Son agach reflectissi\u00e1 tota la terror de l\u2019espaci. Apr\u00e8s d\u00e8tz mil ans de vict\u00f2rias aisidas, per lo prumi\u00e8r c\u00f2p los \u00f2mes s\u2019embroncavan a de f\u00f2r\u00e7as immensas, estrangi\u00e8iras, irresistiblas.<br \/>\nMaurizio \u00e8ra sol au mitan, atrencat d\u2019un escafandre forasti\u00e8r. Se vesi\u00e1 qu\u2019\u00e8ra pas de las Pleiades. Mas Xlo alavetz ne vegu\u00e8t pas qu\u2019una causa : lo pes, gaireben tangible, dau desesp\u00e8r que cachava mortalament sas espatlas.<\/p>\n<p>Car Xlo se rappelait, maintenant, avec acuit\u00e9. La premi\u00e8re fois qu\u2019elle avait aper\u00e7u Maurizio, ce jour de terreur et d\u2019ombre. Les gens couraient dans les rues en criant : la f\u00e9d\u00e9ration humaine est battue, les Nxf\u00fcrn sont ma\u00eetres d\u2019Androm\u00e8de et de Magellan\u2026 Les \u00e9quipages des vaisseaux \u00e9chapp\u00e9s de la bataille, v\u00eatus de lumi\u00e8re fauve, portaient la mal\u00e9diction dans leurs yeux sombres. Leur regard refl\u00e9tait toute la terreur de l\u2019espace. Apr\u00e8s dix mille ans de victoires faciles, pour la premi\u00e8re fois les hommes se heurtaient \u00e0 des forces immenses, \u00e9trang\u00e8res, irr\u00e9sistibles.<br \/>\nMaurizio \u00e9tait seul au milieu, accoutr\u00e9 d\u2019un scaphandre \u00e9tranger. On voyait qu\u2019il n\u2019\u00e9tait pas des Pl\u00e9iades. Mais Xlo alors ne vit qu\u2019une chose : le poids, presque tangible, du d\u00e9sespoir qui oppressait mortellement ses \u00e9paules.<\/p>\n<\/blockquote>\n","protected":false},"excerpt":{"rendered":"<p>Roman de science-fiction. Car Xlo se rapelava, ara, amb agudesa. Lo prumi\u00e8r c\u00f2p qu\u2019avi\u00e1 desvistat Maurizio, aquel jorn de terror e d\u2019ombra. Las gents corrissi\u00e1n per carri\u00e8iras en cridant : la federacion umana es batuda, los Nxf\u00fcrn son m\u00e8stres d\u2019Androm\u00e8da e de Magellan\u2026 Los esquipatges de las naus escapadas a la batalha, vestits de lutz [&hellip;]<\/p>\n","protected":false},"featured_media":54561,"template":"","meta":{"_acf_changed":false,"_genesis_hide_title":false,"_genesis_hide_breadcrumbs":false,"_genesis_hide_singular_image":false,"_genesis_hide_footer_widgets":false,"_genesis_custom_body_class":"","_genesis_custom_post_class":"","_genesis_layout":""},"product_brand":[],"product_cat":[7132,7174,7182],"product_tag":[],"class_list":{"0":"post-54605","1":"product","2":"type-product","3":"status-publish","4":"has-post-thumbnail","6":"product_cat-books","7":"product_cat-literature-en","8":"product_cat-novels-short-stories-en","9":"pa_auteur-brun-joan-frederic-en","10":"pa_editeur-per-noste-en","11":"pa_langue-occitan-en","12":"pa_langue-occitan-lengadocian-en","13":"entry","15":"first","16":"instock","17":"shipping-taxable","18":"purchasable","19":"product-type-simple"},"acf":[],"_links":{"self":[{"href":"https:\/\/www.libraria-occitana.org\/en\/wp-json\/wp\/v2\/product\/54605","targetHints":{"allow":["GET"]}}],"collection":[{"href":"https:\/\/www.libraria-occitana.org\/en\/wp-json\/wp\/v2\/product"}],"about":[{"href":"https:\/\/www.libraria-occitana.org\/en\/wp-json\/wp\/v2\/types\/product"}],"wp:featuredmedia":[{"embeddable":true,"href":"https:\/\/www.libraria-occitana.org\/en\/wp-json\/wp\/v2\/media\/54561"}],"wp:attachment":[{"href":"https:\/\/www.libraria-occitana.org\/en\/wp-json\/wp\/v2\/media?parent=54605"}],"wp:term":[{"taxonomy":"product_brand","embeddable":true,"href":"https:\/\/www.libraria-occitana.org\/en\/wp-json\/wp\/v2\/product_brand?post=54605"},{"taxonomy":"product_cat","embeddable":true,"href":"https:\/\/www.libraria-occitana.org\/en\/wp-json\/wp\/v2\/product_cat?post=54605"},{"taxonomy":"product_tag","embeddable":true,"href":"https:\/\/www.libraria-occitana.org\/en\/wp-json\/wp\/v2\/product_tag?post=54605"}],"curies":[{"name":"wp","href":"https:\/\/api.w.org\/{rel}","templated":true}]}}