{"id":54630,"date":"2021-07-19T12:06:03","date_gmt":"2021-07-19T10:06:03","guid":{"rendered":"http:\/\/www.libraria-occitana.org\/?post_type=product&#038;p=54630"},"modified":"2026-04-15T04:36:37","modified_gmt":"2026-04-15T02:36:37","slug":"solidaritat","status":"publish","type":"product","link":"https:\/\/www.libraria-occitana.org\/en\/product\/solidaritat\/","title":{"rendered":"Solidaritat"},"content":{"rendered":"<p><strong>Denis Galvier :<\/strong> Fl\u00fbtes, saxophones, chant<br \/>\n<strong>Jean-Paul Gimenez :<\/strong> Basse, ch\u0153urs<br \/>\n<strong>Marc Lemonnier :<\/strong> Guitares, accord\u00e9on chromatique, charango, ch\u0153urs<br \/>\n<strong>Vivian P\u00e9r\u00e8s :<\/strong> Batterie, ch\u0153urs<\/p>\n<p><strong>Invit\u00e9s :<\/strong><br \/>\nJean-Michel \u00ab Spi \u00bb Poisson (Harmonica, ch\u0153urs)<br \/>\nBruno Sentou (Accord\u00e9on)<br \/>\nJean-Pol Oudart (Congas,percussions)<br \/>\nGroupe \u00ab Les Naufrag\u00e9s \u00bb : Pascale de Franceschi, Jean-Michel \u00ab Spi \u00bb Poisson, St\u00e9phane Poisson, David Schittulli, Ludovic Cres<br \/>\nManon Lemonnier, Manon Maraux, Anne Gimenez, Tiphaine Lopez (Ch\u0153urs)<\/p>\n<p>Le deuxi\u00e8me album de Garric apr\u00e8s \u00ab <a href=\"http:\/\/www.libraria-occitana.org\/produit\/cercaires-doc-chercheurs-dor\/\">Cercaires d\u2019\u00d2c \/ Chercheurs d\u2019Or<\/a>\u00a0\u00bb (2015).<\/p>\n<p><iframe loading=\"lazy\" title=\"YouTube video player\" src=\"https:\/\/www.youtube.com\/embed\/l8BGrJE_new\" width=\"560\" height=\"315\" frameborder=\"0\" allowfullscreen=\"allowfullscreen\"><\/iframe><\/p>\n<p>\u00ab \u00ab Solidaritat \u00bb\u2026 le terme parle de lui-m\u00eame. Seule la solidarit\u00e9 permettra de sortir par le haut de la p\u00e9riode complexe que nous traversons. Le projet s\u2019est construit autour de l\u2019envie de parler de ce qui, aujourd\u2019hui et demain, reste, redevient essentiel. Plus que jamais, ce disque se veut le reflet de la vie actuelle impr\u00e9gn\u00e9e du prisme de l\u2019histoire et de la langue occitane pr\u00e9sente sur tous les titres sauf deux instrumentaux.<\/p>\n<p>Le projet <em>Solidaritat<\/em> arrive dans un moment cl\u00e9 de l\u2019histoire de Garric. Les nombreuses exp\u00e9riences sc\u00e9niques et un travail r\u00e9gulier nous ont permis de d\u00e9velopper de nouveaux morceaux et d\u2019envisager des arrangements dans lesquels tour \u00e0 tour les choix nous m\u00e8nent vers un enrichissement ou une simplification, vers la sophistication ou l\u2019\u00e9pure, vers l\u2019efficacit\u00e9 ou hors des sentiers battus. Une autre mani\u00e8re de concevoir la dynamique de sc\u00e8ne est en jeu, port\u00e9e par nos exp\u00e9riences. La danse reste un fil rouge; elle est la contrainte qui lib\u00e8re la cr\u00e9ation et qui peut ensuite dispara\u00eetre dans l\u2019\u00e9coute.<\/p>\n<p>Cette nouvelle cr\u00e9ation se situe r\u00e9solument dans ce courant particulier des \u00ab musiques actuelles \u00bb que nous aimons \u00e0 d\u00e9finir comme \u00ab musiques trad\u2019actuelles \u00bb.<\/p>\n<p>Le travail de studio, allong\u00e9 d\u2019une ann\u00e9e enti\u00e8re par la situation sanitaire, nous a permis d\u2019approfondir encore des choix d\u2019arrangement, d\u2019am\u00e9liorer la qualit\u00e9 d\u2019\u00e9coute et de communiquer entre nous sur le sens de notre travail. Il a constitu\u00e9 une phase indispensable, d\u00e9j\u00e0 ressentie par chacun pour d\u2019autres productions mais qui a pris cette fois-ci un sens imp\u00e9rieux, une importance vitale. Chaque prise nous a pouss\u00e9 dans nos retranchements, d\u2019\u00e9quilibre en exp\u00e9rience, et nous a aid\u00e9 \u00e0 progresser, \u00e0 associer exigence et cr\u00e9ation.<\/p>\n<p>Au-del\u00e0 de ces consid\u00e9rations somme toute \u00e9go\u00efstes, il est question de la qualit\u00e9 de ce que le groupe peut offrir \u00e0 son public, du respect qu\u2019on doit aux gens qui viennent retrouver dans nos concerts les intentions que nous avons mises dans nos musiques, les messages aussi qui pars\u00e8ment des textes dans lesquels les chocs des sonorit\u00e9s participent \u00e0 la musique.<br \/>\nIl est aussi question de ces danseurs qui viennent rechercher dans des airs musicaux, cr\u00e9\u00e9s pour accorder les pieds aux pas, des moments de partage d\u2019\u00e9nergie en groupes, ou de communication sensuelle en couple.<br \/>\nIl est \u00e9galement question de cette langue occitane qui plante ses racines dans les m\u00e9lodies tress\u00e9es autour de sa sonorit\u00e9. Porteuse d\u2019histoire, elle fleurit dans les brumes de l\u2019aujourd\u2019hui et r\u00e9pand le parfum volatile du devenir. Elle est force et fragilit\u00e9, douceur et rudesse, r\u00eave et lucidit\u00e9. Elle est moderne parce qu\u2019elle ne veut pas l\u2019\u00eatre, elle s\u2019affranchit des modes pour se v\u00eatir de sens. Bien au-del\u00e0 de la conservation, la faire r\u00e9sonner est une mani\u00e8re de r\u00e9inventer un univers actuel original o\u00f9 la m\u00e9lodie de la langue entre en symbiose avec celle de la musique. \u00bb<\/p>\n<p><strong>Titres :<\/strong><br \/>\n1. L\u2019alba o lo calabrun [Scottisch] (D. Galvier, M. Lemonnier) 4&#8217;43<br \/>\n2. Fraires de granit [Anter dro] (D. Galvier) 5&#8217;25<br \/>\n3. Solidaritat [Scottisch] (D. Galvier) 3&#8217;25<br \/>\n4. Balade finlandaise [Valse] (M. Lemonnier) 4&#8217;41<br \/>\n5. Lo tap [Rondeau en cha\u00eene] (D.Galvier) 4&#8217;56<br \/>\n6. Fragilitat [Mazurka] (D. Galvier) 4&#8217;39<br \/>\n7. Brisa tot [Brise-pieds] (D. Galvier) 4&#8217;37<br \/>\n8. XVII\u00e8me cercle [Chapeloise] (M. Lemonnier) 3&#8217;31<br \/>\n9. Miratge [Gavotte de l&#8217;Aven] (D. Galvier) 6&#8217;12<br \/>\n10. Lo j\u00f2c [Cercle circassien] (D. Galvier) 5&#8217;14<br \/>\n11. L\u2019ostal umanitat [Java valse] (D. Galvier) 3&#8217;22<br \/>\n12. Arresta de plorar [Cercle] (D. Galvier) 4&#8217;12<br \/>\n13. Solidaritat remix Les Naufrag\u00e9s (D. Galvier) 3&#8217;40<\/p>\n","protected":false},"excerpt":{"rendered":"<p>Denis Galvier : Fl\u00fbtes, saxophones, chant Jean-Paul Gimenez : Basse, ch\u0153urs Marc Lemonnier : Guitares, accord\u00e9on chromatique, charango, ch\u0153urs Vivian P\u00e9r\u00e8s : Batterie, ch\u0153urs Invit\u00e9s : Jean-Michel \u00ab Spi \u00bb Poisson (Harmonica, ch\u0153urs) Bruno Sentou (Accord\u00e9on) Jean-Pol Oudart (Congas,percussions) Groupe \u00ab Les Naufrag\u00e9s \u00bb : Pascale de Franceschi, Jean-Michel \u00ab Spi \u00bb Poisson, St\u00e9phane Poisson, [&hellip;]<\/p>\n","protected":false},"featured_media":54633,"template":"","meta":{"_acf_changed":false,"_genesis_hide_title":false,"_genesis_hide_breadcrumbs":false,"_genesis_hide_singular_image":false,"_genesis_hide_footer_widgets":false,"_genesis_custom_body_class":"","_genesis_custom_post_class":"","_genesis_layout":""},"product_brand":[],"product_cat":[7228,7216],"product_tag":[],"class_list":{"0":"post-54630","1":"product","2":"type-product","3":"status-publish","4":"has-post-thumbnail","6":"product_cat-modern-folk-en","7":"product_cat-music-en","8":"pa_auteur-garric-en","9":"pa_editeur-coriandre-en-2","10":"pa_langue-occitan-en","11":"pa_langue-occitan-lengadocian-en","12":"entry","14":"first","15":"instock","16":"shipping-taxable","17":"purchasable","18":"product-type-simple"},"acf":[],"_links":{"self":[{"href":"https:\/\/www.libraria-occitana.org\/en\/wp-json\/wp\/v2\/product\/54630","targetHints":{"allow":["GET"]}}],"collection":[{"href":"https:\/\/www.libraria-occitana.org\/en\/wp-json\/wp\/v2\/product"}],"about":[{"href":"https:\/\/www.libraria-occitana.org\/en\/wp-json\/wp\/v2\/types\/product"}],"wp:featuredmedia":[{"embeddable":true,"href":"https:\/\/www.libraria-occitana.org\/en\/wp-json\/wp\/v2\/media\/54633"}],"wp:attachment":[{"href":"https:\/\/www.libraria-occitana.org\/en\/wp-json\/wp\/v2\/media?parent=54630"}],"wp:term":[{"taxonomy":"product_brand","embeddable":true,"href":"https:\/\/www.libraria-occitana.org\/en\/wp-json\/wp\/v2\/product_brand?post=54630"},{"taxonomy":"product_cat","embeddable":true,"href":"https:\/\/www.libraria-occitana.org\/en\/wp-json\/wp\/v2\/product_cat?post=54630"},{"taxonomy":"product_tag","embeddable":true,"href":"https:\/\/www.libraria-occitana.org\/en\/wp-json\/wp\/v2\/product_tag?post=54630"}],"curies":[{"name":"wp","href":"https:\/\/api.w.org\/{rel}","templated":true}]}}