{"id":54646,"date":"2017-10-20T15:55:26","date_gmt":"2017-10-20T13:55:26","guid":{"rendered":"http:\/\/www.libraria-occitana.org\/product\/essentiel-de-vannerie-spiralee-les-veillees-dans-la-tete\/"},"modified":"2026-04-14T20:41:18","modified_gmt":"2026-04-14T18:41:18","slug":"essentiel-de-vannerie-spiralee-les-veillees-dans-la-tete","status":"publish","type":"product","link":"https:\/\/www.libraria-occitana.org\/en\/product\/essentiel-de-vannerie-spiralee-les-veillees-dans-la-tete\/","title":{"rendered":"Essentiel de vannerie spiral\u00e9e &#038; les veill\u00e9es dans la t\u00eate"},"content":{"rendered":"<p>Une bouff\u00e9e d&#8217;oxyg\u00e8ne dans un monde de fou, fou, fou ! Didier Chabot nous l&#8217;offre dans cet opuscule c\u00e9l\u00e9brant la vannerie spiral\u00e9e cousue et ses palissons, r\u00e9veillant aussi la m\u00e9moire des veill\u00e9es d&#8217;antan partag\u00e9es entre amis et voisins.<\/p>\n<p>L&#8217;auteur, vannier amateur de longue date, a appris aux c\u00f4t\u00e9s de ses a\u00efeuls cette technique vieille comme le monde. Il la pratique toujours, avec un regard nouveau, pour la faire perdurer.<\/p>\n<p>Ses quarante premi\u00e8res ann\u00e9es de vannerie se sont construites sur les bases apprises aupr\u00e8s d&#8217;ultimes passeurs de vannerie rurale. Depuis, au fil des plis d&#8217;un couple de conteurs-origamistes, il s&#8217;est int\u00e9ress\u00e9 \u00e0 la \u00ab mod\u00e9lisation \u00bb par vannerie spiral\u00e9e, source d&#8217;invention, d&#8217;imagination et d&#8217;inspiration. Souvent rel\u00e9gu\u00e9e \u00e0 des fins utilitaires, il montre ainsi le potentiel cr\u00e9atif de cette technique essentielle.<\/p>\n<p>Savoir-faire et souvenirs d&#8217;enfance sont associ\u00e9s dans un r\u00e9cit \u00e9mouvant qui \u00e9veille l&#8217;envie de \u00ab faire de ses mains \u00bb, sans nostalgie, juste histoire de renouer avec une simplicit\u00e9 de vie heureuse et \u00e9panouissante. Essayez, vous verrez : c&#8217;est <em>palissounant<\/em> !<\/p>\n","protected":false},"excerpt":{"rendered":"<p>Une bouff\u00e9e d&#8217;oxyg\u00e8ne dans un monde de fou, fou, fou ! Didier Chabot nous l&#8217;offre dans cet opuscule c\u00e9l\u00e9brant la vannerie spiral\u00e9e cousue et ses palissons, r\u00e9veillant aussi la m\u00e9moire des veill\u00e9es d&#8217;antan partag\u00e9es entre amis et voisins. L&#8217;auteur, vannier amateur de longue date, a appris aux c\u00f4t\u00e9s de ses a\u00efeuls cette technique vieille comme [&hellip;]<\/p>\n","protected":false},"featured_media":54644,"template":"","meta":{"_acf_changed":false,"_genesis_hide_title":false,"_genesis_hide_breadcrumbs":false,"_genesis_hide_singular_image":false,"_genesis_hide_footer_widgets":false,"_genesis_custom_body_class":"","_genesis_custom_post_class":"","_genesis_layout":""},"product_brand":[],"product_cat":[7132,7212,7206],"product_tag":[],"class_list":{"0":"post-54646","1":"product","2":"type-product","3":"status-publish","4":"has-post-thumbnail","6":"product_cat-books","7":"product_cat-traditional-skills-savoirs-faire-en","8":"product_cat-traditions-heritage-en","9":"pa_auteur-chabot-didier-en","10":"pa_editeur-editions-de-terran-en","11":"pa_langue-francais-en","12":"entry","14":"first","15":"outofstock","16":"shipping-taxable","17":"purchasable","18":"product-type-simple"},"acf":[],"_links":{"self":[{"href":"https:\/\/www.libraria-occitana.org\/en\/wp-json\/wp\/v2\/product\/54646","targetHints":{"allow":["GET"]}}],"collection":[{"href":"https:\/\/www.libraria-occitana.org\/en\/wp-json\/wp\/v2\/product"}],"about":[{"href":"https:\/\/www.libraria-occitana.org\/en\/wp-json\/wp\/v2\/types\/product"}],"wp:featuredmedia":[{"embeddable":true,"href":"https:\/\/www.libraria-occitana.org\/en\/wp-json\/wp\/v2\/media\/54644"}],"wp:attachment":[{"href":"https:\/\/www.libraria-occitana.org\/en\/wp-json\/wp\/v2\/media?parent=54646"}],"wp:term":[{"taxonomy":"product_brand","embeddable":true,"href":"https:\/\/www.libraria-occitana.org\/en\/wp-json\/wp\/v2\/product_brand?post=54646"},{"taxonomy":"product_cat","embeddable":true,"href":"https:\/\/www.libraria-occitana.org\/en\/wp-json\/wp\/v2\/product_cat?post=54646"},{"taxonomy":"product_tag","embeddable":true,"href":"https:\/\/www.libraria-occitana.org\/en\/wp-json\/wp\/v2\/product_tag?post=54646"}],"curies":[{"name":"wp","href":"https:\/\/api.w.org\/{rel}","templated":true}]}}