{"id":54703,"date":"2021-07-28T16:44:07","date_gmt":"2021-07-28T14:44:07","guid":{"rendered":"http:\/\/www.libraria-occitana.org\/product\/aux-origines-du-christianisme-en-limousin-recherches-sur-les-premiers-sites-baptismaux\/"},"modified":"2026-04-29T07:06:09","modified_gmt":"2026-04-29T05:06:09","slug":"aux-origines-du-christianisme-en-limousin-recherches-sur-les-premiers-sites-baptismaux","status":"publish","type":"product","link":"https:\/\/www.libraria-occitana.org\/en\/product\/aux-origines-du-christianisme-en-limousin-recherches-sur-les-premiers-sites-baptismaux\/","title":{"rendered":"Aux origines du christianisme en Limousin : Recherches sur les premiers sites baptismaux"},"content":{"rendered":"<p>Cet ouvrage s&#8217;inscrit au seuil d&#8217;une recherche de longue dur\u00e9e sur les origines du christianisme en Limousin.<\/p>\n<p>C&#8217;est le bapt\u00eame qui introduit au christianisme, et la pr\u00e9sence d&#8217;un baptist\u00e8re implique par cons\u00e9quent celle d&#8217;un groupe de chr\u00e9tiens. Les recherches ont donc privil\u00e9gi\u00e9 les sites susceptibles d&#8217;avoir accueilli les plus anciens \u00e9difices baptismaux.<\/p>\n<p>\u00c0 ce jour, un seul baptist\u00e8re a fait l&#8217;objet d&#8217;une fouille, en 2005, \u00e0 proximit\u00e9 du portail Saint-Jean-Baptiste de la cath\u00e9drale de Limoges : en souvenir du bapt\u00eame de J\u00e9sus par le saint, tous les baptist\u00e8res furent en effet plac\u00e9s, au fil des si\u00e8cles, sous son patronage. C&#8217;est pourquoi la recension du mobilier liturgique honorant Jean-Baptiste dans les \u00e9glises et chapelles de l&#8217;ancien dioc\u00e8se de Limoges s&#8217;av\u00e8re fort utile, puisque ce mobilier pourrait \u00e9voquer la proximit\u00e9 d&#8217;un ancien baptist\u00e8re disparu depuis longtemps.<\/p>\n<p>Les beaux clich\u00e9s illustrant cet ouvrage proposent ainsi, dans les limites de l&#8217;\u00e9tude, un v\u00e9ritable reportage iconographique sur les statues, bas-reliefs, tableaux, vitraux, reliquaires et banni\u00e8res, qui sont les pr\u00e9cieux t\u00e9moins d&#8217;un culte baptismal parvenus jusqu&#8217;\u00e0 nous malgr\u00e9 les vols et les destructions.<\/p>\n<p>Le lecteur est invit\u00e9, s&#8217;il le souhaite, \u00e0 poursuivre ces premi\u00e8res recherches partout en Limousin.<\/p>\n","protected":false},"excerpt":{"rendered":"<p>Cet ouvrage s&#8217;inscrit au seuil d&#8217;une recherche de longue dur\u00e9e sur les origines du christianisme en Limousin. C&#8217;est le bapt\u00eame qui introduit au christianisme, et la pr\u00e9sence d&#8217;un baptist\u00e8re implique par cons\u00e9quent celle d&#8217;un groupe de chr\u00e9tiens. Les recherches ont donc privil\u00e9gi\u00e9 les sites susceptibles d&#8217;avoir accueilli les plus anciens \u00e9difices baptismaux. \u00c0 ce jour, [&hellip;]<\/p>\n","protected":false},"featured_media":54701,"template":"","meta":{"_acf_changed":false,"_genesis_hide_title":false,"_genesis_hide_breadcrumbs":false,"_genesis_hide_singular_image":false,"_genesis_hide_footer_widgets":false,"_genesis_custom_body_class":"","_genesis_custom_post_class":"","_genesis_layout":""},"product_brand":[],"product_cat":[7154,7132,7148],"product_tag":[],"class_list":{"0":"post-54703","1":"product","2":"type-product","3":"status-publish","4":"has-post-thumbnail","6":"product_cat-ancient-history-en","7":"product_cat-books","8":"product_cat-history-geography-en","9":"pa_auteur-desbordes-jean-michel-en","10":"pa_editeur-archeologie-en-limousin-en","11":"pa_illustrateur-amelot-jean-francois-en","12":"pa_langue-francais-en","13":"entry","15":"first","16":"instock","17":"shipping-taxable","18":"purchasable","19":"product-type-simple"},"acf":[],"_links":{"self":[{"href":"https:\/\/www.libraria-occitana.org\/en\/wp-json\/wp\/v2\/product\/54703","targetHints":{"allow":["GET"]}}],"collection":[{"href":"https:\/\/www.libraria-occitana.org\/en\/wp-json\/wp\/v2\/product"}],"about":[{"href":"https:\/\/www.libraria-occitana.org\/en\/wp-json\/wp\/v2\/types\/product"}],"wp:featuredmedia":[{"embeddable":true,"href":"https:\/\/www.libraria-occitana.org\/en\/wp-json\/wp\/v2\/media\/54701"}],"wp:attachment":[{"href":"https:\/\/www.libraria-occitana.org\/en\/wp-json\/wp\/v2\/media?parent=54703"}],"wp:term":[{"taxonomy":"product_brand","embeddable":true,"href":"https:\/\/www.libraria-occitana.org\/en\/wp-json\/wp\/v2\/product_brand?post=54703"},{"taxonomy":"product_cat","embeddable":true,"href":"https:\/\/www.libraria-occitana.org\/en\/wp-json\/wp\/v2\/product_cat?post=54703"},{"taxonomy":"product_tag","embeddable":true,"href":"https:\/\/www.libraria-occitana.org\/en\/wp-json\/wp\/v2\/product_tag?post=54703"}],"curies":[{"name":"wp","href":"https:\/\/api.w.org\/{rel}","templated":true}]}}