{"id":54839,"date":"2021-09-20T13:23:13","date_gmt":"2021-09-20T11:23:13","guid":{"rendered":"http:\/\/www.libraria-occitana.org\/product\/amontanhatge-lei-tres-libres\/"},"modified":"2026-04-29T10:44:04","modified_gmt":"2026-04-29T08:44:04","slug":"amontanhatge-lei-tres-libres","status":"publish","type":"product","link":"https:\/\/www.libraria-occitana.org\/en\/product\/amontanhatge-lei-tres-libres\/","title":{"rendered":"Amontanhatge : Lei tres libres"},"content":{"rendered":"<p>Au XV\u00e8me si\u00e8cle, dans les comt\u00e9s de Provence et de Forcalquier, trois vies, trois jeunes gens qui viennent de sortir de l\u2019enfance. Leur avenir semblait tout trac\u00e9, mais rien n\u2019est jamais d\u00e9finitif. Ainsi, les destins d\u2019Amielh, de Bertrand et de Clemen\u00e7 ont \u00e9t\u00e9 chamboul\u00e9s. Amielh, qui devait \u00eatre laboureur, sera finalement berger ; Bertrand, qui vit le jour entre p\u00e9trin et four, n\u2019aura pas de farine entre ses doigts, mais une \u00e9p\u00e9e ; Clemen\u00e7, qui passa son enfance dans un petit village, passera le reste de sa vie dans le clo\u00eetre d\u2019une abbaye.<\/p>\n<p>Promis \u00e0 une existence simple et douce, leurs vies ne furent finalement pas ces longues rivi\u00e8res tranquilles. Mais ils savaient qu\u2019en suivant un chemin qui ne leur \u00e9tait pas pr\u00e9destin\u00e9, ils se trouveraient impliqu\u00e9s dans les tourments de l\u2019histoire.<\/p>\n","protected":false},"excerpt":{"rendered":"<p>Au XV\u00e8me si\u00e8cle, dans les comt\u00e9s de Provence et de Forcalquier, trois vies, trois jeunes gens qui viennent de sortir de l\u2019enfance. Leur avenir semblait tout trac\u00e9, mais rien n\u2019est jamais d\u00e9finitif. Ainsi, les destins d\u2019Amielh, de Bertrand et de Clemen\u00e7 ont \u00e9t\u00e9 chamboul\u00e9s. Amielh, qui devait \u00eatre laboureur, sera finalement berger ; Bertrand, qui [&hellip;]<\/p>\n","protected":false},"featured_media":54813,"template":"","meta":{"_acf_changed":false,"_genesis_hide_title":false,"_genesis_hide_breadcrumbs":false,"_genesis_hide_singular_image":false,"_genesis_hide_footer_widgets":false,"_genesis_custom_body_class":"","_genesis_custom_post_class":"","_genesis_layout":""},"product_brand":[],"product_cat":[7132,7174,7182],"product_tag":[],"class_list":{"0":"post-54839","1":"product","2":"type-product","3":"status-publish","4":"has-post-thumbnail","6":"product_cat-books","7":"product_cat-literature-en","8":"product_cat-novels-short-stories-en","9":"pa_auteur-arnaud-miqueu-en","10":"pa_editeur-ieo-fr-en","11":"pa_langue-occitan-en","12":"pa_langue-occitan-provencau-en","13":"entry","15":"first","16":"instock","17":"shipping-taxable","18":"purchasable","19":"product-type-simple"},"acf":[],"_links":{"self":[{"href":"https:\/\/www.libraria-occitana.org\/en\/wp-json\/wp\/v2\/product\/54839","targetHints":{"allow":["GET"]}}],"collection":[{"href":"https:\/\/www.libraria-occitana.org\/en\/wp-json\/wp\/v2\/product"}],"about":[{"href":"https:\/\/www.libraria-occitana.org\/en\/wp-json\/wp\/v2\/types\/product"}],"wp:featuredmedia":[{"embeddable":true,"href":"https:\/\/www.libraria-occitana.org\/en\/wp-json\/wp\/v2\/media\/54813"}],"wp:attachment":[{"href":"https:\/\/www.libraria-occitana.org\/en\/wp-json\/wp\/v2\/media?parent=54839"}],"wp:term":[{"taxonomy":"product_brand","embeddable":true,"href":"https:\/\/www.libraria-occitana.org\/en\/wp-json\/wp\/v2\/product_brand?post=54839"},{"taxonomy":"product_cat","embeddable":true,"href":"https:\/\/www.libraria-occitana.org\/en\/wp-json\/wp\/v2\/product_cat?post=54839"},{"taxonomy":"product_tag","embeddable":true,"href":"https:\/\/www.libraria-occitana.org\/en\/wp-json\/wp\/v2\/product_tag?post=54839"}],"curies":[{"name":"wp","href":"https:\/\/api.w.org\/{rel}","templated":true}]}}