{"id":54842,"date":"2021-09-20T13:43:20","date_gmt":"2021-09-20T11:43:20","guid":{"rendered":"http:\/\/www.libraria-occitana.org\/?post_type=product&#038;p=54842"},"modified":"2026-04-29T10:44:17","modified_gmt":"2026-04-29T08:44:17","slug":"coma-un-cadavre-al-riu-getat","status":"publish","type":"product","link":"https:\/\/www.libraria-occitana.org\/en\/product\/coma-un-cadavre-al-riu-getat\/","title":{"rendered":"Coma un cadavre al riu getat"},"content":{"rendered":"<p>C\u2019est dans les C\u00e9vennes et plus pr\u00e9cis\u00e9ment dans le parc national que la tr\u00e8s belle et p\u00e9tillante d\u00e9tective Margarida Cercamond et son second m\u00e8nent leur enqu\u00eate. Il leur faudra fouiller au milieu d\u2019une communaut\u00e9 de hippies, des \u00ab poilus \u00bb comme on dit dans le pays, d\u2019un \u00ab n\u00e9o-c\u00e9venol \u00bb qui vit comme un sauvage dans le mas familial, d\u2019un ancien raseteur devenu alcoolique et bourreau familial, de son ami chasseur de sangliers, et de bien d\u2019autres personnages. Ils rencontreront dans leurs p\u00e9r\u00e9grinations une institutrice de village passionn\u00e9e de botanique, une ancienne actrice de films X devenue gardienne de ch\u00e8vres, et bien s\u00fbr, ils trouveront sur leur route le commissaire Pepich\u00f2t, son second l\u2019inspecteur Gaspard ainsi que deux polici\u00e8res, Bregida et Anh\u00e8s. Tout ce petit monde se retrouve dans un d\u00e9cor \u00e9tonnant fait de foss\u00e9s, de collines et de ch\u00e2taigniers.<\/p>\n","protected":false},"excerpt":{"rendered":"<p>C\u2019est dans les C\u00e9vennes et plus pr\u00e9cis\u00e9ment dans le parc national que la tr\u00e8s belle et p\u00e9tillante d\u00e9tective Margarida Cercamond et son second m\u00e8nent leur enqu\u00eate. Il leur faudra fouiller au milieu d\u2019une communaut\u00e9 de hippies, des \u00ab poilus \u00bb comme on dit dans le pays, d\u2019un \u00ab n\u00e9o-c\u00e9venol \u00bb qui vit comme un sauvage [&hellip;]<\/p>\n","protected":false},"featured_media":54819,"template":"","meta":{"_acf_changed":false,"_genesis_hide_title":false,"_genesis_hide_breadcrumbs":false,"_genesis_hide_singular_image":false,"_genesis_hide_footer_widgets":false,"_genesis_custom_body_class":"","_genesis_custom_post_class":"","_genesis_layout":""},"product_brand":[],"product_cat":[7132,7174,7182],"product_tag":[],"class_list":{"0":"post-54842","1":"product","2":"type-product","3":"status-publish","4":"has-post-thumbnail","6":"product_cat-books","7":"product_cat-literature-en","8":"product_cat-novels-short-stories-en","9":"pa_auteur-peladan-jordi-en","10":"pa_editeur-ieo-fr-en","11":"pa_langue-occitan-en","12":"pa_langue-occitan-lengadocian-en","13":"entry","15":"first","16":"instock","17":"shipping-taxable","18":"purchasable","19":"product-type-simple"},"acf":[],"_links":{"self":[{"href":"https:\/\/www.libraria-occitana.org\/en\/wp-json\/wp\/v2\/product\/54842","targetHints":{"allow":["GET"]}}],"collection":[{"href":"https:\/\/www.libraria-occitana.org\/en\/wp-json\/wp\/v2\/product"}],"about":[{"href":"https:\/\/www.libraria-occitana.org\/en\/wp-json\/wp\/v2\/types\/product"}],"wp:featuredmedia":[{"embeddable":true,"href":"https:\/\/www.libraria-occitana.org\/en\/wp-json\/wp\/v2\/media\/54819"}],"wp:attachment":[{"href":"https:\/\/www.libraria-occitana.org\/en\/wp-json\/wp\/v2\/media?parent=54842"}],"wp:term":[{"taxonomy":"product_brand","embeddable":true,"href":"https:\/\/www.libraria-occitana.org\/en\/wp-json\/wp\/v2\/product_brand?post=54842"},{"taxonomy":"product_cat","embeddable":true,"href":"https:\/\/www.libraria-occitana.org\/en\/wp-json\/wp\/v2\/product_cat?post=54842"},{"taxonomy":"product_tag","embeddable":true,"href":"https:\/\/www.libraria-occitana.org\/en\/wp-json\/wp\/v2\/product_tag?post=54842"}],"curies":[{"name":"wp","href":"https:\/\/api.w.org\/{rel}","templated":true}]}}