{"id":54845,"date":"2021-09-20T13:46:47","date_gmt":"2021-09-20T11:46:47","guid":{"rendered":"http:\/\/www.libraria-occitana.org\/?post_type=product&#038;p=54845"},"modified":"2026-04-09T22:46:18","modified_gmt":"2026-04-09T20:46:18","slug":"disparicions","status":"publish","type":"product","link":"https:\/\/www.libraria-occitana.org\/en\/product\/disparicions\/","title":{"rendered":"Disparicions"},"content":{"rendered":"<p><em>Disparicions<\/em> est un recueil de textes o\u00f9, comme dans <em>Masquetas e Mari\u00f2tas<\/em>, on se trouve \u00e0 la limite entre la vie quotidienne et le surnaturel, dans un univers o\u00f9 tout, \u00e0 chaque seconde, peut basculer et dispara\u00eetre par l\u2019effet d\u2019une volont\u00e9 claire ou obscure, mais \u00e9galement parfois sans raison\u2026<\/p>\n","protected":false},"excerpt":{"rendered":"<p>Disparicions est un recueil de textes o\u00f9, comme dans Masquetas e Mari\u00f2tas, on se trouve \u00e0 la limite entre la vie quotidienne et le surnaturel, dans un univers o\u00f9 tout, \u00e0 chaque seconde, peut basculer et dispara\u00eetre par l\u2019effet d\u2019une volont\u00e9 claire ou obscure, mais \u00e9galement parfois sans raison\u2026<\/p>\n","protected":false},"featured_media":54816,"template":"","meta":{"_acf_changed":false,"_genesis_hide_title":false,"_genesis_hide_breadcrumbs":false,"_genesis_hide_singular_image":false,"_genesis_hide_footer_widgets":false,"_genesis_custom_body_class":"","_genesis_custom_post_class":"","_genesis_layout":""},"product_brand":[],"product_cat":[7132,7174,7182],"product_tag":[],"class_list":{"0":"post-54845","1":"product","2":"type-product","3":"status-publish","4":"has-post-thumbnail","6":"product_cat-books","7":"product_cat-literature-en","8":"product_cat-novels-short-stories-en","9":"pa_auteur-serras-joan-claudi-en","10":"pa_editeur-ieo-fr-en","11":"pa_langue-occitan-en","12":"pa_langue-occitan-lengadocian-en","13":"entry","15":"first","16":"instock","17":"shipping-taxable","18":"purchasable","19":"product-type-simple"},"acf":[],"_links":{"self":[{"href":"https:\/\/www.libraria-occitana.org\/en\/wp-json\/wp\/v2\/product\/54845","targetHints":{"allow":["GET"]}}],"collection":[{"href":"https:\/\/www.libraria-occitana.org\/en\/wp-json\/wp\/v2\/product"}],"about":[{"href":"https:\/\/www.libraria-occitana.org\/en\/wp-json\/wp\/v2\/types\/product"}],"wp:featuredmedia":[{"embeddable":true,"href":"https:\/\/www.libraria-occitana.org\/en\/wp-json\/wp\/v2\/media\/54816"}],"wp:attachment":[{"href":"https:\/\/www.libraria-occitana.org\/en\/wp-json\/wp\/v2\/media?parent=54845"}],"wp:term":[{"taxonomy":"product_brand","embeddable":true,"href":"https:\/\/www.libraria-occitana.org\/en\/wp-json\/wp\/v2\/product_brand?post=54845"},{"taxonomy":"product_cat","embeddable":true,"href":"https:\/\/www.libraria-occitana.org\/en\/wp-json\/wp\/v2\/product_cat?post=54845"},{"taxonomy":"product_tag","embeddable":true,"href":"https:\/\/www.libraria-occitana.org\/en\/wp-json\/wp\/v2\/product_tag?post=54845"}],"curies":[{"name":"wp","href":"https:\/\/api.w.org\/{rel}","templated":true}]}}