{"id":54848,"date":"2021-09-20T14:10:11","date_gmt":"2021-09-20T12:10:11","guid":{"rendered":"http:\/\/www.libraria-occitana.org\/?post_type=product&#038;p=54848"},"modified":"2026-04-02T22:11:42","modified_gmt":"2026-04-02T20:11:42","slug":"a-lombra-dels-cerieisses-beles","status":"publish","type":"product","link":"https:\/\/www.libraria-occitana.org\/en\/product\/a-lombra-dels-cerieisses-beles\/","title":{"rendered":"A l&#8217;ombra dels ceri\u00e8isses b\u00e8les"},"content":{"rendered":"<p>La cerisaie de la ferme des Fontan\u00e8las, une histoire de famille, une longue histoire, racont\u00e9e un jour de printemps \u00e0 Flavian par son grand-p\u00e8re, Benedit. Un r\u00e9cit, mais surtout l\u2019occasion de lui confier le chagrin qui le tourmente depuis plusieurs ann\u00e9es : Rosan, son filleul, s\u2019enfuit \u00e0 la suite d\u2019une br\u00e8ve dispute. Les nouvelles se firent de plus en plus espac\u00e9es, et un jour, plus rien ! Flavian sera charg\u00e9 de le retrouver et de le faire revenir.<\/p>\n<p>Mais comment concilier son m\u00e9tier de reporter de guerre, qui ne lui laisse que peu de r\u00e9pit, et cette qu\u00eate incertaine ? Le d\u00e9fi est grand, mais une promesse est une promesse, m\u00eame s\u2019il lui faut voyager loin, tellement loin&#8230;<\/p>\n","protected":false},"excerpt":{"rendered":"<p>La cerisaie de la ferme des Fontan\u00e8las, une histoire de famille, une longue histoire, racont\u00e9e un jour de printemps \u00e0 Flavian par son grand-p\u00e8re, Benedit. Un r\u00e9cit, mais surtout l\u2019occasion de lui confier le chagrin qui le tourmente depuis plusieurs ann\u00e9es : Rosan, son filleul, s\u2019enfuit \u00e0 la suite d\u2019une br\u00e8ve dispute. Les nouvelles se [&hellip;]<\/p>\n","protected":false},"featured_media":54822,"template":"","meta":{"_acf_changed":false,"_genesis_hide_title":false,"_genesis_hide_breadcrumbs":false,"_genesis_hide_singular_image":false,"_genesis_hide_footer_widgets":false,"_genesis_custom_body_class":"","_genesis_custom_post_class":"","_genesis_layout":""},"product_brand":[],"product_cat":[7132,7174,7182],"product_tag":[],"class_list":{"0":"post-54848","1":"product","2":"type-product","3":"status-publish","4":"has-post-thumbnail","6":"product_cat-books","7":"product_cat-literature-en","8":"product_cat-novels-short-stories-en","9":"pa_auteur-romieu-bernadeta-en","10":"pa_editeur-ieo-fr-en","11":"pa_langue-occitan-en","12":"pa_langue-occitan-lengadocian-en","13":"entry","15":"first","16":"instock","17":"shipping-taxable","18":"purchasable","19":"product-type-simple"},"acf":[],"_links":{"self":[{"href":"https:\/\/www.libraria-occitana.org\/en\/wp-json\/wp\/v2\/product\/54848","targetHints":{"allow":["GET"]}}],"collection":[{"href":"https:\/\/www.libraria-occitana.org\/en\/wp-json\/wp\/v2\/product"}],"about":[{"href":"https:\/\/www.libraria-occitana.org\/en\/wp-json\/wp\/v2\/types\/product"}],"wp:featuredmedia":[{"embeddable":true,"href":"https:\/\/www.libraria-occitana.org\/en\/wp-json\/wp\/v2\/media\/54822"}],"wp:attachment":[{"href":"https:\/\/www.libraria-occitana.org\/en\/wp-json\/wp\/v2\/media?parent=54848"}],"wp:term":[{"taxonomy":"product_brand","embeddable":true,"href":"https:\/\/www.libraria-occitana.org\/en\/wp-json\/wp\/v2\/product_brand?post=54848"},{"taxonomy":"product_cat","embeddable":true,"href":"https:\/\/www.libraria-occitana.org\/en\/wp-json\/wp\/v2\/product_cat?post=54848"},{"taxonomy":"product_tag","embeddable":true,"href":"https:\/\/www.libraria-occitana.org\/en\/wp-json\/wp\/v2\/product_tag?post=54848"}],"curies":[{"name":"wp","href":"https:\/\/api.w.org\/{rel}","templated":true}]}}