{"id":54917,"date":"2021-09-24T12:42:58","date_gmt":"2021-09-24T10:42:58","guid":{"rendered":"http:\/\/www.libraria-occitana.org\/product\/parc-naturel-regional-de-millevaches-en-limousin-rando-a-pied-43-balades\/"},"modified":"2026-04-26T22:31:53","modified_gmt":"2026-04-26T20:31:53","slug":"parc-naturel-regional-de-millevaches-en-limousin-rando-a-pied-43-balades","status":"publish","type":"product","link":"https:\/\/www.libraria-occitana.org\/en\/product\/parc-naturel-regional-de-millevaches-en-limousin-rando-a-pied-43-balades\/","title":{"rendered":"Parc naturel r\u00e9gional de Millevaches en Limousin : Rando \u00e0 pied &#8211; 43 balades"},"content":{"rendered":"<p>Nouvelle \u00e9dition mise \u00e0 jour en partenariat avec le Parc naturel r\u00e9gional de Millevaches.<\/p>\n<p>Ce topoguide couvre l\u2019ensemble du territoire du Parc, \u00e0 cheval sur trois d\u00e9partements de la r\u00e9gion Nouvelle-Aquitaine : Corr\u00e8ze, Creuse et Haute-Vienne. Un ouvrage tr\u00e8s complet qui propose 45 circuits de petite randonn\u00e9e, enrichi de textes sur les diff\u00e9rents aspects du territoire (patrimoine b\u00e2ti et naturel, g\u00e9ologie, \u00e9conomie et agriculture\u2026) pour d\u00e9couvrir toutes les richesses des paysages et milieux naturels du limousin.<\/p>\n<p>Les + produit :<\/p>\n<ul>\n<li>Nouvelle couverture et nouvelle pr\u00e9sentation int\u00e9rieure<\/li>\n<li>Cartes sur fond IGN au 1 : 25 000 pour se rep\u00e9rer facilement<\/li>\n<li>Pr\u00e9sentation culturelle du PNR de Millevaches : histoire et traditions, milieu naturel, g\u00e9ologie\u2026<\/li>\n<li>D\u00e9tail des centres d\u2019int\u00e9r\u00eats pour chaque circuit &#8211; Renseignements pratiques et adresses<\/li>\n<\/ul>\n","protected":false},"excerpt":{"rendered":"<p>Nouvelle \u00e9dition mise \u00e0 jour en partenariat avec le Parc naturel r\u00e9gional de Millevaches. Ce topoguide couvre l\u2019ensemble du territoire du Parc, \u00e0 cheval sur trois d\u00e9partements de la r\u00e9gion Nouvelle-Aquitaine : Corr\u00e8ze, Creuse et Haute-Vienne. Un ouvrage tr\u00e8s complet qui propose 45 circuits de petite randonn\u00e9e, enrichi de textes sur les diff\u00e9rents aspects du [&hellip;]<\/p>\n","protected":false},"featured_media":54915,"template":"","meta":{"_acf_changed":false,"_genesis_hide_title":false,"_genesis_hide_breadcrumbs":false,"_genesis_hide_singular_image":false,"_genesis_hide_footer_widgets":false,"_genesis_custom_body_class":"","_genesis_custom_post_class":"","_genesis_layout":""},"product_brand":[],"product_cat":[7132,7198,7196],"product_tag":[],"class_list":{"0":"post-54917","1":"product","2":"type-product","3":"status-publish","4":"has-post-thumbnail","6":"product_cat-books","7":"product_cat-guides-tourism-en","8":"product_cat-nature-tourism-en","9":"pa_auteur-collectiu-en-2","10":"pa_editeur-chamina-edition-en","11":"pa_illustrateur-collectiu-illustrateur-en","12":"pa_langue-francais-en","13":"entry","15":"first","16":"instock","17":"shipping-taxable","18":"purchasable","19":"product-type-simple"},"acf":[],"_links":{"self":[{"href":"https:\/\/www.libraria-occitana.org\/en\/wp-json\/wp\/v2\/product\/54917","targetHints":{"allow":["GET"]}}],"collection":[{"href":"https:\/\/www.libraria-occitana.org\/en\/wp-json\/wp\/v2\/product"}],"about":[{"href":"https:\/\/www.libraria-occitana.org\/en\/wp-json\/wp\/v2\/types\/product"}],"wp:featuredmedia":[{"embeddable":true,"href":"https:\/\/www.libraria-occitana.org\/en\/wp-json\/wp\/v2\/media\/54915"}],"wp:attachment":[{"href":"https:\/\/www.libraria-occitana.org\/en\/wp-json\/wp\/v2\/media?parent=54917"}],"wp:term":[{"taxonomy":"product_brand","embeddable":true,"href":"https:\/\/www.libraria-occitana.org\/en\/wp-json\/wp\/v2\/product_brand?post=54917"},{"taxonomy":"product_cat","embeddable":true,"href":"https:\/\/www.libraria-occitana.org\/en\/wp-json\/wp\/v2\/product_cat?post=54917"},{"taxonomy":"product_tag","embeddable":true,"href":"https:\/\/www.libraria-occitana.org\/en\/wp-json\/wp\/v2\/product_tag?post=54917"}],"curies":[{"name":"wp","href":"https:\/\/api.w.org\/{rel}","templated":true}]}}