{"id":54937,"date":"2021-09-29T19:17:40","date_gmt":"2021-09-29T17:17:40","guid":{"rendered":"http:\/\/www.libraria-occitana.org\/product\/theatre-bilingue\/"},"modified":"2026-04-29T07:11:20","modified_gmt":"2026-04-29T05:11:20","slug":"theatre-bilingue","status":"publish","type":"product","link":"https:\/\/www.libraria-occitana.org\/en\/product\/theatre-bilingue\/","title":{"rendered":"Th\u00e9\u00e2tre bilingue"},"content":{"rendered":"<p>\u00ab A l&#8217;esc\u00f2la de Vasarac o de La Barta, se fasi\u00e1 totjorn lo teatre. I a totjorn ajut aquela tradicion de teatre. Ne fasqu\u00e8ri a l&#8217;esc\u00f2la, ap\u00e8i aqu\u00f2 s&#8217;arrest\u00e8t un bocin. E un jorn, monter\u00e8m una associacion, e diguer\u00e8m : &#8220;Cossi far per metre un bocin d&#8217;argent dins la caissa ?&#8221; E nos met\u00e8rem a far de teatre.<br \/>\nCommenc\u00e8rem per las pe\u00e7as de Cairon.<br \/>\nAp\u00e8i comenc\u00e8ron a far de traduccions, las trob\u00e0vem, las cambi\u00e0vem e ap\u00e8i pass\u00e8rem a l&#8217;escritura. Son de p\u00e8\u00e7as suls mesti\u00e8rs agric\u00f2ls e totjorn amb de r\u00f2tles en franc\u00e9s perqu\u00e9 lo monde comprenon pas totjorn las finessas per permetre a plan monde de comprene l&#8217;occitan e de balhar la possibilitat d&#8217;anar un bocin pus lenc. \u00bb<\/p>\n<p style=\"text-align: right;\">Jean-Claude H\u00e9bard, <em>Al canto de Moli\u00e9ras<\/em>, Conseil G\u00e9n\u00e9ral de Tarn-et-Garonne, 2012.<\/p>\n<p>15 pi\u00e8ces de th\u00e9\u00e2tre \u00e9crites par Jean-Claude H\u00e9brard, auteur tarn-et-garonnais, \u00e9dit\u00e9 pour la premi\u00e8re fois.<\/p>\n<p>Ce magnifique ouvrage de plus de 600 pages est illustr\u00e9 d\u2019un cahier photos de 16 pages, compos\u00e9 essentiellement de clich\u00e9s pris lors de la repr\u00e9sentation de ces pi\u00e8ces par Maurice Lauzely, et de dessins r\u00e9alis\u00e9s par Guillaume Lanier. Il comprend aussi un glossaire, une introduction r\u00e9dig\u00e9e par Paul Burgan ainsi que deux pr\u00e9faces \u00e9crites par Jean-Claude Sango\u00ef et Val\u00e9rie Rabault.<\/p>\n<p>Tr\u00e8s attendue par toutes celles et ceux qui ont eu le plaisir d\u2019assister aux repr\u00e9sentations de ces pi\u00e8ces par le Foyer rural de Vazerac-Labarthe, cette publication permettra \u00e0 des troupes occitanes de monter ces pi\u00e8ces, jusqu\u2019\u00e0 pr\u00e9sent difficiles \u00e0 se procurer et jamais jou\u00e9es en dehors du Tarn-et-Garonne et du Lot.<\/p>\n<p>\u00ab Il est un genre litt\u00e9raire souvent n\u00e9glig\u00e9 et qui m\u00e9rite cependant toute notre attention, car il est encore vivant et a toujours du succ\u00e8s aupr\u00e8s des occitanophones ; c\u2019est le th\u00e9\u00e2tre populaire que je qualifie de \u201crural\u201d : le cadre de l\u2019action est presque toujours un village o\u00f9 les gens parlent encore occitan, et il s\u2019adresse donc \u00e0 un public capable de comprendre cette langue.<\/p>\n<p>Parmi les auteurs contemporains, Jean-Claude H\u00e9brard tient une bonne place. \u00c0 l\u2019instar de Moli\u00e8re, il \u00e9tait \u00e0 la fois auteur, directeur de troupe, metteur en sc\u00e8ne et com\u00e9dien. Nous avons recueilli quatorze pi\u00e8ces, \u00e9crites au rythme d\u2019une par an, environ ; ainsi il pouvait pr\u00e9senter un spectacle nouveau tous les ans. Et le succ\u00e8s ne s\u2019est pas d\u00e9menti ; le public \u00e9tait au rendez-vous et le degr\u00e9 de satisfaction au plus haut. [\u2026] \u00bb<\/p>\n<p style=\"text-align: right;\">Paul Burgan<\/p>\n<p>\u00ab Il faut le reconna\u00eetre : les th\u00e8mes des pi\u00e8ces de Jean-Claude nous valorisent. Nous nous retrouvons facilement dans ces Occitans \u00e0 l\u2019accent rocailleux et ensoleill\u00e9, \u00e0 la verve in\u00e9puisable, \u00e0 l\u2019intelligence vive, \u00e0 la ruse astucieuse et au bon sens ancestral. Nous rions avec eux lorsqu\u2019appara\u00eet l\u2019\u00e9tranger \u00e0 l\u2019accent pointu parlant le fran\u00e7ais et ne comprenant pas grand-chose aux m\u0153urs locales. Cet \u00e9tranger est, tr\u00e8s souvent, un repr\u00e9sentant de l\u2019administration ou du monde politique : il est d\u00e9connect\u00e9 de la r\u00e9alit\u00e9 du terrain et emprisonn\u00e9 dans le carcan de lois et de textes \u201chors sol\u201d. Finalement, les textes de Jean-Claude r\u00e9sument des si\u00e8cles d\u2019histoire de la culture occitane en butte depuis toujours \u00e0 l\u2019administration et au politique ! \u00bb<\/p>\n<p style=\"text-align: right;\">Jean-Claude Sango\u00ef<\/p>\n<p>\u00ab Avec ses \u00e9crits, Jean-Claude H\u00e9brard a eu le don de faire aimer l\u2019occitan, m\u00eame \u00e0 celles et ceux qui ne le parlent pas, mais qui souvent le comprennent car leurs jeunes ann\u00e9es en ont \u00e9t\u00e9 baign\u00e9es. Je fais partie de ceux-l\u00e0, qui associent la langue occitane au petit paradis de mon enfance \u00e0 Montaigu-de-Quercy, aupr\u00e8s d\u2019une grand-m\u00e8re qui me parlait de temps \u00e0 autre en occitan. \u00c0 jamais, l\u2019occitan est associ\u00e9 dans ma m\u00e9moire \u00e0 cette chaleur rocailleuse, pleine de le\u00e7ons de vie, distill\u00e9es sans en avoir l\u2019air. Certains diront qu\u2019il s\u2019agit d\u2019un retour aux sources, c\u2019est plus que cela : l\u2019occitan est une langue qui porte en elle un message de vie, ce que les pi\u00e8ces de Jean-Claude H\u00e9brard expriment magnifiquement.\u201d<\/p>\n<p style=\"text-align: right;\">Val\u00e9rie Rabault<\/p>\n<p><strong>Liste des pi\u00e8ces :<\/strong><br \/>\n1. Las eleccions de Vilamada<br \/>\n2. La finala de la copa<br \/>\n3. Lo Rabotur<br \/>\n4. Una pi\u00e8tra reviscolada<br \/>\n5. La podra d\u2019escampeta<br \/>\n6. L\u2019alba roja<br \/>\n7. Una setmana de campanha<br \/>\n8. La b\u00f2rna de Salvat\u00e8rra<br \/>\n9. Lo Grifolet \u2013 Paradis<br \/>\n10. L\u2019afar de Senta Artemi\u00e1<br \/>\n11. La quina dobla<br \/>\n12. La b\u00f2rda de Guston<br \/>\n13. Lo bilhet pel parad\u00eds<br \/>\n14. L\u2019ase de picas<br \/>\n15. La sal\u00e7a de Bineta<\/p>\n","protected":false},"excerpt":{"rendered":"<p>\u00ab A l&#8217;esc\u00f2la de Vasarac o de La Barta, se fasi\u00e1 totjorn lo teatre. I a totjorn ajut aquela tradicion de teatre. Ne fasqu\u00e8ri a l&#8217;esc\u00f2la, ap\u00e8i aqu\u00f2 s&#8217;arrest\u00e8t un bocin. E un jorn, monter\u00e8m una associacion, e diguer\u00e8m : &#8220;Cossi far per metre un bocin d&#8217;argent dins la caissa ?&#8221; E nos met\u00e8rem a [&hellip;]<\/p>\n","protected":false},"featured_media":54935,"template":"","meta":{"_acf_changed":false,"_genesis_hide_title":false,"_genesis_hide_breadcrumbs":false,"_genesis_hide_singular_image":false,"_genesis_hide_footer_widgets":false,"_genesis_custom_body_class":"","_genesis_custom_post_class":"","_genesis_layout":""},"product_brand":[],"product_cat":[7132,7184,7174],"product_tag":[],"class_list":{"0":"post-54937","1":"product","2":"type-product","3":"status-publish","4":"has-post-thumbnail","6":"product_cat-books","7":"product_cat-drama-en","8":"product_cat-literature-en","9":"pa_auteur-hebrard-jean-claude-en","10":"pa_editeur-les-amis-de-jean-claude-hebrard-en","11":"pa_langue-francais-en","12":"pa_langue-occitan-en","13":"pa_langue-occitan-lengadocian-en","14":"entry","16":"first","17":"outofstock","18":"shipping-taxable","19":"purchasable","20":"product-type-simple"},"acf":[],"_links":{"self":[{"href":"https:\/\/www.libraria-occitana.org\/en\/wp-json\/wp\/v2\/product\/54937","targetHints":{"allow":["GET"]}}],"collection":[{"href":"https:\/\/www.libraria-occitana.org\/en\/wp-json\/wp\/v2\/product"}],"about":[{"href":"https:\/\/www.libraria-occitana.org\/en\/wp-json\/wp\/v2\/types\/product"}],"wp:featuredmedia":[{"embeddable":true,"href":"https:\/\/www.libraria-occitana.org\/en\/wp-json\/wp\/v2\/media\/54935"}],"wp:attachment":[{"href":"https:\/\/www.libraria-occitana.org\/en\/wp-json\/wp\/v2\/media?parent=54937"}],"wp:term":[{"taxonomy":"product_brand","embeddable":true,"href":"https:\/\/www.libraria-occitana.org\/en\/wp-json\/wp\/v2\/product_brand?post=54937"},{"taxonomy":"product_cat","embeddable":true,"href":"https:\/\/www.libraria-occitana.org\/en\/wp-json\/wp\/v2\/product_cat?post=54937"},{"taxonomy":"product_tag","embeddable":true,"href":"https:\/\/www.libraria-occitana.org\/en\/wp-json\/wp\/v2\/product_tag?post=54937"}],"curies":[{"name":"wp","href":"https:\/\/api.w.org\/{rel}","templated":true}]}}