{"id":54983,"date":"2019-09-05T13:12:25","date_gmt":"2019-09-05T11:12:25","guid":{"rendered":"http:\/\/www.libraria-occitana.org\/?post_type=product&#038;p=54983"},"modified":"2026-04-25T23:36:21","modified_gmt":"2026-04-25T21:36:21","slug":"dictionnaire-francais-occitan-gascon-l-z","status":"publish","type":"product","link":"https:\/\/www.libraria-occitana.org\/en\/product\/dictionnaire-francais-occitan-gascon-l-z\/","title":{"rendered":"Dictionnaire fran\u00e7ais-occitan (gascon) L-Z"},"content":{"rendered":"<p>Ce second volume contient environ 25 500 entr\u00e9es, vocabulaire et noms propres, il constitue la derni\u00e8re partie du grand dictionnaire lexical fran\u00e7ais\/occitan selon les parlers gascons.<\/p>\n<p>\u00c0 chaque mot fran\u00e7ais correspond un ou plusieurs mots gascons, le plus souvent accompagn\u00e9s des indispensables exemples d&#8217;utilisation et des remarques d&#8217;emploi.<\/p>\n<p>Le choix des entr\u00e9es fran\u00e7aises est assez vaste pour permettre les traductions de toute nature, des textes populaires aux plus savants.<\/p>\n<p>L&#8217;introduction du premier tome pr\u00e9cise les caract\u00e9ristiques du gascon, ainsi que les principes qui ont guid\u00e9 l&#8217;\u00e9dition.<\/p>\n<p><a href=\"http:\/\/www.libraria-occitana.org\/produit\/dictionnaire-francais-occitan-gascon-a-k\/\"><em>Dictionnaire fran\u00e7ais-occitan (gascon) A-K<\/em><\/a><\/p>\n","protected":false},"excerpt":{"rendered":"<p>Ce second volume contient environ 25 500 entr\u00e9es, vocabulaire et noms propres, il constitue la derni\u00e8re partie du grand dictionnaire lexical fran\u00e7ais\/occitan selon les parlers gascons. \u00c0 chaque mot fran\u00e7ais correspond un ou plusieurs mots gascons, le plus souvent accompagn\u00e9s des indispensables exemples d&#8217;utilisation et des remarques d&#8217;emploi. Le choix des entr\u00e9es fran\u00e7aises est assez [&hellip;]<\/p>\n","protected":false},"featured_media":54977,"template":"","meta":{"_acf_changed":false,"_genesis_hide_title":false,"_genesis_hide_breadcrumbs":false,"_genesis_hide_singular_image":false,"_genesis_hide_footer_widgets":false,"_genesis_custom_body_class":"","_genesis_custom_post_class":"","_genesis_layout":""},"product_brand":[],"product_cat":[7132,7138,7136],"product_tag":[],"class_list":{"0":"post-54983","1":"product","2":"type-product","3":"status-publish","4":"has-post-thumbnail","6":"product_cat-books","7":"product_cat-dictionaries-grammars-en","8":"product_cat-dictionaries-language-educational-en","9":"pa_auteur-grosclaude-michel-en","10":"pa_auteur-guilhemjoan-patric-en","11":"pa_auteur-narioo-gilabert-en","12":"pa_editeur-per-noste-en","13":"pa_langue-occitan-gascon-en","14":"pa_langue-occitan-francais-en","15":"entry","17":"first","18":"instock","19":"shipping-taxable","20":"purchasable","21":"product-type-simple"},"acf":[],"_links":{"self":[{"href":"https:\/\/www.libraria-occitana.org\/en\/wp-json\/wp\/v2\/product\/54983","targetHints":{"allow":["GET"]}}],"collection":[{"href":"https:\/\/www.libraria-occitana.org\/en\/wp-json\/wp\/v2\/product"}],"about":[{"href":"https:\/\/www.libraria-occitana.org\/en\/wp-json\/wp\/v2\/types\/product"}],"wp:featuredmedia":[{"embeddable":true,"href":"https:\/\/www.libraria-occitana.org\/en\/wp-json\/wp\/v2\/media\/54977"}],"wp:attachment":[{"href":"https:\/\/www.libraria-occitana.org\/en\/wp-json\/wp\/v2\/media?parent=54983"}],"wp:term":[{"taxonomy":"product_brand","embeddable":true,"href":"https:\/\/www.libraria-occitana.org\/en\/wp-json\/wp\/v2\/product_brand?post=54983"},{"taxonomy":"product_cat","embeddable":true,"href":"https:\/\/www.libraria-occitana.org\/en\/wp-json\/wp\/v2\/product_cat?post=54983"},{"taxonomy":"product_tag","embeddable":true,"href":"https:\/\/www.libraria-occitana.org\/en\/wp-json\/wp\/v2\/product_tag?post=54983"}],"curies":[{"name":"wp","href":"https:\/\/api.w.org\/{rel}","templated":true}]}}