{"id":54989,"date":"2021-10-05T13:31:27","date_gmt":"2021-10-05T11:31:27","guid":{"rendered":"http:\/\/www.libraria-occitana.org\/product\/la-manofla\/"},"modified":"2026-04-29T10:50:27","modified_gmt":"2026-04-29T08:50:27","slug":"la-manofla","status":"publish","type":"product","link":"https:\/\/www.libraria-occitana.org\/en\/product\/la-manofla\/","title":{"rendered":"La manofla"},"content":{"rendered":"<p>C\u2019est l\u2019histoire d\u2019une moufle rouge d\u00e9pos\u00e9e par le vent sur la neige du chemin.<br \/>\nSouris vient \u00e0 passer par l\u00e0.<br \/>\n\u2013 Quelle aubaine ! Une maison de laine !<br \/>\nIl y a quelqu\u2019un ?<\/p>\n<p>Un conte d\u2019origine russe.<\/p>\n","protected":false},"excerpt":{"rendered":"<p>C\u2019est l\u2019histoire d\u2019une moufle rouge d\u00e9pos\u00e9e par le vent sur la neige du chemin. Souris vient \u00e0 passer par l\u00e0. \u2013 Quelle aubaine ! Une maison de laine ! Il y a quelqu\u2019un ? Un conte d\u2019origine russe.<\/p>\n","protected":false},"featured_media":54987,"template":"","meta":{"_acf_changed":false,"_genesis_hide_title":false,"_genesis_hide_breadcrumbs":false,"_genesis_hide_singular_image":false,"_genesis_hide_footer_widgets":false,"_genesis_custom_body_class":"","_genesis_custom_post_class":"","_genesis_layout":""},"product_brand":[],"product_cat":[7132,7170,7164],"product_tag":[],"class_list":{"0":"post-54989","1":"product","2":"type-product","3":"status-publish","4":"has-post-thumbnail","6":"product_cat-books","7":"product_cat-juvenile-en","8":"product_cat-juvenile-and-teen-comics-humour-en","9":"pa_auteur-desnouveaux-florence-en","10":"pa_auteur-hudrisier-cecile-en","11":"pa_editeur-per-noste-en","12":"pa_illustrateur-labandes-claudia-en","13":"pa_langue-occitan-en","14":"pa_langue-occitan-gascon-en","15":"entry","17":"first","18":"instock","19":"shipping-taxable","20":"purchasable","21":"product-type-simple"},"acf":[],"_links":{"self":[{"href":"https:\/\/www.libraria-occitana.org\/en\/wp-json\/wp\/v2\/product\/54989","targetHints":{"allow":["GET"]}}],"collection":[{"href":"https:\/\/www.libraria-occitana.org\/en\/wp-json\/wp\/v2\/product"}],"about":[{"href":"https:\/\/www.libraria-occitana.org\/en\/wp-json\/wp\/v2\/types\/product"}],"wp:featuredmedia":[{"embeddable":true,"href":"https:\/\/www.libraria-occitana.org\/en\/wp-json\/wp\/v2\/media\/54987"}],"wp:attachment":[{"href":"https:\/\/www.libraria-occitana.org\/en\/wp-json\/wp\/v2\/media?parent=54989"}],"wp:term":[{"taxonomy":"product_brand","embeddable":true,"href":"https:\/\/www.libraria-occitana.org\/en\/wp-json\/wp\/v2\/product_brand?post=54989"},{"taxonomy":"product_cat","embeddable":true,"href":"https:\/\/www.libraria-occitana.org\/en\/wp-json\/wp\/v2\/product_cat?post=54989"},{"taxonomy":"product_tag","embeddable":true,"href":"https:\/\/www.libraria-occitana.org\/en\/wp-json\/wp\/v2\/product_tag?post=54989"}],"curies":[{"name":"wp","href":"https:\/\/api.w.org\/{rel}","templated":true}]}}