{"id":55002,"date":"2005-10-07T18:17:22","date_gmt":"2005-10-07T16:17:22","guid":{"rendered":"http:\/\/www.libraria-occitana.org\/product\/les-plus-grands-troubadours\/"},"modified":"2024-07-05T00:36:17","modified_gmt":"2024-07-04T22:36:17","slug":"les-plus-grands-troubadours","status":"publish","type":"product","link":"https:\/\/www.libraria-occitana.org\/en\/product\/les-plus-grands-troubadours\/","title":{"rendered":"Les plus grands troubadours"},"content":{"rendered":"<p>Les troubadours ont exerc\u00e9 une vraie fascination, non seulement chez les jeunes nobles, mais chez tous ceux qui voulaient s&#8217;\u00e9lever dans la hi\u00e9rarchie sociale tout en ayant le go\u00fbt de la f\u00eate, des rencontres, du voyage et de l&#8217;amour.<\/p>\n<p>Il y avait l\u00e0 aussi l&#8217;envie de vivre dans un monde meilleur, plus juste et la femme a servi de catalyseur \u00e0 cette esp\u00e9rance. C&#8217;est autour d&#8217;elle que se sont model\u00e9es des id\u00e9es de partage, de reconnaissance de la valeur, des r\u00e8gles du bien vivre.\u00a0L&#8217;Occitanie m\u00e9di\u00e9vale a donn\u00e9 ici le meilleur d&#8217;elle-m\u00eame.<\/p>\n","protected":false},"excerpt":{"rendered":"<p>Les troubadours ont exerc\u00e9 une vraie fascination, non seulement chez les jeunes nobles, mais chez tous ceux qui voulaient s&#8217;\u00e9lever dans la hi\u00e9rarchie sociale tout en ayant le go\u00fbt de la f\u00eate, des rencontres, du voyage et de l&#8217;amour. Il y avait l\u00e0 aussi l&#8217;envie de vivre dans un monde meilleur, plus juste et la [&hellip;]<\/p>\n","protected":false},"featured_media":55000,"template":"","meta":{"_acf_changed":false,"_genesis_hide_title":false,"_genesis_hide_breadcrumbs":false,"_genesis_hide_singular_image":false,"_genesis_hide_footer_widgets":false,"_genesis_custom_body_class":"","_genesis_custom_post_class":"","_genesis_layout":""},"product_brand":[],"product_cat":[7188,7132,7174],"product_tag":[],"class_list":{"0":"post-55002","1":"product","2":"type-product","3":"status-publish","4":"has-post-thumbnail","6":"product_cat-arts-studies-en","7":"product_cat-books","8":"product_cat-literature-en","9":"pa_auteur-cosem-michel-en","10":"pa_editeur-cairn-en","11":"pa_langue-francais-en","12":"entry","14":"first","15":"outofstock","16":"shipping-taxable","17":"purchasable","18":"product-type-simple"},"acf":[],"_links":{"self":[{"href":"https:\/\/www.libraria-occitana.org\/en\/wp-json\/wp\/v2\/product\/55002","targetHints":{"allow":["GET"]}}],"collection":[{"href":"https:\/\/www.libraria-occitana.org\/en\/wp-json\/wp\/v2\/product"}],"about":[{"href":"https:\/\/www.libraria-occitana.org\/en\/wp-json\/wp\/v2\/types\/product"}],"wp:featuredmedia":[{"embeddable":true,"href":"https:\/\/www.libraria-occitana.org\/en\/wp-json\/wp\/v2\/media\/55000"}],"wp:attachment":[{"href":"https:\/\/www.libraria-occitana.org\/en\/wp-json\/wp\/v2\/media?parent=55002"}],"wp:term":[{"taxonomy":"product_brand","embeddable":true,"href":"https:\/\/www.libraria-occitana.org\/en\/wp-json\/wp\/v2\/product_brand?post=55002"},{"taxonomy":"product_cat","embeddable":true,"href":"https:\/\/www.libraria-occitana.org\/en\/wp-json\/wp\/v2\/product_cat?post=55002"},{"taxonomy":"product_tag","embeddable":true,"href":"https:\/\/www.libraria-occitana.org\/en\/wp-json\/wp\/v2\/product_tag?post=55002"}],"curies":[{"name":"wp","href":"https:\/\/api.w.org\/{rel}","templated":true}]}}